{"id":5271,"date":"2022-05-25T16:32:53","date_gmt":"2022-05-25T19:32:53","guid":{"rendered":"https:\/\/secondskin.uy\/ozonify\/?post_type=product&#038;p=5271"},"modified":"2025-08-03T19:53:10","modified_gmt":"2025-08-03T22:53:10","slug":"pulido-ceramico-diamond-en-pintura-y-sellado-en-vidrios","status":"publish","type":"product","link":"https:\/\/secondskin.uy\/ozonify\/producto\/pulido-ceramico-diamond-en-pintura-y-sellado-en-vidrios\/","title":{"rendered":"PULIDO PROFESIONAL+ NANO CER\u00c1MICO S2 PINTURA Y SELLADO EN VIDRIOS"},"content":{"rendered":"<p><iframe title=\"YouTube video player\" src=\"https:\/\/www.youtube.com\/embed\/18bJhNv_O0A\" width=\"503\" height=\"377\" frameborder=\"0\" allowfullscreen=\"allowfullscreen\"><\/iframe><\/p>\n","protected":false},"excerpt":{"rendered":"<p>Luego de pulir la pintura con maquina corrigiendo micro rayas, imperfecciones generadas por el sol y paso del tiempo y optimizando el brillo a su maxima expresion posible, S2 Pintura sella los poros durante varios a\u00f1os y la protege volviendola impermeable a las particulas extra\u00f1as.<\/p>\n<p>El auto se va a ensuciar mucho menos y cuando lo haga, la suciedad se podra lavar con un poco de agua simplemente y un pa\u00f1o preferentemente de microfibra. No usar detergentes alcalinos.<\/p>\n<p>SecondSkin filtra los rayos UV protegiendola de la radiacion solar y de la decoloracion prematura, retrasando este efecto varios a\u00f1os.<\/p>\n<p>Ya no sera necesario encerar la pintura en ningun momento mientras dure la nano proteccion.<\/p>\n<p>Esta aplicacion la hacemos en nuestra casa central, Avenida Italia 6381 a dos cuadras de Portones Shopping, Montevideo.<\/p>\n","protected":false},"featured_media":5272,"comment_status":"open","ping_status":"closed","template":"","meta":{"_joinchat":[]},"product_brand":[],"product_cat":[63,22,98,32,64,71],"product_tag":[],"class_list":{"0":"post-5271","1":"product","2":"type-product","3":"status-publish","4":"has-post-thumbnail","6":"product_cat-autos-y-nautica","7":"product_cat-cars","8":"product_cat-pulido-profesional-ceramico-nano-tecnologico-nano-vidrios-auto-sedan","9":"product_cat-servicios","10":"product_cat-servicios-autos-nautica","11":"product_cat-tratamientos-ceramicos","12":"description-off","14":"first","15":"instock","16":"sale","17":"virtual","18":"purchasable","19":"product-type-simple"},"yoast_head":"<!-- This site is optimized with the Yoast SEO plugin v27.4 - https:\/\/yoast.com\/product\/yoast-seo-wordpress\/ -->\n<title>PULIDO PROFESIONAL+ NANO CER\u00c1MICO S2 PINTURA Y SELLADO EN VIDRIOS | Comprar en Ozonify Uruguay - Ozonify<\/title>\n<meta name=\"description\" content=\"Compra PULIDO PROFESIONAL+ NANO CER\u00c1MICO S2 PINTURA Y SELLADO EN VIDRIOS con env\u00edo seguro en Uruguay. Innovaci\u00f3n en limpieza con ozono.\" \/>\n<meta name=\"robots\" content=\"noindex, nofollow\" \/>\n<meta property=\"og:locale\" content=\"es_ES\" \/>\n<meta property=\"og:type\" content=\"article\" \/>\n<meta property=\"og:title\" content=\"PULIDO PROFESIONAL+ NANO CER\u00c1MICO S2 PINTURA Y SELLADO EN VIDRIOS | Comprar en Ozonify Uruguay - Ozonify\" \/>\n<meta property=\"og:description\" content=\"Compra PULIDO PROFESIONAL+ NANO CER\u00c1MICO S2 PINTURA Y SELLADO EN VIDRIOS con env\u00edo seguro en Uruguay. Innovaci\u00f3n en limpieza con ozono.\" \/>\n<meta property=\"og:url\" content=\"https:\/\/secondskin.uy\/ozonify\/producto\/pulido-ceramico-diamond-en-pintura-y-sellado-en-vidrios\/\" \/>\n<meta property=\"og:site_name\" content=\"Ozonify\" \/>\n<meta property=\"article:publisher\" content=\"https:\/\/www.facebook.com\/Ozonifyhome\/\" \/>\n<meta property=\"article:modified_time\" content=\"2025-08-03T22:53:10+00:00\" \/>\n<meta property=\"og:image\" content=\"https:\/\/secondskin.uy\/ozonify\/wp-content\/uploads\/2022\/05\/image0-2.jpeg\" \/>\n\t<meta property=\"og:image:width\" content=\"2048\" \/>\n\t<meta property=\"og:image:height\" content=\"1536\" \/>\n\t<meta property=\"og:image:type\" content=\"image\/jpeg\" \/>\n<meta name=\"twitter:card\" content=\"summary_large_image\" \/>\n<meta name=\"twitter:label1\" content=\"Tiempo de lectura\" \/>\n\t<meta name=\"twitter:data1\" content=\"1 minuto\" \/>\n<!-- \/ Yoast SEO plugin. -->","yoast_head_json":{"title":"PULIDO PROFESIONAL+ NANO CER\u00c1MICO S2 PINTURA Y SELLADO EN VIDRIOS | Comprar en Ozonify Uruguay - Ozonify","description":"Compra PULIDO PROFESIONAL+ NANO CER\u00c1MICO S2 PINTURA Y SELLADO EN VIDRIOS con env\u00edo seguro en Uruguay. Innovaci\u00f3n en limpieza con ozono.","robots":{"index":"noindex","follow":"nofollow"},"og_locale":"es_ES","og_type":"article","og_title":"PULIDO PROFESIONAL+ NANO CER\u00c1MICO S2 PINTURA Y SELLADO EN VIDRIOS | Comprar en Ozonify Uruguay - Ozonify","og_description":"Compra PULIDO PROFESIONAL+ NANO CER\u00c1MICO S2 PINTURA Y SELLADO EN VIDRIOS con env\u00edo seguro en Uruguay. Innovaci\u00f3n en limpieza con ozono.","og_url":"https:\/\/secondskin.uy\/ozonify\/producto\/pulido-ceramico-diamond-en-pintura-y-sellado-en-vidrios\/","og_site_name":"Ozonify","article_publisher":"https:\/\/www.facebook.com\/Ozonifyhome\/","article_modified_time":"2025-08-03T22:53:10+00:00","og_image":[{"width":2048,"height":1536,"url":"https:\/\/secondskin.uy\/ozonify\/wp-content\/uploads\/2022\/05\/image0-2.jpeg","type":"image\/jpeg"}],"twitter_card":"summary_large_image","twitter_misc":{"Tiempo de lectura":"1 minuto"},"schema":{"@context":"https:\/\/schema.org","@graph":[{"@type":"WebPage","@id":"https:\/\/secondskin.uy\/ozonify\/producto\/pulido-ceramico-diamond-en-pintura-y-sellado-en-vidrios\/","url":"https:\/\/secondskin.uy\/ozonify\/producto\/pulido-ceramico-diamond-en-pintura-y-sellado-en-vidrios\/","name":"PULIDO PROFESIONAL+ NANO CER\u00c1MICO S2 PINTURA Y SELLADO EN VIDRIOS | Comprar en Ozonify Uruguay - Ozonify","isPartOf":{"@id":"https:\/\/secondskin.uy\/ozonify\/#website"},"primaryImageOfPage":{"@id":"https:\/\/secondskin.uy\/ozonify\/producto\/pulido-ceramico-diamond-en-pintura-y-sellado-en-vidrios\/#primaryimage"},"image":{"@id":"https:\/\/secondskin.uy\/ozonify\/producto\/pulido-ceramico-diamond-en-pintura-y-sellado-en-vidrios\/#primaryimage"},"thumbnailUrl":"https:\/\/secondskin.uy\/ozonify\/wp-content\/uploads\/2022\/05\/image0-2.jpeg","datePublished":"2022-05-25T19:32:53+00:00","dateModified":"2025-08-03T22:53:10+00:00","description":"Compra PULIDO PROFESIONAL+ NANO CER\u00c1MICO S2 PINTURA Y SELLADO EN VIDRIOS con env\u00edo seguro en Uruguay. Innovaci\u00f3n en limpieza con ozono.","breadcrumb":{"@id":"https:\/\/secondskin.uy\/ozonify\/producto\/pulido-ceramico-diamond-en-pintura-y-sellado-en-vidrios\/#breadcrumb"},"inLanguage":"es","potentialAction":[{"@type":"ReadAction","target":["https:\/\/secondskin.uy\/ozonify\/producto\/pulido-ceramico-diamond-en-pintura-y-sellado-en-vidrios\/"]}]},{"@type":"ImageObject","inLanguage":"es","@id":"https:\/\/secondskin.uy\/ozonify\/producto\/pulido-ceramico-diamond-en-pintura-y-sellado-en-vidrios\/#primaryimage","url":"https:\/\/secondskin.uy\/ozonify\/wp-content\/uploads\/2022\/05\/image0-2.jpeg","contentUrl":"https:\/\/secondskin.uy\/ozonify\/wp-content\/uploads\/2022\/05\/image0-2.jpeg","width":2048,"height":1536},{"@type":"BreadcrumbList","@id":"https:\/\/secondskin.uy\/ozonify\/producto\/pulido-ceramico-diamond-en-pintura-y-sellado-en-vidrios\/#breadcrumb","itemListElement":[{"@type":"ListItem","position":1,"name":"Inicio","item":"https:\/\/secondskin.uy\/ozonify\/"},{"@type":"ListItem","position":2,"name":"Tienda","item":"https:\/\/secondskin.uy\/ozonify\/tienda\/"},{"@type":"ListItem","position":3,"name":"Cars","item":"https:\/\/secondskin.uy\/ozonify\/categoria-producto\/cars\/"},{"@type":"ListItem","position":4,"name":"PULIDO PROFESIONAL+ NANO CER\u00c1MICO S2 PINTURA Y SELLADO EN VIDRIOS"}]},{"@type":"WebSite","@id":"https:\/\/secondskin.uy\/ozonify\/#website","url":"https:\/\/secondskin.uy\/ozonify\/","name":"Ozonify Uruguay","description":"Generador de agua ozonizada Ozonify","publisher":{"@id":"https:\/\/secondskin.uy\/ozonify\/#organization"},"alternateName":"Ozonify","potentialAction":[{"@type":"SearchAction","target":{"@type":"EntryPoint","urlTemplate":"https:\/\/secondskin.uy\/ozonify\/?s={search_term_string}"},"query-input":{"@type":"PropertyValueSpecification","valueRequired":true,"valueName":"search_term_string"}}],"inLanguage":"es"},{"@type":"Organization","@id":"https:\/\/secondskin.uy\/ozonify\/#organization","name":"Ozonify Uruguay","alternateName":"Ozonify","url":"https:\/\/secondskin.uy\/ozonify\/","logo":{"@type":"ImageObject","inLanguage":"es","@id":"https:\/\/secondskin.uy\/ozonify\/#\/schema\/logo\/image\/","url":"https:\/\/secondskin.uy\/ozonify\/wp-content\/uploads\/2021\/02\/LO-O-1.png","contentUrl":"https:\/\/secondskin.uy\/ozonify\/wp-content\/uploads\/2021\/02\/LO-O-1.png","width":1061,"height":628,"caption":"Ozonify Uruguay"},"image":{"@id":"https:\/\/secondskin.uy\/ozonify\/#\/schema\/logo\/image\/"},"sameAs":["https:\/\/www.facebook.com\/Ozonifyhome\/","https:\/\/www.instagram.com\/ozonifyhome\/","https:\/\/www.youtube.com\/@ozonifyhome"]}]}},"_links":{"self":[{"href":"https:\/\/secondskin.uy\/ozonify\/wp-json\/wp\/v2\/product\/5271","targetHints":{"allow":["GET"]}}],"collection":[{"href":"https:\/\/secondskin.uy\/ozonify\/wp-json\/wp\/v2\/product"}],"about":[{"href":"https:\/\/secondskin.uy\/ozonify\/wp-json\/wp\/v2\/types\/product"}],"replies":[{"embeddable":true,"href":"https:\/\/secondskin.uy\/ozonify\/wp-json\/wp\/v2\/comments?post=5271"}],"wp:featuredmedia":[{"embeddable":true,"href":"https:\/\/secondskin.uy\/ozonify\/wp-json\/wp\/v2\/media\/5272"}],"wp:attachment":[{"href":"https:\/\/secondskin.uy\/ozonify\/wp-json\/wp\/v2\/media?parent=5271"}],"wp:term":[{"taxonomy":"product_brand","embeddable":true,"href":"https:\/\/secondskin.uy\/ozonify\/wp-json\/wp\/v2\/product_brand?post=5271"},{"taxonomy":"product_cat","embeddable":true,"href":"https:\/\/secondskin.uy\/ozonify\/wp-json\/wp\/v2\/product_cat?post=5271"},{"taxonomy":"product_tag","embeddable":true,"href":"https:\/\/secondskin.uy\/ozonify\/wp-json\/wp\/v2\/product_tag?post=5271"}],"curies":[{"name":"wp","href":"https:\/\/api.w.org\/{rel}","templated":true}]}}