{"id":4903,"date":"2022-02-14T11:21:42","date_gmt":"2022-02-14T14:21:42","guid":{"rendered":"https:\/\/secondskin.uy\/ozonify\/?post_type=product&#038;p=4903"},"modified":"2025-08-03T20:07:23","modified_gmt":"2025-08-03T23:07:23","slug":"pack-familiar-sanitizante-para-manos-24-horas-proteccion-constante","status":"publish","type":"product","link":"https:\/\/secondskin.uy\/ozonify\/producto\/pack-familiar-sanitizante-para-manos-24-horas-proteccion-constante\/","title":{"rendered":"PACK FAMILIAR &#8211; SANITIZANTE PARA MANOS, 24 HORAS PROTECCION CONSTANTE"},"content":{"rendered":"<p>Una sola aplicaci\u00f3n al d\u00eda es suficiente para tener las manos protegidas durante 24 horas de virus y bacterias constantemente. Ya podes tener tu guardi\u00e1n personal de tiempo completo. Bienvenido al mundo de la innovaci\u00f3n y de la nanotecnolog\u00eda.<\/p>\n<p style=\"text-align: center;\"><span style=\"font-size: 14pt;\"><strong>\u00a1Bienvenido a SecondSkin!<\/strong><\/span><\/p>\n<p><iframe title=\"YouTube video player\" src=\"https:\/\/www.youtube.com\/embed\/8UyH-9NyQ1U?rel=0\" width=\"853\" height=\"480\" frameborder=\"0\" allowfullscreen=\"allowfullscreen\"><span data-mce-type=\"bookmark\" style=\"display: inline-block; width: 0px; overflow: hidden; line-height: 0;\" class=\"mce_SELRES_start\">\ufeff<\/span><span data-mce-type=\"bookmark\" style=\"display: inline-block; width: 0px; overflow: hidden; line-height: 0;\" class=\"mce_SELRES_start\">\ufeff<\/span><\/iframe><br \/>\n<iframe title=\"YouTube video player\" src=\"https:\/\/www.youtube.com\/embed\/WfOPXRbzsDM?rel=0\" width=\"853\" height=\"480\" frameborder=\"0\" allowfullscreen=\"allowfullscreen\"><\/iframe><\/p>\n","protected":false},"excerpt":{"rendered":"<p style=\"text-align: center;\"><span style=\"font-size: 18pt;\"><strong>\u00a0-Aprovecha esta Super Oferta &#8211; 1 Sanitizante de 50ml + 1 Sanitizante de 250ml (360 usos) &#8211;<\/strong><\/span><\/p>\n<p style=\"text-align: center;\"><span style=\"font-size: 18pt;\"><strong>FLETE GRATIS a todo el pa\u00eds.<\/strong><\/span><\/p>\n<p>&nbsp;<\/p>\n<p><span style=\"font-size: 14pt;\">\u00a1Se trata de un verdadero guardi\u00e1n de tiempo completo, constante\u00a0 y\u00a0 persistente durante 24 HORAS!<\/span><\/p>\n<p><strong>Una aplicaci\u00f3n al d\u00eda es suficiente para bioproteger la piel eliminando virus y bacterias constantemente durante 24 horas. Resiste hasta 10 lavados de manos con agua y jab\u00f3n.<\/strong><\/p>\n<p>El Sanitizante para Manos de SecondSkin es lo \u00faltimo en nanotecnolog\u00eda, 0% alcohol, de base agua, no es inflamable, no irrita la piel sino que la humecta y es hipo alerg\u00e9nico.<\/p>\n<p>&nbsp;<\/p>\n<p><span style=\"font-size: 18pt;\"><strong>\u00bfComo act\u00faa nuestra nanotecnolog\u00eda?<\/strong><\/span><\/p>\n<p>Eliminamos virus y bacterias de forma f\u00edsica, no qu\u012bmica. Por esto podemos decir que actuamos de forma natural, ecol\u00f3gica, sin residuos t\u00f3xicos, sin generar alergias y de acci\u00f3n instantanea y duradera.<\/p>\n<p>SecondSkin funciona protegiendo la piel con una superficie de puntas moleculares de carga i\u00f3nica positiva, invisibles al ojo humano e imperceptibles al tacto por su escala nanom\u00e9trica.<\/p>\n<p>Esta protecci\u00f3n se adhiere a la piel mediante un enlace covalente que atrae y elimina virus y bacterias cargados por naturaleza negativamente. Cuando los pat\u00f3genos tocan la superficie, perforamos su membrana celular destruy\u00e9ndose al instante, Esta velocidad de eliminaci\u00f3n detiene la posibilidad de recontagio.<\/p>\n<p>Esta tecnolog\u00eda es eficaz en el *99,9999% de virus y bacterias testado a los 10 minutos y **99,9% testado a las 24 horas.<\/p>\n<p><span style=\"font-size: 8pt;\">Estudios disponibles:<\/span><\/p>\n<p><span style=\"font-size: 8pt;\">*\u00a0 \u00a0Laboratorio Beltran Zunino, Montevideo \u2013 Uruguay<\/span><\/p>\n<p><span style=\"font-size: 8pt;\">** Laboratorio Bado, Buenos Aires \u2013 Argentina<\/span><\/p>\n<p>&nbsp;<\/p>\n<p>Aprobado por MSP en Uruguay, ANVISA en Brasil y SEREMI en Chile.<\/p>\n","protected":false},"featured_media":4904,"comment_status":"open","ping_status":"closed","template":"","meta":{"_joinchat":[]},"product_brand":[],"product_cat":[49,50],"product_tag":[],"class_list":{"0":"post-4903","1":"product","2":"type-product","3":"status-publish","4":"has-post-thumbnail","6":"product_cat-bio-seguridad","7":"product_cat-productos-bio-seguridad","8":"product_shipping_class-combo-sanitizante","9":"description-off","11":"first","12":"instock","13":"shipping-taxable","14":"purchasable","15":"product-type-simple"},"yoast_head":"<!-- This site is optimized with the Yoast SEO plugin v27.4 - https:\/\/yoast.com\/product\/yoast-seo-wordpress\/ -->\n<title>PACK FAMILIAR - SANITIZANTE PARA MANOS, 24 HORAS PROTECCION CONSTANTE | Comprar en Ozonify Uruguay - Ozonify<\/title>\n<meta name=\"description\" content=\"Compra PACK FAMILIAR - SANITIZANTE PARA MANOS, 24 HORAS PROTECCION CONSTANTE con env\u00edo seguro en Uruguay. Innovaci\u00f3n en limpieza con ozono.\" \/>\n<meta name=\"robots\" content=\"noindex, nofollow\" \/>\n<meta property=\"og:locale\" content=\"es_ES\" \/>\n<meta property=\"og:type\" content=\"article\" \/>\n<meta property=\"og:title\" content=\"PACK FAMILIAR - SANITIZANTE PARA MANOS, 24 HORAS PROTECCION CONSTANTE | Comprar en Ozonify Uruguay - Ozonify\" \/>\n<meta property=\"og:description\" content=\"Compra PACK FAMILIAR - SANITIZANTE PARA MANOS, 24 HORAS PROTECCION CONSTANTE con env\u00edo seguro en Uruguay. Innovaci\u00f3n en limpieza con ozono.\" \/>\n<meta property=\"og:url\" content=\"https:\/\/secondskin.uy\/ozonify\/producto\/pack-familiar-sanitizante-para-manos-24-horas-proteccion-constante\/\" \/>\n<meta property=\"og:site_name\" content=\"Ozonify\" \/>\n<meta property=\"article:publisher\" content=\"https:\/\/www.facebook.com\/Ozonifyhome\/\" \/>\n<meta property=\"article:modified_time\" content=\"2025-08-03T23:07:23+00:00\" \/>\n<meta property=\"og:image\" content=\"https:\/\/secondskin.uy\/ozonify\/wp-content\/uploads\/2022\/02\/IMG_9983-scaled.jpg\" \/>\n\t<meta property=\"og:image:width\" content=\"1920\" \/>\n\t<meta property=\"og:image:height\" content=\"2560\" \/>\n\t<meta property=\"og:image:type\" content=\"image\/jpeg\" \/>\n<meta name=\"twitter:card\" content=\"summary_large_image\" \/>\n<meta name=\"twitter:label1\" content=\"Tiempo de lectura\" \/>\n\t<meta name=\"twitter:data1\" content=\"1 minuto\" \/>\n<!-- \/ Yoast SEO plugin. -->","yoast_head_json":{"title":"PACK FAMILIAR - SANITIZANTE PARA MANOS, 24 HORAS PROTECCION CONSTANTE | Comprar en Ozonify Uruguay - Ozonify","description":"Compra PACK FAMILIAR - SANITIZANTE PARA MANOS, 24 HORAS PROTECCION CONSTANTE con env\u00edo seguro en Uruguay. Innovaci\u00f3n en limpieza con ozono.","robots":{"index":"noindex","follow":"nofollow"},"og_locale":"es_ES","og_type":"article","og_title":"PACK FAMILIAR - SANITIZANTE PARA MANOS, 24 HORAS PROTECCION CONSTANTE | Comprar en Ozonify Uruguay - Ozonify","og_description":"Compra PACK FAMILIAR - SANITIZANTE PARA MANOS, 24 HORAS PROTECCION CONSTANTE con env\u00edo seguro en Uruguay. Innovaci\u00f3n en limpieza con ozono.","og_url":"https:\/\/secondskin.uy\/ozonify\/producto\/pack-familiar-sanitizante-para-manos-24-horas-proteccion-constante\/","og_site_name":"Ozonify","article_publisher":"https:\/\/www.facebook.com\/Ozonifyhome\/","article_modified_time":"2025-08-03T23:07:23+00:00","og_image":[{"width":1920,"height":2560,"url":"https:\/\/secondskin.uy\/ozonify\/wp-content\/uploads\/2022\/02\/IMG_9983-scaled.jpg","type":"image\/jpeg"}],"twitter_card":"summary_large_image","twitter_misc":{"Tiempo de lectura":"1 minuto"},"schema":{"@context":"https:\/\/schema.org","@graph":[{"@type":"WebPage","@id":"https:\/\/secondskin.uy\/ozonify\/producto\/pack-familiar-sanitizante-para-manos-24-horas-proteccion-constante\/","url":"https:\/\/secondskin.uy\/ozonify\/producto\/pack-familiar-sanitizante-para-manos-24-horas-proteccion-constante\/","name":"PACK FAMILIAR - SANITIZANTE PARA MANOS, 24 HORAS PROTECCION CONSTANTE | Comprar en Ozonify Uruguay - Ozonify","isPartOf":{"@id":"https:\/\/secondskin.uy\/ozonify\/#website"},"primaryImageOfPage":{"@id":"https:\/\/secondskin.uy\/ozonify\/producto\/pack-familiar-sanitizante-para-manos-24-horas-proteccion-constante\/#primaryimage"},"image":{"@id":"https:\/\/secondskin.uy\/ozonify\/producto\/pack-familiar-sanitizante-para-manos-24-horas-proteccion-constante\/#primaryimage"},"thumbnailUrl":"https:\/\/secondskin.uy\/ozonify\/wp-content\/uploads\/2022\/02\/IMG_9983-scaled.jpg","datePublished":"2022-02-14T14:21:42+00:00","dateModified":"2025-08-03T23:07:23+00:00","description":"Compra PACK FAMILIAR - SANITIZANTE PARA MANOS, 24 HORAS PROTECCION CONSTANTE con env\u00edo seguro en Uruguay. Innovaci\u00f3n en limpieza con ozono.","breadcrumb":{"@id":"https:\/\/secondskin.uy\/ozonify\/producto\/pack-familiar-sanitizante-para-manos-24-horas-proteccion-constante\/#breadcrumb"},"inLanguage":"es","potentialAction":[{"@type":"ReadAction","target":["https:\/\/secondskin.uy\/ozonify\/producto\/pack-familiar-sanitizante-para-manos-24-horas-proteccion-constante\/"]}]},{"@type":"ImageObject","inLanguage":"es","@id":"https:\/\/secondskin.uy\/ozonify\/producto\/pack-familiar-sanitizante-para-manos-24-horas-proteccion-constante\/#primaryimage","url":"https:\/\/secondskin.uy\/ozonify\/wp-content\/uploads\/2022\/02\/IMG_9983-scaled.jpg","contentUrl":"https:\/\/secondskin.uy\/ozonify\/wp-content\/uploads\/2022\/02\/IMG_9983-scaled.jpg","width":1920,"height":2560},{"@type":"BreadcrumbList","@id":"https:\/\/secondskin.uy\/ozonify\/producto\/pack-familiar-sanitizante-para-manos-24-horas-proteccion-constante\/#breadcrumb","itemListElement":[{"@type":"ListItem","position":1,"name":"Inicio","item":"https:\/\/secondskin.uy\/ozonify\/"},{"@type":"ListItem","position":2,"name":"Tienda","item":"https:\/\/secondskin.uy\/ozonify\/tienda\/"},{"@type":"ListItem","position":3,"name":"Bio Seguridad","item":"https:\/\/secondskin.uy\/ozonify\/categoria-producto\/bio-seguridad\/"},{"@type":"ListItem","position":4,"name":"PACK FAMILIAR &#8211; SANITIZANTE PARA MANOS, 24 HORAS PROTECCION CONSTANTE"}]},{"@type":"WebSite","@id":"https:\/\/secondskin.uy\/ozonify\/#website","url":"https:\/\/secondskin.uy\/ozonify\/","name":"Ozonify Uruguay","description":"Generador de agua ozonizada Ozonify","publisher":{"@id":"https:\/\/secondskin.uy\/ozonify\/#organization"},"alternateName":"Ozonify","potentialAction":[{"@type":"SearchAction","target":{"@type":"EntryPoint","urlTemplate":"https:\/\/secondskin.uy\/ozonify\/?s={search_term_string}"},"query-input":{"@type":"PropertyValueSpecification","valueRequired":true,"valueName":"search_term_string"}}],"inLanguage":"es"},{"@type":"Organization","@id":"https:\/\/secondskin.uy\/ozonify\/#organization","name":"Ozonify Uruguay","alternateName":"Ozonify","url":"https:\/\/secondskin.uy\/ozonify\/","logo":{"@type":"ImageObject","inLanguage":"es","@id":"https:\/\/secondskin.uy\/ozonify\/#\/schema\/logo\/image\/","url":"https:\/\/secondskin.uy\/ozonify\/wp-content\/uploads\/2021\/02\/LO-O-1.png","contentUrl":"https:\/\/secondskin.uy\/ozonify\/wp-content\/uploads\/2021\/02\/LO-O-1.png","width":1061,"height":628,"caption":"Ozonify Uruguay"},"image":{"@id":"https:\/\/secondskin.uy\/ozonify\/#\/schema\/logo\/image\/"},"sameAs":["https:\/\/www.facebook.com\/Ozonifyhome\/","https:\/\/www.instagram.com\/ozonifyhome\/","https:\/\/www.youtube.com\/@ozonifyhome"]}]}},"_links":{"self":[{"href":"https:\/\/secondskin.uy\/ozonify\/wp-json\/wp\/v2\/product\/4903","targetHints":{"allow":["GET"]}}],"collection":[{"href":"https:\/\/secondskin.uy\/ozonify\/wp-json\/wp\/v2\/product"}],"about":[{"href":"https:\/\/secondskin.uy\/ozonify\/wp-json\/wp\/v2\/types\/product"}],"replies":[{"embeddable":true,"href":"https:\/\/secondskin.uy\/ozonify\/wp-json\/wp\/v2\/comments?post=4903"}],"wp:featuredmedia":[{"embeddable":true,"href":"https:\/\/secondskin.uy\/ozonify\/wp-json\/wp\/v2\/media\/4904"}],"wp:attachment":[{"href":"https:\/\/secondskin.uy\/ozonify\/wp-json\/wp\/v2\/media?parent=4903"}],"wp:term":[{"taxonomy":"product_brand","embeddable":true,"href":"https:\/\/secondskin.uy\/ozonify\/wp-json\/wp\/v2\/product_brand?post=4903"},{"taxonomy":"product_cat","embeddable":true,"href":"https:\/\/secondskin.uy\/ozonify\/wp-json\/wp\/v2\/product_cat?post=4903"},{"taxonomy":"product_tag","embeddable":true,"href":"https:\/\/secondskin.uy\/ozonify\/wp-json\/wp\/v2\/product_tag?post=4903"}],"curies":[{"name":"wp","href":"https:\/\/api.w.org\/{rel}","templated":true}]}}