{"id":3683,"date":"2021-04-08T12:02:30","date_gmt":"2021-04-08T15:02:30","guid":{"rendered":"https:\/\/secondskin.uy\/ozonify\/?post_type=product&#038;p=3683"},"modified":"2025-08-03T20:15:01","modified_gmt":"2025-08-03T23:15:01","slug":"programa-de-bioseguridad-de-12-meses-en-espacios-de-50-m%c2%b2","status":"publish","type":"product","link":"https:\/\/secondskin.uy\/ozonify\/producto\/programa-de-bioseguridad-de-12-meses-en-espacios-de-50-m%c2%b2\/","title":{"rendered":"PROGRAMA DE BIOSEGURIDAD DE 12 MESES EN ESPACIOS DE 50 m\u00b2"},"content":{"rendered":"<p>Una desinfecci\u00f3n tradicional elimina la existencia de virus y bacterias que hay en ese instante, pero a los pocos minutos las superficies se contaminan, como siempre.<\/p>\n<p><strong>Imaginate viniendo de la calle con alguna contaminaci\u00f3n en las manos<\/strong>, vas al ba\u00f1o a lavarte y abris la canilla (dejas el virus en la grifer\u00eda del ba\u00f1o), luego del agua y jab\u00f3n cerras la canilla y otra vez te pones el virus en las manos y segu\u00eds tu rutina.<\/p>\n<p><strong>Esta misma situaci\u00f3n con nuestra Bio seguridad aplicada seria completamente diferente<\/strong> ya que si venis de la calle con virus en las manos, cuando abris la canilla, este virus en la grifer\u00eda se elimina. Luego de lavarte las manos y cerras la canilla ya no habra re contaminaci\u00f3n.<\/p>\n<p><strong>Y este es solo un ejemplo de la actividad diaria de cualquier persona.<\/strong><\/p>\n<p>&nbsp;<\/p>\n<section class=\"elementor-section elementor-top-section elementor-element elementor-element-bde728a elementor-section-boxed elementor-section-height-default elementor-section-height-default\" data-id=\"bde728a\" data-element_type=\"section\">\n<div class=\"elementor-container elementor-column-gap-default\">\n<div class=\"elementor-row\">\n<div class=\"elementor-column elementor-col-100 elementor-top-column elementor-element elementor-element-6c8d7d3\" data-id=\"6c8d7d3\" data-element_type=\"column\">\n<div class=\"elementor-column-wrap elementor-element-populated\">\n<div class=\"elementor-widget-wrap\">\n<div class=\"elementor-element elementor-element-a453176 elementor-widget elementor-widget-heading\" data-id=\"a453176\" data-element_type=\"widget\" data-widget_type=\"heading.default\">\n<div class=\"elementor-widget-container\">\n<h2 class=\"elementor-heading-title elementor-size-default\"><span style=\"color: #000000;\">\u00bfComo podemos saber que realmente sigue habiendo Bio Protecci\u00f3n activa, por ejemplo a los 3 meses de la aplicaci\u00f3n?<\/span><\/h2>\n<\/div>\n<\/div>\n<\/div>\n<\/div>\n<\/div>\n<\/div>\n<\/div>\n<\/section>\n<section class=\"elementor-section elementor-top-section elementor-element elementor-element-8088290 elementor-section-boxed elementor-section-height-default elementor-section-height-default\" data-id=\"8088290\" data-element_type=\"section\">\n<div class=\"elementor-container elementor-column-gap-default\">\n<div class=\"elementor-row\">\n<div class=\"elementor-column elementor-col-100 elementor-top-column elementor-element elementor-element-fbc5ff4\" data-id=\"fbc5ff4\" data-element_type=\"column\">\n<div class=\"elementor-column-wrap elementor-element-populated\">\n<div class=\"elementor-widget-wrap\">\n<div class=\"elementor-element elementor-element-9288e3d elementor-widget elementor-widget-text-editor\" data-id=\"9288e3d\" data-element_type=\"widget\" data-widget_type=\"text-editor.default\">\n<div class=\"elementor-widget-container\">\n<div class=\"elementor-text-editor elementor-clearfix\">\n<p>Contamos con tecnolog\u00eda de punta que consiste en lo siguiente:<\/p>\n<ul>\n<li>Hisopamos zonas sensibles del lugar que vamos a bio proteger.<\/li>\n<li>Tomamos lectura de la actividad microbiol\u00f3gica con Lumin\u00f3metro, como se aprecia en el video y definimos esta lectura como <b>ANTES<\/b>.<\/li>\n<li>Luego de la aplicaci\u00f3n esperamos 10 minutos aprox e hisopamos nuevamente sobre la misma superficie.<\/li>\n<li>Tomamos lectura con Lumin\u00f3metro y a esta lectura la definimos como <b>DESPUES<\/b>.<\/li>\n<li><b>A los 3 meses<\/b>\u00a0(o antes dependiendo del giro comercial del que se trate) repetimos hisopado, lectura y comparamos.<\/li>\n<\/ul>\n<p>&nbsp;<\/p>\n<p><b>Comparando DESPUES contra ANTES nos va a poder mostrar la permanente bio seguridad existente.<\/b><\/p>\n<p><b>En Locales Comerciales, colegios, Restaurantes o cualquier casa o apartamento que lo solicite, colocamos un adhesivo en la puerta con un dedicado c\u00f3digo QR al cual subimos las lecturas de ANTES y nuestros monitoreos peri\u00f3dicos DESPUES. De esta forma cualquier, persona que quiera corroborar la Bio Seguridad del lugar y el constante monitoreo de Second Skin simplemente tiene que leer este QR con su celular.<\/b><\/p>\n<\/div>\n<p>&nbsp;<\/p>\n<\/div>\n<\/div>\n<\/div>\n<\/div>\n<\/div>\n<\/div>\n<\/div>\n<p><iframe title=\"YouTube video player\" src=\"https:\/\/www.youtube.com\/embed\/riEMhxPIBVY?=rel0\" width=\"853\" height=\"480\" frameborder=\"0\" allowfullscreen=\"allowfullscreen\"><\/iframe><br \/>\n<iframe title=\"YouTube video player\" src=\"https:\/\/www.youtube.com\/embed\/63nslUqD0Dg?=rel0\" width=\"853\" height=\"480\" frameborder=\"0\" allowfullscreen=\"allowfullscreen\"><\/iframe><br \/>\n<iframe title=\"YouTube video player\" src=\"https:\/\/www.youtube.com\/embed\/WfOPXRbzsDM?=rel0\" width=\"853\" height=\"480\" frameborder=\"0\" allowfullscreen=\"allowfullscreen\"><\/iframe><br \/>\n<iframe title=\"YouTube video player\" src=\"https:\/\/www.youtube.com\/embed\/dttYdV2vekw?rel=0\" width=\"853\" height=\"480\" frameborder=\"0\" allowfullscreen=\"allowfullscreen\"><\/iframe><\/p>\n<\/section>\n","protected":false},"excerpt":{"rendered":"<p>Podes pagar hasta en <span style=\"font-size: 12pt;\"><strong>12 cuotas de $960.-<\/strong><\/span> con Mercado Pago en el carrito de compras.<\/p>\n<p>&nbsp;<\/p>\n<p><span style=\"font-size: 12pt;\"><strong>Desarrollamos un sistema de Bio Seguridad constante y permanente ofreciendo un verdadero guardi\u00e1n de tiempo completo durante 12 meses. La superficie bio protegida estar\u00e1 activa eliminando virus y bacterias siempre.<\/strong><\/span><\/p>\n<p>Alfombras, cortinas, tapizados, muebles, papel, pisos, paredes, techos, grifer\u00eda, manijas, cer\u00e1micas, cementos, cromados, acero inoxidable, fibra de vidrio, vinilos, porcelanas, maderas, m\u00e1rmol, vidrios, aluminio, gomas, algod\u00f3n, sint\u00e9ticos, lino, cuero, seda, lana, gamuza, etc.<\/p>\n<p>&nbsp;<\/p>\n<p><span style=\"font-size: 12pt;\"><strong>Nuestra formula de base agua contiene un ingrediente de \u00faltima generaci\u00f3n que aplicado en cualquier superficie forma una protecci\u00f3n de larga duraci\u00f3n que elimina virus y bacterias constantemente.<\/strong><\/span><\/p>\n<p><span style=\"font-size: 12pt;\"><strong>Aprobado y registrado por MSP.<\/strong><\/span><\/p>\n<p><span style=\"font-size: 12pt;\"><strong>Controlamos la persistencia de la bio protecci\u00f3n recurrentemente y si detectamos disminuci\u00f3n re aplicamos <span style=\"font-size: 14pt;\">sin costo adicional.<\/span><\/strong><\/span><\/p>\n<p>&nbsp;<\/p>\n<p><strong><span style=\"font-size: 12pt;\">Cuidarte de virus y bacterias en tu casa, lugar de trabajo y lugar de estudio es ahora nuestra responsabilidad,\u00a0 24 horas al d\u00eda los 365 d\u00edas del a\u00f1o.<\/span><\/strong><\/p>\n<p>&nbsp;<\/p>\n<p><span style=\"font-size: 12pt;\"><strong>\u00a1Agend\u00e1 ahora tu Bio Seguridad\u00a0 para hogar, oficina o local comercial aqu\u00ed ahora!<\/strong><\/span><\/p>\n<p>&nbsp;<\/p>\n<p><span style=\"font-size: 12pt;\"><strong>Si ten\u00e9s dudas y quer\u00e9s consultarnos para m\u00e1s informaci\u00f3n, con gusto atenderemos tu mensaje. <a href=\"https:\/\/web.whatsapp.com\/send?phone=59895469406&amp;text=Hola!%20Quisiera%20recibir%20m%C3%A1s%20informaci%C3%B3n%20sobre%20sus%20productos%20y%20servicios.\">Consultar ahora<\/a><\/strong><\/span><\/p>\n","protected":false},"featured_media":4109,"comment_status":"open","ping_status":"closed","template":"","meta":{"_joinchat":[]},"product_brand":[],"product_cat":[49,66,118,74,119,51,58],"product_tag":[],"class_list":{"0":"post-3683","1":"product","2":"type-product","3":"status-publish","4":"has-post-thumbnail","6":"product_cat-bio-seguridad","7":"product_cat-bioseguridad-y-sanitizantes","8":"product_cat-para-espacios","9":"product_cat-programa-de-bioseguridad","10":"product_cat-programa-de-bioseguridad-de-12-meses-uno-a-dos-ambientes-o-hasta-50-m","11":"product_cat-servicios-bio-seguridad","12":"product_cat-todos-los-servicios","13":"description-off","15":"first","16":"instock","17":"shipping-taxable","18":"product-type-external"},"yoast_head":"<!-- This site is optimized with the Yoast SEO plugin v27.4 - https:\/\/yoast.com\/product\/yoast-seo-wordpress\/ -->\n<title>PROGRAMA DE BIOSEGURIDAD DE 12 MESES EN ESPACIOS DE 50 m\u00b2 | Comprar en Ozonify Uruguay - Ozonify<\/title>\n<meta name=\"description\" content=\"Compra PROGRAMA DE BIOSEGURIDAD DE 12 MESES EN ESPACIOS DE 50 m\u00b2 con env\u00edo seguro en Uruguay. Innovaci\u00f3n en limpieza con ozono.\" \/>\n<meta name=\"robots\" content=\"noindex, nofollow\" \/>\n<meta property=\"og:locale\" content=\"es_ES\" \/>\n<meta property=\"og:type\" content=\"article\" \/>\n<meta property=\"og:title\" content=\"PROGRAMA DE BIOSEGURIDAD DE 12 MESES EN ESPACIOS DE 50 m\u00b2 | Comprar en Ozonify Uruguay - Ozonify\" \/>\n<meta property=\"og:description\" content=\"Compra PROGRAMA DE BIOSEGURIDAD DE 12 MESES EN ESPACIOS DE 50 m\u00b2 con env\u00edo seguro en Uruguay. Innovaci\u00f3n en limpieza con ozono.\" \/>\n<meta property=\"og:url\" content=\"https:\/\/secondskin.uy\/ozonify\/producto\/programa-de-bioseguridad-de-12-meses-en-espacios-de-50-m\u00b2\/\" \/>\n<meta property=\"og:site_name\" content=\"Ozonify\" \/>\n<meta property=\"article:publisher\" content=\"https:\/\/www.facebook.com\/Ozonifyhome\/\" \/>\n<meta property=\"article:modified_time\" content=\"2025-08-03T23:15:01+00:00\" \/>\n<meta property=\"og:image\" content=\"https:\/\/secondskin.uy\/ozonify\/wp-content\/uploads\/2021\/04\/QR-ASIGNADO.jpg\" \/>\n\t<meta property=\"og:image:width\" content=\"870\" \/>\n\t<meta property=\"og:image:height\" content=\"1582\" \/>\n\t<meta property=\"og:image:type\" content=\"image\/jpeg\" \/>\n<meta name=\"twitter:card\" content=\"summary_large_image\" \/>\n<meta name=\"twitter:label1\" content=\"Tiempo de lectura\" \/>\n\t<meta name=\"twitter:data1\" content=\"2 minutos\" \/>\n<!-- \/ Yoast SEO plugin. -->","yoast_head_json":{"title":"PROGRAMA DE BIOSEGURIDAD DE 12 MESES EN ESPACIOS DE 50 m\u00b2 | Comprar en Ozonify Uruguay - Ozonify","description":"Compra PROGRAMA DE BIOSEGURIDAD DE 12 MESES EN ESPACIOS DE 50 m\u00b2 con env\u00edo seguro en Uruguay. Innovaci\u00f3n en limpieza con ozono.","robots":{"index":"noindex","follow":"nofollow"},"og_locale":"es_ES","og_type":"article","og_title":"PROGRAMA DE BIOSEGURIDAD DE 12 MESES EN ESPACIOS DE 50 m\u00b2 | Comprar en Ozonify Uruguay - Ozonify","og_description":"Compra PROGRAMA DE BIOSEGURIDAD DE 12 MESES EN ESPACIOS DE 50 m\u00b2 con env\u00edo seguro en Uruguay. Innovaci\u00f3n en limpieza con ozono.","og_url":"https:\/\/secondskin.uy\/ozonify\/producto\/programa-de-bioseguridad-de-12-meses-en-espacios-de-50-m\u00b2\/","og_site_name":"Ozonify","article_publisher":"https:\/\/www.facebook.com\/Ozonifyhome\/","article_modified_time":"2025-08-03T23:15:01+00:00","og_image":[{"width":870,"height":1582,"url":"https:\/\/secondskin.uy\/ozonify\/wp-content\/uploads\/2021\/04\/QR-ASIGNADO.jpg","type":"image\/jpeg"}],"twitter_card":"summary_large_image","twitter_misc":{"Tiempo de lectura":"2 minutos"},"schema":{"@context":"https:\/\/schema.org","@graph":[{"@type":"WebPage","@id":"https:\/\/secondskin.uy\/ozonify\/producto\/programa-de-bioseguridad-de-12-meses-en-espacios-de-50-m%c2%b2\/","url":"https:\/\/secondskin.uy\/ozonify\/producto\/programa-de-bioseguridad-de-12-meses-en-espacios-de-50-m%c2%b2\/","name":"PROGRAMA DE BIOSEGURIDAD DE 12 MESES EN ESPACIOS DE 50 m\u00b2 | Comprar en Ozonify Uruguay - Ozonify","isPartOf":{"@id":"https:\/\/secondskin.uy\/ozonify\/#website"},"primaryImageOfPage":{"@id":"https:\/\/secondskin.uy\/ozonify\/producto\/programa-de-bioseguridad-de-12-meses-en-espacios-de-50-m%c2%b2\/#primaryimage"},"image":{"@id":"https:\/\/secondskin.uy\/ozonify\/producto\/programa-de-bioseguridad-de-12-meses-en-espacios-de-50-m%c2%b2\/#primaryimage"},"thumbnailUrl":"https:\/\/secondskin.uy\/ozonify\/wp-content\/uploads\/2021\/04\/QR-ASIGNADO.jpg","datePublished":"2021-04-08T15:02:30+00:00","dateModified":"2025-08-03T23:15:01+00:00","description":"Compra PROGRAMA DE BIOSEGURIDAD DE 12 MESES EN ESPACIOS DE 50 m\u00b2 con env\u00edo seguro en Uruguay. Innovaci\u00f3n en limpieza con ozono.","breadcrumb":{"@id":"https:\/\/secondskin.uy\/ozonify\/producto\/programa-de-bioseguridad-de-12-meses-en-espacios-de-50-m%c2%b2\/#breadcrumb"},"inLanguage":"es","potentialAction":[{"@type":"ReadAction","target":["https:\/\/secondskin.uy\/ozonify\/producto\/programa-de-bioseguridad-de-12-meses-en-espacios-de-50-m%c2%b2\/"]}]},{"@type":"ImageObject","inLanguage":"es","@id":"https:\/\/secondskin.uy\/ozonify\/producto\/programa-de-bioseguridad-de-12-meses-en-espacios-de-50-m%c2%b2\/#primaryimage","url":"https:\/\/secondskin.uy\/ozonify\/wp-content\/uploads\/2021\/04\/QR-ASIGNADO.jpg","contentUrl":"https:\/\/secondskin.uy\/ozonify\/wp-content\/uploads\/2021\/04\/QR-ASIGNADO.jpg","width":870,"height":1582},{"@type":"BreadcrumbList","@id":"https:\/\/secondskin.uy\/ozonify\/producto\/programa-de-bioseguridad-de-12-meses-en-espacios-de-50-m%c2%b2\/#breadcrumb","itemListElement":[{"@type":"ListItem","position":1,"name":"Inicio","item":"https:\/\/secondskin.uy\/ozonify\/"},{"@type":"ListItem","position":2,"name":"Tienda","item":"https:\/\/secondskin.uy\/ozonify\/tienda\/"},{"@type":"ListItem","position":3,"name":"BIOSEGURIDAD Y SANITIZANTES","item":"https:\/\/secondskin.uy\/ozonify\/categoria-producto\/bioseguridad-y-sanitizantes\/"},{"@type":"ListItem","position":4,"name":"PROGRAMA DE BIOSEGURIDAD","item":"https:\/\/secondskin.uy\/ozonify\/categoria-producto\/bioseguridad-y-sanitizantes\/programa-de-bioseguridad\/"},{"@type":"ListItem","position":5,"name":"Para espacios","item":"https:\/\/secondskin.uy\/ozonify\/categoria-producto\/bioseguridad-y-sanitizantes\/programa-de-bioseguridad\/para-espacios\/"},{"@type":"ListItem","position":6,"name":"Programa de bioseguridad de 12 meses uno a dos ambientes o hasta 50 m\u00b2","item":"https:\/\/secondskin.uy\/ozonify\/categoria-producto\/bioseguridad-y-sanitizantes\/programa-de-bioseguridad\/para-espacios\/programa-de-bioseguridad-de-12-meses-uno-a-dos-ambientes-o-hasta-50-m%c2%b2\/"},{"@type":"ListItem","position":7,"name":"PROGRAMA DE BIOSEGURIDAD DE 12 MESES EN ESPACIOS DE 50 m\u00b2"}]},{"@type":"WebSite","@id":"https:\/\/secondskin.uy\/ozonify\/#website","url":"https:\/\/secondskin.uy\/ozonify\/","name":"Ozonify Uruguay","description":"Generador de agua ozonizada Ozonify","publisher":{"@id":"https:\/\/secondskin.uy\/ozonify\/#organization"},"alternateName":"Ozonify","potentialAction":[{"@type":"SearchAction","target":{"@type":"EntryPoint","urlTemplate":"https:\/\/secondskin.uy\/ozonify\/?s={search_term_string}"},"query-input":{"@type":"PropertyValueSpecification","valueRequired":true,"valueName":"search_term_string"}}],"inLanguage":"es"},{"@type":"Organization","@id":"https:\/\/secondskin.uy\/ozonify\/#organization","name":"Ozonify Uruguay","alternateName":"Ozonify","url":"https:\/\/secondskin.uy\/ozonify\/","logo":{"@type":"ImageObject","inLanguage":"es","@id":"https:\/\/secondskin.uy\/ozonify\/#\/schema\/logo\/image\/","url":"https:\/\/secondskin.uy\/ozonify\/wp-content\/uploads\/2021\/02\/LO-O-1.png","contentUrl":"https:\/\/secondskin.uy\/ozonify\/wp-content\/uploads\/2021\/02\/LO-O-1.png","width":1061,"height":628,"caption":"Ozonify Uruguay"},"image":{"@id":"https:\/\/secondskin.uy\/ozonify\/#\/schema\/logo\/image\/"},"sameAs":["https:\/\/www.facebook.com\/Ozonifyhome\/","https:\/\/www.instagram.com\/ozonifyhome\/","https:\/\/www.youtube.com\/@ozonifyhome"]}]}},"_links":{"self":[{"href":"https:\/\/secondskin.uy\/ozonify\/wp-json\/wp\/v2\/product\/3683","targetHints":{"allow":["GET"]}}],"collection":[{"href":"https:\/\/secondskin.uy\/ozonify\/wp-json\/wp\/v2\/product"}],"about":[{"href":"https:\/\/secondskin.uy\/ozonify\/wp-json\/wp\/v2\/types\/product"}],"replies":[{"embeddable":true,"href":"https:\/\/secondskin.uy\/ozonify\/wp-json\/wp\/v2\/comments?post=3683"}],"wp:featuredmedia":[{"embeddable":true,"href":"https:\/\/secondskin.uy\/ozonify\/wp-json\/wp\/v2\/media\/4109"}],"wp:attachment":[{"href":"https:\/\/secondskin.uy\/ozonify\/wp-json\/wp\/v2\/media?parent=3683"}],"wp:term":[{"taxonomy":"product_brand","embeddable":true,"href":"https:\/\/secondskin.uy\/ozonify\/wp-json\/wp\/v2\/product_brand?post=3683"},{"taxonomy":"product_cat","embeddable":true,"href":"https:\/\/secondskin.uy\/ozonify\/wp-json\/wp\/v2\/product_cat?post=3683"},{"taxonomy":"product_tag","embeddable":true,"href":"https:\/\/secondskin.uy\/ozonify\/wp-json\/wp\/v2\/product_tag?post=3683"}],"curies":[{"name":"wp","href":"https:\/\/api.w.org\/{rel}","templated":true}]}}