{"id":3666,"date":"2021-04-07T15:28:32","date_gmt":"2021-04-07T18:28:32","guid":{"rendered":"https:\/\/secondskin.uy\/ozonify\/?post_type=product&#038;p=3666"},"modified":"2025-08-03T20:16:10","modified_gmt":"2025-08-03T23:16:10","slug":"programa-de-bioseguridad-de-12-meses-auto-sedan","status":"publish","type":"product","link":"https:\/\/secondskin.uy\/ozonify\/producto\/programa-de-bioseguridad-de-12-meses-auto-sedan\/","title":{"rendered":"PROGRAMA DE BIOSEGURIDAD DE 12 MESES &#8211; AUTO SED\u00c1N"},"content":{"rendered":"<p><strong>El Dr Ron Cutler de la Universidad Queen Mary de Londres<\/strong> ha descubierto que el volante de un autom\u00f3vil puede albergar hasta nueve veces mas g\u00e9rmenes que los que se encuentran en el asiento de un ba\u00f1o p\u00fablico.<\/p>\n<p>Sin embargo, mas grave es la situaci\u00f3n en el ba\u00fal con mas de 1000 diferentes clases de bacterias por pulgada cuadrada comparando con 80 clases diferentes de un asiento de inodoro publico.<\/p>\n<p>El Dr Cutler comenta que \u00abLa mayor\u00eda de las personas limpian sus casas, pero muchas no limpian sus autom\u00f3viles y conducen veh\u00edculos que se asemejan a un cubo de basura\u00bb.<\/p>\n<p>La historia completa en <a href=\"https:\/\/bit.ly\/3ekH3nJ\">https:\/\/bit.ly\/3ekH3nJ<\/a><\/p>\n<p>&nbsp;<\/p>\n<section class=\"elementor-section elementor-top-section elementor-element elementor-element-bde728a elementor-section-boxed elementor-section-height-default elementor-section-height-default\" data-id=\"bde728a\" data-element_type=\"section\">\n<div class=\"elementor-container elementor-column-gap-default\">\n<div class=\"elementor-row\">\n<div class=\"elementor-column elementor-col-100 elementor-top-column elementor-element elementor-element-6c8d7d3\" data-id=\"6c8d7d3\" data-element_type=\"column\">\n<div class=\"elementor-column-wrap elementor-element-populated\">\n<div class=\"elementor-widget-wrap\">\n<div class=\"elementor-element elementor-element-a453176 elementor-widget elementor-widget-heading\" data-id=\"a453176\" data-element_type=\"widget\" data-widget_type=\"heading.default\">\n<div class=\"elementor-widget-container\">\n<h2 class=\"elementor-heading-title elementor-size-default\"><span style=\"color: #000000;\">\u00bfComo podemos saber que realmente sigue habiendo Bio Protecci\u00f3n activa, por ejemplo a los 6 meses de la aplicaci\u00f3n?<\/span><\/h2>\n<\/div>\n<\/div>\n<\/div>\n<\/div>\n<\/div>\n<\/div>\n<\/div>\n<\/section>\n<section class=\"elementor-section elementor-top-section elementor-element elementor-element-8088290 elementor-section-boxed elementor-section-height-default elementor-section-height-default\" data-id=\"8088290\" data-element_type=\"section\">\n<div class=\"elementor-container elementor-column-gap-default\">\n<div class=\"elementor-row\">\n<div class=\"elementor-column elementor-col-100 elementor-top-column elementor-element elementor-element-fbc5ff4\" data-id=\"fbc5ff4\" data-element_type=\"column\">\n<div class=\"elementor-column-wrap elementor-element-populated\">\n<div class=\"elementor-widget-wrap\">\n<div class=\"elementor-element elementor-element-9288e3d elementor-widget elementor-widget-text-editor\" data-id=\"9288e3d\" data-element_type=\"widget\" data-widget_type=\"text-editor.default\">\n<div class=\"elementor-widget-container\">\n<div class=\"elementor-text-editor elementor-clearfix\">\n<p>Contamos con tecnolog\u00eda de punta que consiste en lo siguiente:<\/p>\n<ul>\n<li>Hisopamos zonas sensibles como puede ser el volante o tablero del auto que vamos a bio proteger.<\/li>\n<li>Tomamos lectura de la actividad microbiol\u00f3gica con Lumin\u00f3metro, como se aprecia en el video y definimos esta lectura como <b>ANTES<\/b>.<\/li>\n<li>Luego de la aplicaci\u00f3n esperamos 10 minutos aprox e hisopamos nuevamente sobre la misma superficie.<\/li>\n<li>Tomamos lectura con Lumin\u00f3metro y a esta lectura la definimos como <b>DESPUES<\/b>.<\/li>\n<li><b>A los 6 meses<\/b> repetimos hisopado, tomamos lectura y comparamos.<\/li>\n<\/ul>\n<p>&nbsp;<\/p>\n<p><b>Comparando DESPUES contra ANTES nos va a poder mostrar la permanente bioseguridad existente.<\/b><\/p>\n<p><b>En Locales Comerciales, colegios, Restaurantes o cualquier casa o apartamento que lo solicite, colocamos un adhesivo en la puerta con un dedicado c\u00f3digo QR al cual subimos las lecturas de ANTES y nuestros monitoreos peri\u00f3dicos DESPUES. De esta forma cualquier persona que quiera corroborar la BioSeguridad del lugar y el constante monitoreo de SecondSkin simplemente tiene que leer este QR con su celular.<\/b><\/p>\n<p>&nbsp;<\/p>\n<\/div>\n<\/div>\n<\/div>\n<\/div>\n<\/div>\n<\/div>\n<\/div>\n<\/div>\n<p><iframe title=\"YouTube video player\" src=\"https:\/\/www.youtube.com\/embed\/dttYdV2vekw?rel=0\" width=\"853\" height=\"480\" frameborder=\"0\" allowfullscreen=\"allowfullscreen\"><\/iframe><br \/>\n<iframe title=\"YouTube video player\" src=\"https:\/\/www.youtube.com\/embed\/riEMhxPIBVY?rel=0\" width=\"853\" height=\"480\" frameborder=\"0\" allowfullscreen=\"allowfullscreen\"><\/iframe><br \/>\n<iframe title=\"YouTube video player\" src=\"https:\/\/www.youtube.com\/embed\/63nslUqD0Dg?rel=0\" width=\"853\" height=\"480\" frameborder=\"0\" allowfullscreen=\"allowfullscreen\"><\/iframe><br \/>\n<iframe title=\"YouTube video player\" src=\"https:\/\/www.youtube.com\/embed\/WfOPXRbzsDM?rel=0\" width=\"853\" height=\"480\" frameborder=\"0\" allowfullscreen=\"allowfullscreen\"><\/iframe><\/p>\n<\/section>\n","protected":false},"excerpt":{"rendered":"<p><span style=\"font-size: 12pt;\"><strong>Desarrollamos un sistema de BioSeguridad constante y permanente ofreciendo un verdadero guardi\u00e1n de tiempo completo durante 12 meses. La superficie bioprotegida estar\u00e1 activa eliminando virus, hongos y bacterias siempre.<\/strong><\/span><\/p>\n<p>&nbsp;<\/p>\n<p><span style=\"font-size: 12pt;\"><strong>Nuestra formula de base agua contiene un ingrediente nanotecnol\u00f3gico de \u00faltima generaci\u00f3n que aplicado en cualquier superficie s\u00f3lida y\/o textil forma una protecci\u00f3n de larga duraci\u00f3n que elimina virus, hongos y bacterias constante y persistentemente.<\/strong><\/span><\/p>\n<p><strong>Aprobado y registrado por MSP con eficacia de 99,999% testado en Laboratorio.<\/strong><\/p>\n<p><span style=\"font-size: 12pt;\"><strong>Controlamos la persistencia de la bioprotecci\u00f3n a los 6 meses y si detectamos disminuci\u00f3n re aplicamos <span style=\"font-size: 14pt;\">sin costo adicional<\/span>.<\/strong><\/span><\/p>\n<p><span style=\"font-size: 12pt;\"><strong>Cuidarte de virus, hongos y bacterias en tu auto es ahora nuestra responsabilidad,\u00a0 24 horas al d\u00eda los 365 d\u00edas del a\u00f1o.<\/strong><\/span><\/p>\n<p>&nbsp;<\/p>\n<p><span style=\"font-size: 12pt;\"><strong>\u00a1Agend\u00e1 tu BioSeguridad vehicular!<\/strong><\/span><\/p>\n","protected":false},"featured_media":3667,"comment_status":"open","ping_status":"closed","template":"","meta":{"_joinchat":[]},"product_brand":[],"product_cat":[49,66,116,74,117,51,58],"product_tag":[],"class_list":{"0":"post-3666","1":"product","2":"type-product","3":"status-publish","4":"has-post-thumbnail","6":"product_cat-bio-seguridad","7":"product_cat-bioseguridad-y-sanitizantes","8":"product_cat-para-vehiculos","9":"product_cat-programa-de-bioseguridad","10":"product_cat-programa-de-bioseguridad-de-12-meses-vehicular","11":"product_cat-servicios-bio-seguridad","12":"product_cat-todos-los-servicios","13":"description-off","15":"first","16":"instock","17":"shipping-taxable","18":"product-type-simple"},"yoast_head":"<!-- This site is optimized with the Yoast SEO plugin v27.4 - https:\/\/yoast.com\/product\/yoast-seo-wordpress\/ -->\n<title>PROGRAMA DE BIOSEGURIDAD DE 12 MESES - AUTO SED\u00c1N | Comprar en Ozonify Uruguay - Ozonify<\/title>\n<meta name=\"description\" content=\"Compra PROGRAMA DE BIOSEGURIDAD DE 12 MESES - AUTO SED\u00c1N con env\u00edo seguro en Uruguay. Innovaci\u00f3n en limpieza con ozono.\" \/>\n<meta name=\"robots\" content=\"noindex, nofollow\" \/>\n<meta property=\"og:locale\" content=\"es_ES\" \/>\n<meta property=\"og:type\" content=\"article\" \/>\n<meta property=\"og:title\" content=\"PROGRAMA DE BIOSEGURIDAD DE 12 MESES - AUTO SED\u00c1N | Comprar en Ozonify Uruguay - Ozonify\" \/>\n<meta property=\"og:description\" content=\"Compra PROGRAMA DE BIOSEGURIDAD DE 12 MESES - AUTO SED\u00c1N con env\u00edo seguro en Uruguay. Innovaci\u00f3n en limpieza con ozono.\" \/>\n<meta property=\"og:url\" content=\"https:\/\/secondskin.uy\/ozonify\/producto\/programa-de-bioseguridad-de-12-meses-auto-sedan\/\" \/>\n<meta property=\"og:site_name\" content=\"Ozonify\" \/>\n<meta property=\"article:publisher\" content=\"https:\/\/www.facebook.com\/Ozonifyhome\/\" \/>\n<meta property=\"article:modified_time\" content=\"2025-08-03T23:16:10+00:00\" \/>\n<meta property=\"og:image\" content=\"https:\/\/secondskin.uy\/ozonify\/wp-content\/uploads\/2021\/04\/IMG_8896-1024x576.png\" \/>\n\t<meta property=\"og:image:width\" content=\"1024\" \/>\n\t<meta property=\"og:image:height\" content=\"576\" \/>\n\t<meta property=\"og:image:type\" content=\"image\/png\" \/>\n<meta name=\"twitter:card\" content=\"summary_large_image\" \/>\n<meta name=\"twitter:label1\" content=\"Tiempo de lectura\" \/>\n\t<meta name=\"twitter:data1\" content=\"2 minutos\" \/>\n<!-- \/ Yoast SEO plugin. -->","yoast_head_json":{"title":"PROGRAMA DE BIOSEGURIDAD DE 12 MESES - AUTO SED\u00c1N | Comprar en Ozonify Uruguay - Ozonify","description":"Compra PROGRAMA DE BIOSEGURIDAD DE 12 MESES - AUTO SED\u00c1N con env\u00edo seguro en Uruguay. Innovaci\u00f3n en limpieza con ozono.","robots":{"index":"noindex","follow":"nofollow"},"og_locale":"es_ES","og_type":"article","og_title":"PROGRAMA DE BIOSEGURIDAD DE 12 MESES - AUTO SED\u00c1N | Comprar en Ozonify Uruguay - Ozonify","og_description":"Compra PROGRAMA DE BIOSEGURIDAD DE 12 MESES - AUTO SED\u00c1N con env\u00edo seguro en Uruguay. Innovaci\u00f3n en limpieza con ozono.","og_url":"https:\/\/secondskin.uy\/ozonify\/producto\/programa-de-bioseguridad-de-12-meses-auto-sedan\/","og_site_name":"Ozonify","article_publisher":"https:\/\/www.facebook.com\/Ozonifyhome\/","article_modified_time":"2025-08-03T23:16:10+00:00","og_image":[{"width":1024,"height":576,"url":"https:\/\/secondskin.uy\/ozonify\/wp-content\/uploads\/2021\/04\/IMG_8896-1024x576.png","type":"image\/png"}],"twitter_card":"summary_large_image","twitter_misc":{"Tiempo de lectura":"2 minutos"},"schema":{"@context":"https:\/\/schema.org","@graph":[{"@type":"WebPage","@id":"https:\/\/secondskin.uy\/ozonify\/producto\/programa-de-bioseguridad-de-12-meses-auto-sedan\/","url":"https:\/\/secondskin.uy\/ozonify\/producto\/programa-de-bioseguridad-de-12-meses-auto-sedan\/","name":"PROGRAMA DE BIOSEGURIDAD DE 12 MESES - AUTO SED\u00c1N | Comprar en Ozonify Uruguay - Ozonify","isPartOf":{"@id":"https:\/\/secondskin.uy\/ozonify\/#website"},"primaryImageOfPage":{"@id":"https:\/\/secondskin.uy\/ozonify\/producto\/programa-de-bioseguridad-de-12-meses-auto-sedan\/#primaryimage"},"image":{"@id":"https:\/\/secondskin.uy\/ozonify\/producto\/programa-de-bioseguridad-de-12-meses-auto-sedan\/#primaryimage"},"thumbnailUrl":"https:\/\/secondskin.uy\/ozonify\/wp-content\/uploads\/2021\/04\/IMG_8896.png","datePublished":"2021-04-07T18:28:32+00:00","dateModified":"2025-08-03T23:16:10+00:00","description":"Compra PROGRAMA DE BIOSEGURIDAD DE 12 MESES - AUTO SED\u00c1N con env\u00edo seguro en Uruguay. Innovaci\u00f3n en limpieza con ozono.","breadcrumb":{"@id":"https:\/\/secondskin.uy\/ozonify\/producto\/programa-de-bioseguridad-de-12-meses-auto-sedan\/#breadcrumb"},"inLanguage":"es","potentialAction":[{"@type":"ReadAction","target":["https:\/\/secondskin.uy\/ozonify\/producto\/programa-de-bioseguridad-de-12-meses-auto-sedan\/"]}]},{"@type":"ImageObject","inLanguage":"es","@id":"https:\/\/secondskin.uy\/ozonify\/producto\/programa-de-bioseguridad-de-12-meses-auto-sedan\/#primaryimage","url":"https:\/\/secondskin.uy\/ozonify\/wp-content\/uploads\/2021\/04\/IMG_8896.png","contentUrl":"https:\/\/secondskin.uy\/ozonify\/wp-content\/uploads\/2021\/04\/IMG_8896.png","width":1334,"height":750},{"@type":"BreadcrumbList","@id":"https:\/\/secondskin.uy\/ozonify\/producto\/programa-de-bioseguridad-de-12-meses-auto-sedan\/#breadcrumb","itemListElement":[{"@type":"ListItem","position":1,"name":"Inicio","item":"https:\/\/secondskin.uy\/ozonify\/"},{"@type":"ListItem","position":2,"name":"Tienda","item":"https:\/\/secondskin.uy\/ozonify\/tienda\/"},{"@type":"ListItem","position":3,"name":"BIOSEGURIDAD Y SANITIZANTES","item":"https:\/\/secondskin.uy\/ozonify\/categoria-producto\/bioseguridad-y-sanitizantes\/"},{"@type":"ListItem","position":4,"name":"PROGRAMA DE BIOSEGURIDAD","item":"https:\/\/secondskin.uy\/ozonify\/categoria-producto\/bioseguridad-y-sanitizantes\/programa-de-bioseguridad\/"},{"@type":"ListItem","position":5,"name":"Para veh\u00edculos\u00a0","item":"https:\/\/secondskin.uy\/ozonify\/categoria-producto\/bioseguridad-y-sanitizantes\/programa-de-bioseguridad\/para-vehiculos\/"},{"@type":"ListItem","position":6,"name":"Programa de bioseguridad de 12 meses vehicular","item":"https:\/\/secondskin.uy\/ozonify\/categoria-producto\/bioseguridad-y-sanitizantes\/programa-de-bioseguridad\/para-vehiculos\/programa-de-bioseguridad-de-12-meses-vehicular\/"},{"@type":"ListItem","position":7,"name":"PROGRAMA DE BIOSEGURIDAD DE 12 MESES &#8211; AUTO SED\u00c1N"}]},{"@type":"WebSite","@id":"https:\/\/secondskin.uy\/ozonify\/#website","url":"https:\/\/secondskin.uy\/ozonify\/","name":"Ozonify Uruguay","description":"Generador de agua ozonizada Ozonify","publisher":{"@id":"https:\/\/secondskin.uy\/ozonify\/#organization"},"alternateName":"Ozonify","potentialAction":[{"@type":"SearchAction","target":{"@type":"EntryPoint","urlTemplate":"https:\/\/secondskin.uy\/ozonify\/?s={search_term_string}"},"query-input":{"@type":"PropertyValueSpecification","valueRequired":true,"valueName":"search_term_string"}}],"inLanguage":"es"},{"@type":"Organization","@id":"https:\/\/secondskin.uy\/ozonify\/#organization","name":"Ozonify Uruguay","alternateName":"Ozonify","url":"https:\/\/secondskin.uy\/ozonify\/","logo":{"@type":"ImageObject","inLanguage":"es","@id":"https:\/\/secondskin.uy\/ozonify\/#\/schema\/logo\/image\/","url":"https:\/\/secondskin.uy\/ozonify\/wp-content\/uploads\/2021\/02\/LO-O-1.png","contentUrl":"https:\/\/secondskin.uy\/ozonify\/wp-content\/uploads\/2021\/02\/LO-O-1.png","width":1061,"height":628,"caption":"Ozonify Uruguay"},"image":{"@id":"https:\/\/secondskin.uy\/ozonify\/#\/schema\/logo\/image\/"},"sameAs":["https:\/\/www.facebook.com\/Ozonifyhome\/","https:\/\/www.instagram.com\/ozonifyhome\/","https:\/\/www.youtube.com\/@ozonifyhome"]}]}},"_links":{"self":[{"href":"https:\/\/secondskin.uy\/ozonify\/wp-json\/wp\/v2\/product\/3666","targetHints":{"allow":["GET"]}}],"collection":[{"href":"https:\/\/secondskin.uy\/ozonify\/wp-json\/wp\/v2\/product"}],"about":[{"href":"https:\/\/secondskin.uy\/ozonify\/wp-json\/wp\/v2\/types\/product"}],"replies":[{"embeddable":true,"href":"https:\/\/secondskin.uy\/ozonify\/wp-json\/wp\/v2\/comments?post=3666"}],"wp:featuredmedia":[{"embeddable":true,"href":"https:\/\/secondskin.uy\/ozonify\/wp-json\/wp\/v2\/media\/3667"}],"wp:attachment":[{"href":"https:\/\/secondskin.uy\/ozonify\/wp-json\/wp\/v2\/media?parent=3666"}],"wp:term":[{"taxonomy":"product_brand","embeddable":true,"href":"https:\/\/secondskin.uy\/ozonify\/wp-json\/wp\/v2\/product_brand?post=3666"},{"taxonomy":"product_cat","embeddable":true,"href":"https:\/\/secondskin.uy\/ozonify\/wp-json\/wp\/v2\/product_cat?post=3666"},{"taxonomy":"product_tag","embeddable":true,"href":"https:\/\/secondskin.uy\/ozonify\/wp-json\/wp\/v2\/product_tag?post=3666"}],"curies":[{"name":"wp","href":"https:\/\/api.w.org\/{rel}","templated":true}]}}