{"id":2979,"date":"2021-02-26T03:45:15","date_gmt":"2021-02-26T06:45:15","guid":{"rendered":"https:\/\/secondskin.uy\/ozonify\/?post_type=product&#038;p=2979"},"modified":"2025-08-03T20:47:32","modified_gmt":"2025-08-03T23:47:32","slug":"regalo","status":"publish","type":"product","link":"https:\/\/secondskin.uy\/ozonify\/producto\/regalo\/","title":{"rendered":"TARJETA DE REGALO"},"content":{"rendered":"<p><strong>Instrucciones de uso:<\/strong><\/p>\n<ol>\n<li>Selecciona el monto que deseas regalar ($500.-, $1000.-, $2000.-, $4000.- o $6000.-)<\/li>\n<li>Ingresa el nombre del destinatario y su correo electr\u00f3nico, donde recibir\u00e1 la tarjeta de regalo<\/li>\n<li>Ingresa tu nombre y un mensaje personalizado para el destinatario, el cual se enviar\u00e1 junto con la tarjeta<\/li>\n<li>Verifica la informaci\u00f3n y agrega la tarjeta de regalo generada al carrito<\/li>\n<li>V\u00e9 al carrito y finaliza la compra ingresando tus datos de facturaci\u00f3n y abonando por mercadopago<\/li>\n<li>Una vez acreditado tu pago (inmediatamente si abonas con tarjeta de cr\u00e9dito\/d\u00e9bito) el destinatario recibir\u00e1 autom\u00e1ticamente la tarjeta con el respectivo c\u00f3digo en su casilla de correo electr\u00f3nico.<\/li>\n<li>Para canjear la tarjeta de regalo, este podr\u00e1 realizar cualquier compra e ingresar el c\u00f3digo generado en la etapa del carrito.<\/li>\n<li>Si la compra realizada con la tarjeta de regalo es de un monto superior al saldo de la misma podr\u00e1 abonar la diferencia por mercadopago. Si el monto de la compra es inferior al saldo de la tarjeta de regalo, podr\u00e1 disponer de ese saldo para futuras compras.<\/li>\n<\/ol>\n<p>&nbsp;<\/p>\n<p><img fetchpriority=\"high\" decoding=\"async\" class=\"aligncenter\" src=\"https:\/\/secondskin.uy\/ozonify\/wp-content\/uploads\/2021\/02\/Screen-Shot-2021-02-26-at-21.54.00.png\" alt=\"\" width=\"345\" height=\"246\" \/><\/p>\n","protected":false},"excerpt":{"rendered":"<ul>\n<li>\u00bfDebes hacer un regalo y no tenes idea de que regalar?<\/li>\n<li>\u00bfNo queres regalar siempre lo mismo?<\/li>\n<li>\u00bfEsa persona no necesita nada que se te pueda ocurrir?<\/li>\n<li>\u00bfLo que se te estaba ocurriendo ya lo tiene o ya se lo hab\u00eda regalado alguien?<\/li>\n<\/ul>\n<p>\u00bfNunca te hiciste alguna de estas preguntas? \u00bfVerdad que s\u00ed?<\/p>\n<p>Con la <strong>Tarjeta de Regalo<\/strong>\u00a0 de SecondSkin tenes la oportunidad de resolver este asunto ya que ahora vas a poder trasladar esta situaci\u00f3n a tu amigo\/a, pareja, hijo\/a, padres, abuelos y\/o cualquier ser querido que quieras impresionar originalmente.<\/p>\n<p>Regalando $500.-, $1000.-, $2000.-, $4000.- o $6000.- el agasajado\/a va a poder utilizar ese dinero para comprar todos los productos y\/o servicios de nuestra Tienda, como por ejemplo:<\/p>\n<ul>\n<li>BioSeguridad para su hogar, veh\u00edculo y lugar de trabajo<\/li>\n<li>Aplicaci\u00f3n de nanotecnolog\u00eda en sillones (anti mancha)<\/li>\n<li>Productos nanotecnol\u00f3gicos para aplicar en la ropa y zapatos (anti mancha)<\/li>\n<li>Aplicaci\u00f3n de nanotecnolog\u00eda en los vidrios del auto<\/li>\n<li>Aplicaci\u00f3n de nanotecnolog\u00eda en la pintura del auto<\/li>\n<li>Limpieza + nano protecci\u00f3n del tapizado del auto<\/li>\n<li>Productos nanotecnol\u00f3gicos para aplicar en madera o ladrillo<\/li>\n<li>Productos nanotecnol\u00f3gicos para aplicar en acero inoxidable<\/li>\n<\/ul>\n","protected":false},"featured_media":0,"comment_status":"open","ping_status":"closed","template":"","meta":{"_joinchat":[]},"product_brand":[],"product_cat":[29,57],"product_tag":[],"class_list":{"0":"post-2979","1":"product","2":"type-product","3":"status-publish","5":"product_cat-regalo","6":"product_cat-todos-los-productos","7":"description-off","9":"first","10":"instock","11":"virtual","12":"product-type-simple"},"yoast_head":"<!-- This site is optimized with the Yoast SEO plugin v27.4 - https:\/\/yoast.com\/product\/yoast-seo-wordpress\/ -->\n<title>TARJETA DE REGALO | Comprar en Ozonify Uruguay - Ozonify<\/title>\n<meta name=\"description\" content=\"Compra TARJETA DE REGALO con env\u00edo seguro en Uruguay. Innovaci\u00f3n en limpieza con ozono.\" \/>\n<meta name=\"robots\" content=\"noindex, nofollow\" \/>\n<meta property=\"og:locale\" content=\"es_ES\" \/>\n<meta property=\"og:type\" content=\"article\" \/>\n<meta property=\"og:title\" content=\"TARJETA DE REGALO | Comprar en Ozonify Uruguay - Ozonify\" \/>\n<meta property=\"og:description\" content=\"Compra TARJETA DE REGALO con env\u00edo seguro en Uruguay. Innovaci\u00f3n en limpieza con ozono.\" \/>\n<meta property=\"og:url\" content=\"https:\/\/secondskin.uy\/ozonify\/producto\/regalo\/\" \/>\n<meta property=\"og:site_name\" content=\"Ozonify\" \/>\n<meta property=\"article:publisher\" content=\"https:\/\/www.facebook.com\/Ozonifyhome\/\" \/>\n<meta property=\"article:modified_time\" content=\"2025-08-03T23:47:32+00:00\" \/>\n<meta property=\"og:image\" content=\"https:\/\/secondskin.uy\/ozonify\/wp-content\/uploads\/2021\/02\/Screen-Shot-2021-02-26-at-21.54.00.png\" \/>\n<meta name=\"twitter:card\" content=\"summary_large_image\" \/>\n<meta name=\"twitter:label1\" content=\"Tiempo de lectura\" \/>\n\t<meta name=\"twitter:data1\" content=\"1 minuto\" \/>\n<!-- \/ Yoast SEO plugin. -->","yoast_head_json":{"title":"TARJETA DE REGALO | Comprar en Ozonify Uruguay - Ozonify","description":"Compra TARJETA DE REGALO con env\u00edo seguro en Uruguay. Innovaci\u00f3n en limpieza con ozono.","robots":{"index":"noindex","follow":"nofollow"},"og_locale":"es_ES","og_type":"article","og_title":"TARJETA DE REGALO | Comprar en Ozonify Uruguay - Ozonify","og_description":"Compra TARJETA DE REGALO con env\u00edo seguro en Uruguay. Innovaci\u00f3n en limpieza con ozono.","og_url":"https:\/\/secondskin.uy\/ozonify\/producto\/regalo\/","og_site_name":"Ozonify","article_publisher":"https:\/\/www.facebook.com\/Ozonifyhome\/","article_modified_time":"2025-08-03T23:47:32+00:00","og_image":[{"url":"https:\/\/secondskin.uy\/ozonify\/wp-content\/uploads\/2021\/02\/Screen-Shot-2021-02-26-at-21.54.00.png","type":"","width":"","height":""}],"twitter_card":"summary_large_image","twitter_misc":{"Tiempo de lectura":"1 minuto"},"schema":{"@context":"https:\/\/schema.org","@graph":[{"@type":"WebPage","@id":"https:\/\/secondskin.uy\/ozonify\/producto\/regalo\/","url":"https:\/\/secondskin.uy\/ozonify\/producto\/regalo\/","name":"TARJETA DE REGALO | Comprar en Ozonify Uruguay - Ozonify","isPartOf":{"@id":"https:\/\/secondskin.uy\/ozonify\/#website"},"primaryImageOfPage":{"@id":"https:\/\/secondskin.uy\/ozonify\/producto\/regalo\/#primaryimage"},"image":{"@id":"https:\/\/secondskin.uy\/ozonify\/producto\/regalo\/#primaryimage"},"thumbnailUrl":"https:\/\/secondskin.uy\/ozonify\/wp-content\/uploads\/2021\/02\/Screen-Shot-2021-02-26-at-21.54.00.png","datePublished":"2021-02-26T06:45:15+00:00","dateModified":"2025-08-03T23:47:32+00:00","description":"Compra TARJETA DE REGALO con env\u00edo seguro en Uruguay. Innovaci\u00f3n en limpieza con ozono.","breadcrumb":{"@id":"https:\/\/secondskin.uy\/ozonify\/producto\/regalo\/#breadcrumb"},"inLanguage":"es","potentialAction":[{"@type":"ReadAction","target":["https:\/\/secondskin.uy\/ozonify\/producto\/regalo\/"]}]},{"@type":"ImageObject","inLanguage":"es","@id":"https:\/\/secondskin.uy\/ozonify\/producto\/regalo\/#primaryimage","url":"https:\/\/secondskin.uy\/ozonify\/wp-content\/uploads\/2021\/02\/Screen-Shot-2021-02-26-at-21.54.00.png","contentUrl":"https:\/\/secondskin.uy\/ozonify\/wp-content\/uploads\/2021\/02\/Screen-Shot-2021-02-26-at-21.54.00.png","width":922,"height":658},{"@type":"BreadcrumbList","@id":"https:\/\/secondskin.uy\/ozonify\/producto\/regalo\/#breadcrumb","itemListElement":[{"@type":"ListItem","position":1,"name":"Inicio","item":"https:\/\/secondskin.uy\/ozonify\/"},{"@type":"ListItem","position":2,"name":"Tienda","item":"https:\/\/secondskin.uy\/ozonify\/tienda\/"},{"@type":"ListItem","position":3,"name":"Regalo","item":"https:\/\/secondskin.uy\/ozonify\/categoria-producto\/regalo\/"},{"@type":"ListItem","position":4,"name":"TARJETA DE REGALO"}]},{"@type":"WebSite","@id":"https:\/\/secondskin.uy\/ozonify\/#website","url":"https:\/\/secondskin.uy\/ozonify\/","name":"Ozonify Uruguay","description":"Generador de agua ozonizada Ozonify","publisher":{"@id":"https:\/\/secondskin.uy\/ozonify\/#organization"},"alternateName":"Ozonify","potentialAction":[{"@type":"SearchAction","target":{"@type":"EntryPoint","urlTemplate":"https:\/\/secondskin.uy\/ozonify\/?s={search_term_string}"},"query-input":{"@type":"PropertyValueSpecification","valueRequired":true,"valueName":"search_term_string"}}],"inLanguage":"es"},{"@type":"Organization","@id":"https:\/\/secondskin.uy\/ozonify\/#organization","name":"Ozonify Uruguay","alternateName":"Ozonify","url":"https:\/\/secondskin.uy\/ozonify\/","logo":{"@type":"ImageObject","inLanguage":"es","@id":"https:\/\/secondskin.uy\/ozonify\/#\/schema\/logo\/image\/","url":"https:\/\/secondskin.uy\/ozonify\/wp-content\/uploads\/2021\/02\/LO-O-1.png","contentUrl":"https:\/\/secondskin.uy\/ozonify\/wp-content\/uploads\/2021\/02\/LO-O-1.png","width":1061,"height":628,"caption":"Ozonify Uruguay"},"image":{"@id":"https:\/\/secondskin.uy\/ozonify\/#\/schema\/logo\/image\/"},"sameAs":["https:\/\/www.facebook.com\/Ozonifyhome\/","https:\/\/www.instagram.com\/ozonifyhome\/","https:\/\/www.youtube.com\/@ozonifyhome"]}]}},"_links":{"self":[{"href":"https:\/\/secondskin.uy\/ozonify\/wp-json\/wp\/v2\/product\/2979","targetHints":{"allow":["GET"]}}],"collection":[{"href":"https:\/\/secondskin.uy\/ozonify\/wp-json\/wp\/v2\/product"}],"about":[{"href":"https:\/\/secondskin.uy\/ozonify\/wp-json\/wp\/v2\/types\/product"}],"replies":[{"embeddable":true,"href":"https:\/\/secondskin.uy\/ozonify\/wp-json\/wp\/v2\/comments?post=2979"}],"wp:attachment":[{"href":"https:\/\/secondskin.uy\/ozonify\/wp-json\/wp\/v2\/media?parent=2979"}],"wp:term":[{"taxonomy":"product_brand","embeddable":true,"href":"https:\/\/secondskin.uy\/ozonify\/wp-json\/wp\/v2\/product_brand?post=2979"},{"taxonomy":"product_cat","embeddable":true,"href":"https:\/\/secondskin.uy\/ozonify\/wp-json\/wp\/v2\/product_cat?post=2979"},{"taxonomy":"product_tag","embeddable":true,"href":"https:\/\/secondskin.uy\/ozonify\/wp-json\/wp\/v2\/product_tag?post=2979"}],"curies":[{"name":"wp","href":"https:\/\/api.w.org\/{rel}","templated":true}]}}