{"id":2931,"date":"2021-02-21T22:58:28","date_gmt":"2021-02-22T01:58:28","guid":{"rendered":"https:\/\/secondskin.uy\/ozonify\/?post_type=product&#038;p=2931"},"modified":"2025-08-03T21:03:52","modified_gmt":"2025-08-04T00:03:52","slug":"pulido-ceramico-diamond-en-pintura","status":"publish","type":"product","link":"https:\/\/secondskin.uy\/ozonify\/producto\/pulido-ceramico-diamond-en-pintura\/","title":{"rendered":"PULIDO PROFESIONAL+ NANO CER\u00c1MICO S2 PINTURA"},"content":{"rendered":"<p><iframe src=\"https:\/\/www.youtube.com\/embed\/18bJhNv_O0A?rel=0\" width=\"1096\" height=\"822\" frameborder=\"0\" allowfullscreen=\"allowfullscreen\"><\/iframe><\/p>\n","protected":false},"excerpt":{"rendered":"<p>Luego de lustrar con m\u00e1quina y llevar el brillo de la pintura a su mejor estado posible, S2 Pintura sella los poros durante varios a\u00f1os y la protege, volvi\u00e9ndola impermeable a las part\u00edculas extra\u00f1as.<\/p>\n<p>La camioneta (SUV) se va a ensuciar mucho menos y cuando lo haga, la suciedad se podr\u00e1 lavar con un poco de agua y un pa\u00f1o de micro fibra. No usar detergentes fuertemente alcalinos.<\/p>\n<p>SecondSkin filtra los rayos UV protegiendo la pintura de la radiaci\u00f3n solar y de la decoloraci\u00f3n prematura, retrasando este efecto varios a\u00f1os. Ya no ser\u00e1 necesario encerar la pintura en ning\u00fan momento, mientras dura la nano protecci\u00f3n.<\/p>\n<p>La aplicaci\u00f3n se realiza en nuestra Casa Central, ubicada en Av Italia 6381, Carrasco.<\/p>\n<p><strong>\u00a1Agendate aqu\u00ed, mas abajo!<\/strong><\/p>\n","protected":false},"featured_media":5275,"comment_status":"open","ping_status":"closed","template":"","meta":{"_joinchat":[]},"product_brand":[],"product_cat":[63,22,99,32,64,58,71],"product_tag":[],"class_list":{"0":"post-2931","1":"product","2":"type-product","3":"status-publish","4":"has-post-thumbnail","6":"product_cat-autos-y-nautica","7":"product_cat-cars","8":"product_cat-pulido-profesional-mas-ceramico-nanotecnologico-para-auto-sedan","9":"product_cat-servicios","10":"product_cat-servicios-autos-nautica","11":"product_cat-todos-los-servicios","12":"product_cat-tratamientos-ceramicos","13":"description-off","15":"first","16":"instock","17":"virtual","18":"purchasable","19":"product-type-simple"},"yoast_head":"<!-- This site is optimized with the Yoast SEO plugin v27.4 - https:\/\/yoast.com\/product\/yoast-seo-wordpress\/ -->\n<title>PULIDO PROFESIONAL+ NANO CER\u00c1MICO S2 PINTURA | Comprar en Ozonify Uruguay - Ozonify<\/title>\n<meta name=\"description\" content=\"Compra PULIDO PROFESIONAL+ NANO CER\u00c1MICO S2 PINTURA con env\u00edo seguro en Uruguay. Innovaci\u00f3n en limpieza con ozono.\" \/>\n<meta name=\"robots\" content=\"noindex, nofollow\" \/>\n<meta property=\"og:locale\" content=\"es_ES\" \/>\n<meta property=\"og:type\" content=\"article\" \/>\n<meta property=\"og:title\" content=\"PULIDO PROFESIONAL+ NANO CER\u00c1MICO S2 PINTURA | Comprar en Ozonify Uruguay - Ozonify\" \/>\n<meta property=\"og:description\" content=\"Compra PULIDO PROFESIONAL+ NANO CER\u00c1MICO S2 PINTURA con env\u00edo seguro en Uruguay. Innovaci\u00f3n en limpieza con ozono.\" \/>\n<meta property=\"og:url\" content=\"https:\/\/secondskin.uy\/ozonify\/producto\/pulido-ceramico-diamond-en-pintura\/\" \/>\n<meta property=\"og:site_name\" content=\"Ozonify\" \/>\n<meta property=\"article:publisher\" content=\"https:\/\/www.facebook.com\/Ozonifyhome\/\" \/>\n<meta property=\"article:modified_time\" content=\"2025-08-04T00:03:52+00:00\" \/>\n<meta property=\"og:image\" content=\"https:\/\/secondskin.uy\/ozonify\/wp-content\/uploads\/2021\/02\/image3.jpeg\" \/>\n\t<meta property=\"og:image:width\" content=\"1990\" \/>\n\t<meta property=\"og:image:height\" content=\"1330\" \/>\n\t<meta property=\"og:image:type\" content=\"image\/jpeg\" \/>\n<meta name=\"twitter:card\" content=\"summary_large_image\" \/>\n<meta name=\"twitter:label1\" content=\"Tiempo de lectura\" \/>\n\t<meta name=\"twitter:data1\" content=\"1 minuto\" \/>\n<!-- \/ Yoast SEO plugin. -->","yoast_head_json":{"title":"PULIDO PROFESIONAL+ NANO CER\u00c1MICO S2 PINTURA | Comprar en Ozonify Uruguay - Ozonify","description":"Compra PULIDO PROFESIONAL+ NANO CER\u00c1MICO S2 PINTURA con env\u00edo seguro en Uruguay. Innovaci\u00f3n en limpieza con ozono.","robots":{"index":"noindex","follow":"nofollow"},"og_locale":"es_ES","og_type":"article","og_title":"PULIDO PROFESIONAL+ NANO CER\u00c1MICO S2 PINTURA | Comprar en Ozonify Uruguay - Ozonify","og_description":"Compra PULIDO PROFESIONAL+ NANO CER\u00c1MICO S2 PINTURA con env\u00edo seguro en Uruguay. Innovaci\u00f3n en limpieza con ozono.","og_url":"https:\/\/secondskin.uy\/ozonify\/producto\/pulido-ceramico-diamond-en-pintura\/","og_site_name":"Ozonify","article_publisher":"https:\/\/www.facebook.com\/Ozonifyhome\/","article_modified_time":"2025-08-04T00:03:52+00:00","og_image":[{"width":1990,"height":1330,"url":"https:\/\/secondskin.uy\/ozonify\/wp-content\/uploads\/2021\/02\/image3.jpeg","type":"image\/jpeg"}],"twitter_card":"summary_large_image","twitter_misc":{"Tiempo de lectura":"1 minuto"},"schema":{"@context":"https:\/\/schema.org","@graph":[{"@type":"WebPage","@id":"https:\/\/secondskin.uy\/ozonify\/producto\/pulido-ceramico-diamond-en-pintura\/","url":"https:\/\/secondskin.uy\/ozonify\/producto\/pulido-ceramico-diamond-en-pintura\/","name":"PULIDO PROFESIONAL+ NANO CER\u00c1MICO S2 PINTURA | Comprar en Ozonify Uruguay - Ozonify","isPartOf":{"@id":"https:\/\/secondskin.uy\/ozonify\/#website"},"primaryImageOfPage":{"@id":"https:\/\/secondskin.uy\/ozonify\/producto\/pulido-ceramico-diamond-en-pintura\/#primaryimage"},"image":{"@id":"https:\/\/secondskin.uy\/ozonify\/producto\/pulido-ceramico-diamond-en-pintura\/#primaryimage"},"thumbnailUrl":"https:\/\/secondskin.uy\/ozonify\/wp-content\/uploads\/2021\/02\/image3.jpeg","datePublished":"2021-02-22T01:58:28+00:00","dateModified":"2025-08-04T00:03:52+00:00","description":"Compra PULIDO PROFESIONAL+ NANO CER\u00c1MICO S2 PINTURA con env\u00edo seguro en Uruguay. Innovaci\u00f3n en limpieza con ozono.","breadcrumb":{"@id":"https:\/\/secondskin.uy\/ozonify\/producto\/pulido-ceramico-diamond-en-pintura\/#breadcrumb"},"inLanguage":"es","potentialAction":[{"@type":"ReadAction","target":["https:\/\/secondskin.uy\/ozonify\/producto\/pulido-ceramico-diamond-en-pintura\/"]}]},{"@type":"ImageObject","inLanguage":"es","@id":"https:\/\/secondskin.uy\/ozonify\/producto\/pulido-ceramico-diamond-en-pintura\/#primaryimage","url":"https:\/\/secondskin.uy\/ozonify\/wp-content\/uploads\/2021\/02\/image3.jpeg","contentUrl":"https:\/\/secondskin.uy\/ozonify\/wp-content\/uploads\/2021\/02\/image3.jpeg","width":1990,"height":1330},{"@type":"BreadcrumbList","@id":"https:\/\/secondskin.uy\/ozonify\/producto\/pulido-ceramico-diamond-en-pintura\/#breadcrumb","itemListElement":[{"@type":"ListItem","position":1,"name":"Inicio","item":"https:\/\/secondskin.uy\/ozonify\/"},{"@type":"ListItem","position":2,"name":"Tienda","item":"https:\/\/secondskin.uy\/ozonify\/tienda\/"},{"@type":"ListItem","position":3,"name":"AUTOS Y N\u00c1UTICA","item":"https:\/\/secondskin.uy\/ozonify\/categoria-producto\/autos-y-nautica\/"},{"@type":"ListItem","position":4,"name":"SERVICIOS","item":"https:\/\/secondskin.uy\/ozonify\/categoria-producto\/autos-y-nautica\/servicios-autos-nautica\/"},{"@type":"ListItem","position":5,"name":"Tratamientos cer\u00e1micos","item":"https:\/\/secondskin.uy\/ozonify\/categoria-producto\/autos-y-nautica\/servicios-autos-nautica\/tratamientos-ceramicos\/"},{"@type":"ListItem","position":6,"name":"Pulido profesional m\u00e1s cer\u00e1mico nanotecnol\u00f3gico para auto sed\u00e1n","item":"https:\/\/secondskin.uy\/ozonify\/categoria-producto\/autos-y-nautica\/servicios-autos-nautica\/tratamientos-ceramicos\/pulido-profesional-mas-ceramico-nanotecnologico-para-auto-sedan\/"},{"@type":"ListItem","position":7,"name":"PULIDO PROFESIONAL+ NANO CER\u00c1MICO S2 PINTURA"}]},{"@type":"WebSite","@id":"https:\/\/secondskin.uy\/ozonify\/#website","url":"https:\/\/secondskin.uy\/ozonify\/","name":"Ozonify Uruguay","description":"Generador de agua ozonizada Ozonify","publisher":{"@id":"https:\/\/secondskin.uy\/ozonify\/#organization"},"alternateName":"Ozonify","potentialAction":[{"@type":"SearchAction","target":{"@type":"EntryPoint","urlTemplate":"https:\/\/secondskin.uy\/ozonify\/?s={search_term_string}"},"query-input":{"@type":"PropertyValueSpecification","valueRequired":true,"valueName":"search_term_string"}}],"inLanguage":"es"},{"@type":"Organization","@id":"https:\/\/secondskin.uy\/ozonify\/#organization","name":"Ozonify Uruguay","alternateName":"Ozonify","url":"https:\/\/secondskin.uy\/ozonify\/","logo":{"@type":"ImageObject","inLanguage":"es","@id":"https:\/\/secondskin.uy\/ozonify\/#\/schema\/logo\/image\/","url":"https:\/\/secondskin.uy\/ozonify\/wp-content\/uploads\/2021\/02\/LO-O-1.png","contentUrl":"https:\/\/secondskin.uy\/ozonify\/wp-content\/uploads\/2021\/02\/LO-O-1.png","width":1061,"height":628,"caption":"Ozonify Uruguay"},"image":{"@id":"https:\/\/secondskin.uy\/ozonify\/#\/schema\/logo\/image\/"},"sameAs":["https:\/\/www.facebook.com\/Ozonifyhome\/","https:\/\/www.instagram.com\/ozonifyhome\/","https:\/\/www.youtube.com\/@ozonifyhome"]}]}},"_links":{"self":[{"href":"https:\/\/secondskin.uy\/ozonify\/wp-json\/wp\/v2\/product\/2931","targetHints":{"allow":["GET"]}}],"collection":[{"href":"https:\/\/secondskin.uy\/ozonify\/wp-json\/wp\/v2\/product"}],"about":[{"href":"https:\/\/secondskin.uy\/ozonify\/wp-json\/wp\/v2\/types\/product"}],"replies":[{"embeddable":true,"href":"https:\/\/secondskin.uy\/ozonify\/wp-json\/wp\/v2\/comments?post=2931"}],"wp:featuredmedia":[{"embeddable":true,"href":"https:\/\/secondskin.uy\/ozonify\/wp-json\/wp\/v2\/media\/5275"}],"wp:attachment":[{"href":"https:\/\/secondskin.uy\/ozonify\/wp-json\/wp\/v2\/media?parent=2931"}],"wp:term":[{"taxonomy":"product_brand","embeddable":true,"href":"https:\/\/secondskin.uy\/ozonify\/wp-json\/wp\/v2\/product_brand?post=2931"},{"taxonomy":"product_cat","embeddable":true,"href":"https:\/\/secondskin.uy\/ozonify\/wp-json\/wp\/v2\/product_cat?post=2931"},{"taxonomy":"product_tag","embeddable":true,"href":"https:\/\/secondskin.uy\/ozonify\/wp-json\/wp\/v2\/product_tag?post=2931"}],"curies":[{"name":"wp","href":"https:\/\/api.w.org\/{rel}","templated":true}]}}