{"id":8267,"date":"2025-08-04T18:39:29","date_gmt":"2025-08-04T21:39:29","guid":{"rendered":"https:\/\/secondskin.uy\/ozonify\/?page_id=8267"},"modified":"2025-08-04T19:28:02","modified_gmt":"2025-08-04T22:28:02","slug":"terminos-y-condiciones-o3","status":"publish","type":"page","link":"https:\/\/secondskin.uy\/ozonify\/terminos-y-condiciones-o3\/","title":{"rendered":"T\u00e9rminos y Condiciones"},"content":{"rendered":"\t\t<div data-elementor-type=\"wp-page\" data-elementor-id=\"8267\" class=\"elementor elementor-8267\" data-elementor-post-type=\"page\">\n\t\t\t\t\t\t<section class=\"elementor-section elementor-top-section elementor-element elementor-element-ff00536 elementor-section-boxed elementor-section-height-default elementor-section-height-default\" data-id=\"ff00536\" data-element_type=\"section\" data-e-type=\"section\">\n\t\t\t\t\t\t<div class=\"elementor-container elementor-column-gap-default\">\n\t\t\t\t\t<div class=\"elementor-column elementor-col-100 elementor-top-column elementor-element elementor-element-7aec453\" data-id=\"7aec453\" data-element_type=\"column\" data-e-type=\"column\">\n\t\t\t<div class=\"elementor-widget-wrap elementor-element-populated\">\n\t\t\t\t\t\t<div class=\"elementor-element elementor-element-f871b02 elementor-widget elementor-widget-heading\" data-id=\"f871b02\" data-element_type=\"widget\" data-e-type=\"widget\" data-widget_type=\"heading.default\">\n\t\t\t\t<div class=\"elementor-widget-container\">\n\t\t\t\t\t<h1 class=\"elementor-heading-title elementor-size-default\">T\u00e9rminos y Condiciones de Ozonify Uruguay<\/h1>\t\t\t\t<\/div>\n\t\t\t\t<\/div>\n\t\t\t\t<div class=\"elementor-element elementor-element-1d42c60 elementor-widget elementor-widget-text-editor\" data-id=\"1d42c60\" data-element_type=\"widget\" data-e-type=\"widget\" data-widget_type=\"text-editor.default\">\n\t\t\t\t<div class=\"elementor-widget-container\">\n\t\t\t\t\t\t\t\t\t<p><span style=\"font-family: Helvetica; font-size: 14pt;\">Estos t\u00e9rminos regulan el uso del sitio <a class=\"\" href=\"https:\/\/secondskin.uy\/ozonify\" target=\"_new\" rel=\"noopener\" data-start=\"2338\" data-end=\"2396\">www.secondskin.uy\/ozonify<\/a> y la compra de productos Ozonify en Uruguay. Al utilizar nuestros servicios, acept\u00e1s las condiciones aqu\u00ed descritas.<\/span><\/p>\t\t\t\t\t\t\t\t<\/div>\n\t\t\t\t<\/div>\n\t\t\t\t\t<\/div>\n\t\t<\/div>\n\t\t\t\t\t<\/div>\n\t\t<\/section>\n\t\t\t\t<section class=\"elementor-section elementor-top-section elementor-element elementor-element-27abc0e elementor-section-boxed elementor-section-height-default elementor-section-height-default\" data-id=\"27abc0e\" data-element_type=\"section\" data-e-type=\"section\">\n\t\t\t\t\t\t<div class=\"elementor-container elementor-column-gap-default\">\n\t\t\t\t\t<div class=\"elementor-column elementor-col-100 elementor-top-column elementor-element elementor-element-ca851af\" data-id=\"ca851af\" data-element_type=\"column\" data-e-type=\"column\">\n\t\t\t<div class=\"elementor-widget-wrap elementor-element-populated\">\n\t\t\t\t\t\t<div class=\"elementor-element elementor-element-2bf3bda elementor-widget elementor-widget-heading\" data-id=\"2bf3bda\" data-element_type=\"widget\" data-e-type=\"widget\" data-widget_type=\"heading.default\">\n\t\t\t\t<div class=\"elementor-widget-container\">\n\t\t\t\t\t<h2 class=\"elementor-heading-title elementor-size-default\">1. M\u00e9todos de pago<\/h2>\t\t\t\t<\/div>\n\t\t\t\t<\/div>\n\t\t\t\t<div class=\"elementor-element elementor-element-444b1c6 elementor-widget elementor-widget-text-editor\" data-id=\"444b1c6\" data-element_type=\"widget\" data-e-type=\"widget\" data-widget_type=\"text-editor.default\">\n\t\t\t\t<div class=\"elementor-widget-container\">\n\t\t\t\t\t\t\t\t\t<p><span style=\"font-family: Helvetica; font-size: 14pt;\">Aceptamos pagos seguros mediante <strong data-start=\"2584\" data-end=\"2600\">Mercado Pago<\/strong> y otras plataformas autorizadas. Todos los precios est\u00e1n expresados en pesos uruguayos e incluyen impuestos vigentes.<\/span><\/p>\t\t\t\t\t\t\t\t<\/div>\n\t\t\t\t<\/div>\n\t\t\t\t\t<\/div>\n\t\t<\/div>\n\t\t\t\t\t<\/div>\n\t\t<\/section>\n\t\t\t\t<section class=\"elementor-section elementor-top-section elementor-element elementor-element-42e6c85 elementor-section-boxed elementor-section-height-default elementor-section-height-default\" data-id=\"42e6c85\" data-element_type=\"section\" data-e-type=\"section\">\n\t\t\t\t\t\t<div class=\"elementor-container elementor-column-gap-default\">\n\t\t\t\t\t<div class=\"elementor-column elementor-col-100 elementor-top-column elementor-element elementor-element-ba6a80a\" data-id=\"ba6a80a\" data-element_type=\"column\" data-e-type=\"column\">\n\t\t\t<div class=\"elementor-widget-wrap elementor-element-populated\">\n\t\t\t\t\t\t<div class=\"elementor-element elementor-element-d806e3e elementor-widget elementor-widget-heading\" data-id=\"d806e3e\" data-element_type=\"widget\" data-e-type=\"widget\" data-widget_type=\"heading.default\">\n\t\t\t\t<div class=\"elementor-widget-container\">\n\t\t\t\t\t<h2 class=\"elementor-heading-title elementor-size-default\">2. Pol\u00edtica de devoluciones<\/h2>\t\t\t\t<\/div>\n\t\t\t\t<\/div>\n\t\t\t\t<div class=\"elementor-element elementor-element-6ac9deb elementor-widget elementor-widget-text-editor\" data-id=\"6ac9deb\" data-element_type=\"widget\" data-e-type=\"widget\" data-widget_type=\"text-editor.default\">\n\t\t\t\t<div class=\"elementor-widget-container\">\n\t\t\t\t\t\t\t\t\t<ul><li data-start=\"2765\" data-end=\"2860\"><p data-start=\"2767\" data-end=\"2860\"><span style=\"font-family: Helvetica; font-size: 14pt;\">Pod\u00e9s solicitar la devoluci\u00f3n del producto hasta <strong data-start=\"2816\" data-end=\"2835\">7 d\u00edas corridos<\/strong> despu\u00e9s de la entrega.<\/span><\/p><\/li><li data-start=\"2861\" data-end=\"2934\"><p data-start=\"2863\" data-end=\"2934\"><span style=\"font-family: Helvetica; font-size: 14pt;\">El producto debe estar en perfecto estado y con su embalaje original.<\/span><\/p><\/li><li data-start=\"2935\" data-end=\"3021\"><p data-start=\"2937\" data-end=\"3021\"><span style=\"font-family: Helvetica; font-size: 14pt;\">Para iniciar el proceso, comunicate con nosotros a <strong data-start=\"2988\" data-end=\"3003\">094 680 896<\/strong> o por WhatsApp.<\/span><\/p><\/li><\/ul>\t\t\t\t\t\t\t\t<\/div>\n\t\t\t\t<\/div>\n\t\t\t\t\t<\/div>\n\t\t<\/div>\n\t\t\t\t\t<\/div>\n\t\t<\/section>\n\t\t\t\t<section class=\"elementor-section elementor-top-section elementor-element elementor-element-de4a21f elementor-section-boxed elementor-section-height-default elementor-section-height-default\" data-id=\"de4a21f\" data-element_type=\"section\" data-e-type=\"section\">\n\t\t\t\t\t\t<div class=\"elementor-container elementor-column-gap-default\">\n\t\t\t\t\t<div class=\"elementor-column elementor-col-100 elementor-top-column elementor-element elementor-element-a2c2f3d\" data-id=\"a2c2f3d\" data-element_type=\"column\" data-e-type=\"column\">\n\t\t\t<div class=\"elementor-widget-wrap elementor-element-populated\">\n\t\t\t\t\t\t<div class=\"elementor-element elementor-element-af19cbd elementor-widget elementor-widget-heading\" data-id=\"af19cbd\" data-element_type=\"widget\" data-e-type=\"widget\" data-widget_type=\"heading.default\">\n\t\t\t\t<div class=\"elementor-widget-container\">\n\t\t\t\t\t<h2 class=\"elementor-heading-title elementor-size-default\">3. Env\u00edos<\/h2>\t\t\t\t<\/div>\n\t\t\t\t<\/div>\n\t\t\t\t<div class=\"elementor-element elementor-element-c32ac63 elementor-widget elementor-widget-text-editor\" data-id=\"c32ac63\" data-element_type=\"widget\" data-e-type=\"widget\" data-widget_type=\"text-editor.default\">\n\t\t\t\t<div class=\"elementor-widget-container\">\n\t\t\t\t\t\t\t\t\t<p><span style=\"font-family: Helvetica; font-size: 14pt;\">Realizamos env\u00edos en todo Uruguay mediante servicios de mensajer\u00eda confiables. El plazo estimado de entrega ser\u00e1 informado al momento de la compra.<\/span><\/p>\t\t\t\t\t\t\t\t<\/div>\n\t\t\t\t<\/div>\n\t\t\t\t\t<\/div>\n\t\t<\/div>\n\t\t\t\t\t<\/div>\n\t\t<\/section>\n\t\t\t\t<section class=\"elementor-section elementor-top-section elementor-element elementor-element-9f61d8f elementor-section-boxed elementor-section-height-default elementor-section-height-default\" data-id=\"9f61d8f\" data-element_type=\"section\" data-e-type=\"section\">\n\t\t\t\t\t\t<div class=\"elementor-container elementor-column-gap-default\">\n\t\t\t\t\t<div class=\"elementor-column elementor-col-100 elementor-top-column elementor-element elementor-element-ad05ab0\" data-id=\"ad05ab0\" data-element_type=\"column\" data-e-type=\"column\">\n\t\t\t<div class=\"elementor-widget-wrap elementor-element-populated\">\n\t\t\t\t\t\t<div class=\"elementor-element elementor-element-34cb2c1 elementor-widget elementor-widget-heading\" data-id=\"34cb2c1\" data-element_type=\"widget\" data-e-type=\"widget\" data-widget_type=\"heading.default\">\n\t\t\t\t<div class=\"elementor-widget-container\">\n\t\t\t\t\t<h2 class=\"elementor-heading-title elementor-size-default\">4. Uso adecuado del producto<\/h2>\t\t\t\t<\/div>\n\t\t\t\t<\/div>\n\t\t\t\t<div class=\"elementor-element elementor-element-7810028 elementor-widget elementor-widget-text-editor\" data-id=\"7810028\" data-element_type=\"widget\" data-e-type=\"widget\" data-widget_type=\"text-editor.default\">\n\t\t\t\t<div class=\"elementor-widget-container\">\n\t\t\t\t\t\t\t\t\t<p><span style=\"font-family: Helvetica; font-size: 14pt;\">Nuestros productos est\u00e1n dise\u00f1ados para uso dom\u00e9stico y comercial seguro. Ozonify no se hace responsable por da\u00f1os ocasionados por uso indebido o falta de instalaci\u00f3n correcta.<\/span><\/p>\t\t\t\t\t\t\t\t<\/div>\n\t\t\t\t<\/div>\n\t\t\t\t\t<\/div>\n\t\t<\/div>\n\t\t\t\t\t<\/div>\n\t\t<\/section>\n\t\t\t\t<section class=\"elementor-section elementor-top-section elementor-element elementor-element-d399bf5 elementor-section-boxed elementor-section-height-default elementor-section-height-default\" data-id=\"d399bf5\" data-element_type=\"section\" data-e-type=\"section\">\n\t\t\t\t\t\t<div class=\"elementor-container elementor-column-gap-default\">\n\t\t\t\t\t<div class=\"elementor-column elementor-col-100 elementor-top-column elementor-element elementor-element-7749a26\" data-id=\"7749a26\" data-element_type=\"column\" data-e-type=\"column\">\n\t\t\t<div class=\"elementor-widget-wrap elementor-element-populated\">\n\t\t\t\t\t\t<div class=\"elementor-element elementor-element-30142ea elementor-widget elementor-widget-heading\" data-id=\"30142ea\" data-element_type=\"widget\" data-e-type=\"widget\" data-widget_type=\"heading.default\">\n\t\t\t\t<div class=\"elementor-widget-container\">\n\t\t\t\t\t<h2 class=\"elementor-heading-title elementor-size-default\">5. Contacto<\/h2>\t\t\t\t<\/div>\n\t\t\t\t<\/div>\n\t\t\t\t<div class=\"elementor-element elementor-element-8dcf0fc elementor-widget elementor-widget-text-editor\" data-id=\"8dcf0fc\" data-element_type=\"widget\" data-e-type=\"widget\" data-widget_type=\"text-editor.default\">\n\t\t\t\t<div class=\"elementor-widget-container\">\n\t\t\t\t\t\t\t\t\t<p><span style=\"font-family: Helvetica; font-size: 14pt;\">Ante cualquier duda sobre estos t\u00e9rminos, escribinos a <strong data-start=\"3505\" data-end=\"3540\"><a class=\"cursor-pointer\" rel=\"noopener\" data-start=\"3507\" data-end=\"3538\">grozenblum@secondskinglobal.com<\/a><\/strong> o llamanos al <strong data-start=\"3555\" data-end=\"3570\">094 680 896<\/strong>.<\/span><\/p>\t\t\t\t\t\t\t\t<\/div>\n\t\t\t\t<\/div>\n\t\t\t\t\t<\/div>\n\t\t<\/div>\n\t\t\t\t\t<\/div>\n\t\t<\/section>\n\t\t\t\t<section class=\"elementor-section elementor-top-section elementor-element elementor-element-50d4e48 elementor-section-boxed elementor-section-height-default elementor-section-height-default\" data-id=\"50d4e48\" data-element_type=\"section\" data-e-type=\"section\">\n\t\t\t\t\t\t<div class=\"elementor-container elementor-column-gap-default\">\n\t\t\t\t\t<div class=\"elementor-column elementor-col-100 elementor-top-column elementor-element elementor-element-83762af\" data-id=\"83762af\" data-element_type=\"column\" data-e-type=\"column\">\n\t\t\t<div class=\"elementor-widget-wrap elementor-element-populated\">\n\t\t\t\t\t\t<div class=\"elementor-element elementor-element-12814d5 elementor-widget elementor-widget-heading\" data-id=\"12814d5\" data-element_type=\"widget\" data-e-type=\"widget\" data-widget_type=\"heading.default\">\n\t\t\t\t<div class=\"elementor-widget-container\">\n\t\t\t\t\t<h2 class=\"elementor-heading-title elementor-size-default\">6. Cambios en los t\u00e9rminos<\/h2>\t\t\t\t<\/div>\n\t\t\t\t<\/div>\n\t\t\t\t<div class=\"elementor-element elementor-element-cbcabf8 elementor-widget elementor-widget-text-editor\" data-id=\"cbcabf8\" data-element_type=\"widget\" data-e-type=\"widget\" data-widget_type=\"text-editor.default\">\n\t\t\t\t<div class=\"elementor-widget-container\">\n\t\t\t\t\t\t\t\t\t<p><span style=\"font-family: Helvetica; font-size: 14pt;\">Podemos modificar estos t\u00e9rminos en cualquier momento. Las versiones actualizadas estar\u00e1n disponibles en esta misma p\u00e1gina.<\/span><\/p><p><span style=\"font-family: Helvetica; font-size: 12pt;\">Versi\u00f3n actualizada 4\/8\/2025<\/span><\/p>\t\t\t\t\t\t\t\t<\/div>\n\t\t\t\t<\/div>\n\t\t\t\t\t<\/div>\n\t\t<\/div>\n\t\t\t\t\t<\/div>\n\t\t<\/section>\n\t\t\t\t<\/div>\n\t\t","protected":false},"excerpt":{"rendered":"<p>T\u00e9rminos y Condiciones de Ozonify Uruguay Estos t\u00e9rminos regulan el uso del sitio www.secondskin.uy\/ozonify y la compra de productos Ozonify en Uruguay. Al utilizar nuestros servicios, acept\u00e1s las condiciones aqu\u00ed descritas. 1. M\u00e9todos de pago Aceptamos pagos seguros mediante Mercado Pago y otras plataformas autorizadas. Todos los precios est\u00e1n expresados en pesos uruguayos e incluyen&hellip;<\/p>\n","protected":false},"author":2,"featured_media":0,"parent":0,"menu_order":0,"comment_status":"closed","ping_status":"closed","template":"","meta":{"_joinchat":[],"footnotes":""},"class_list":["post-8267","page","type-page","status-publish","hentry"],"yoast_head":"<!-- This site is optimized with the Yoast SEO plugin v27.4 - https:\/\/yoast.com\/product\/yoast-seo-wordpress\/ -->\n<title>T\u00e9rminos y Condiciones | Ozonify Uruguay - Ozonify<\/title>\n<meta name=\"description\" content=\"Condiciones de uso y compra en Ozonify Uruguay: pagos seguros, env\u00edos, devoluciones en 7 d\u00edas y tus derechos como consumidor protegidos\" \/>\n<meta name=\"robots\" content=\"index, follow, max-snippet:-1, max-image-preview:large, max-video-preview:-1\" \/>\n<link rel=\"canonical\" href=\"https:\/\/secondskin.uy\/ozonify\/terminos-y-condiciones-o3\/\" \/>\n<meta property=\"og:locale\" content=\"es_ES\" \/>\n<meta property=\"og:type\" content=\"article\" \/>\n<meta property=\"og:title\" content=\"T\u00e9rminos y Condiciones | Ozonify Uruguay - Ozonify\" \/>\n<meta property=\"og:description\" content=\"Condiciones de uso y compra en Ozonify Uruguay: pagos seguros, env\u00edos, devoluciones en 7 d\u00edas y tus derechos como consumidor protegidos\" \/>\n<meta property=\"og:url\" content=\"https:\/\/secondskin.uy\/ozonify\/terminos-y-condiciones-o3\/\" \/>\n<meta property=\"og:site_name\" content=\"Ozonify\" \/>\n<meta property=\"article:publisher\" content=\"https:\/\/www.facebook.com\/Ozonifyhome\/\" \/>\n<meta property=\"article:modified_time\" content=\"2025-08-04T22:28:02+00:00\" \/>\n<meta property=\"og:image\" content=\"https:\/\/secondskin.uy\/ozonify\/wp-content\/uploads\/2021\/02\/LO-O-1.png\" \/>\n\t<meta property=\"og:image:width\" content=\"1061\" \/>\n\t<meta property=\"og:image:height\" content=\"628\" \/>\n\t<meta property=\"og:image:type\" content=\"image\/png\" \/>\n<meta name=\"twitter:card\" content=\"summary_large_image\" \/>\n<meta name=\"twitter:label1\" content=\"Tiempo de lectura\" \/>\n\t<meta name=\"twitter:data1\" content=\"1 minuto\" \/>\n<!-- \/ Yoast SEO plugin. -->","yoast_head_json":{"title":"T\u00e9rminos y Condiciones | Ozonify Uruguay - Ozonify","description":"Condiciones de uso y compra en Ozonify Uruguay: pagos seguros, env\u00edos, devoluciones en 7 d\u00edas y tus derechos como consumidor protegidos","robots":{"index":"index","follow":"follow","max-snippet":"max-snippet:-1","max-image-preview":"max-image-preview:large","max-video-preview":"max-video-preview:-1"},"canonical":"https:\/\/secondskin.uy\/ozonify\/terminos-y-condiciones-o3\/","og_locale":"es_ES","og_type":"article","og_title":"T\u00e9rminos y Condiciones | Ozonify Uruguay - Ozonify","og_description":"Condiciones de uso y compra en Ozonify Uruguay: pagos seguros, env\u00edos, devoluciones en 7 d\u00edas y tus derechos como consumidor protegidos","og_url":"https:\/\/secondskin.uy\/ozonify\/terminos-y-condiciones-o3\/","og_site_name":"Ozonify","article_publisher":"https:\/\/www.facebook.com\/Ozonifyhome\/","article_modified_time":"2025-08-04T22:28:02+00:00","og_image":[{"width":1061,"height":628,"url":"https:\/\/secondskin.uy\/ozonify\/wp-content\/uploads\/2021\/02\/LO-O-1.png","type":"image\/png"}],"twitter_card":"summary_large_image","twitter_misc":{"Tiempo de lectura":"1 minuto"},"schema":{"@context":"https:\/\/schema.org","@graph":[{"@type":"WebPage","@id":"https:\/\/secondskin.uy\/ozonify\/terminos-y-condiciones-o3\/","url":"https:\/\/secondskin.uy\/ozonify\/terminos-y-condiciones-o3\/","name":"T\u00e9rminos y Condiciones | Ozonify Uruguay - Ozonify","isPartOf":{"@id":"https:\/\/secondskin.uy\/ozonify\/#website"},"datePublished":"2025-08-04T21:39:29+00:00","dateModified":"2025-08-04T22:28:02+00:00","description":"Condiciones de uso y compra en Ozonify Uruguay: pagos seguros, env\u00edos, devoluciones en 7 d\u00edas y tus derechos como consumidor protegidos","breadcrumb":{"@id":"https:\/\/secondskin.uy\/ozonify\/terminos-y-condiciones-o3\/#breadcrumb"},"inLanguage":"es","potentialAction":[{"@type":"ReadAction","target":["https:\/\/secondskin.uy\/ozonify\/terminos-y-condiciones-o3\/"]}]},{"@type":"BreadcrumbList","@id":"https:\/\/secondskin.uy\/ozonify\/terminos-y-condiciones-o3\/#breadcrumb","itemListElement":[{"@type":"ListItem","position":1,"name":"Inicio","item":"https:\/\/secondskin.uy\/ozonify\/"},{"@type":"ListItem","position":2,"name":"T\u00e9rminos y Condiciones"}]},{"@type":"WebSite","@id":"https:\/\/secondskin.uy\/ozonify\/#website","url":"https:\/\/secondskin.uy\/ozonify\/","name":"Ozonify Uruguay","description":"Generador de agua ozonizada Ozonify","publisher":{"@id":"https:\/\/secondskin.uy\/ozonify\/#organization"},"alternateName":"Ozonify","potentialAction":[{"@type":"SearchAction","target":{"@type":"EntryPoint","urlTemplate":"https:\/\/secondskin.uy\/ozonify\/?s={search_term_string}"},"query-input":{"@type":"PropertyValueSpecification","valueRequired":true,"valueName":"search_term_string"}}],"inLanguage":"es"},{"@type":"Organization","@id":"https:\/\/secondskin.uy\/ozonify\/#organization","name":"Ozonify Uruguay","alternateName":"Ozonify","url":"https:\/\/secondskin.uy\/ozonify\/","logo":{"@type":"ImageObject","inLanguage":"es","@id":"https:\/\/secondskin.uy\/ozonify\/#\/schema\/logo\/image\/","url":"https:\/\/secondskin.uy\/ozonify\/wp-content\/uploads\/2021\/02\/LO-O-1.png","contentUrl":"https:\/\/secondskin.uy\/ozonify\/wp-content\/uploads\/2021\/02\/LO-O-1.png","width":1061,"height":628,"caption":"Ozonify Uruguay"},"image":{"@id":"https:\/\/secondskin.uy\/ozonify\/#\/schema\/logo\/image\/"},"sameAs":["https:\/\/www.facebook.com\/Ozonifyhome\/","https:\/\/www.instagram.com\/ozonifyhome\/","https:\/\/www.youtube.com\/@ozonifyhome"]}]}},"_links":{"self":[{"href":"https:\/\/secondskin.uy\/ozonify\/wp-json\/wp\/v2\/pages\/8267","targetHints":{"allow":["GET"]}}],"collection":[{"href":"https:\/\/secondskin.uy\/ozonify\/wp-json\/wp\/v2\/pages"}],"about":[{"href":"https:\/\/secondskin.uy\/ozonify\/wp-json\/wp\/v2\/types\/page"}],"author":[{"embeddable":true,"href":"https:\/\/secondskin.uy\/ozonify\/wp-json\/wp\/v2\/users\/2"}],"replies":[{"embeddable":true,"href":"https:\/\/secondskin.uy\/ozonify\/wp-json\/wp\/v2\/comments?post=8267"}],"version-history":[{"count":0,"href":"https:\/\/secondskin.uy\/ozonify\/wp-json\/wp\/v2\/pages\/8267\/revisions"}],"wp:attachment":[{"href":"https:\/\/secondskin.uy\/ozonify\/wp-json\/wp\/v2\/media?parent=8267"}],"curies":[{"name":"wp","href":"https:\/\/api.w.org\/{rel}","templated":true}]}}