{"id":5954,"date":"2025-03-28T17:09:33","date_gmt":"2025-03-28T20:09:33","guid":{"rendered":"https:\/\/secondskin.uy\/ozonify\/?page_id=5954"},"modified":"2025-09-05T18:05:40","modified_gmt":"2025-09-05T21:05:40","slug":"oportunidad-de-negocio","status":"publish","type":"page","link":"https:\/\/secondskin.uy\/ozonify\/oportunidad-de-negocio\/","title":{"rendered":"Oportunidad de Negocio"},"content":{"rendered":"\t\t<div data-elementor-type=\"wp-page\" data-elementor-id=\"5954\" class=\"elementor elementor-5954\" data-elementor-post-type=\"page\">\n\t\t\t\t\t\t<section class=\"elementor-section elementor-top-section elementor-element elementor-element-5c40425 elementor-section-stretched elementor-section-boxed elementor-section-height-default elementor-section-height-default\" data-id=\"5c40425\" data-element_type=\"section\" data-e-type=\"section\" data-settings=\"{&quot;stretch_section&quot;:&quot;section-stretched&quot;,&quot;background_background&quot;:&quot;classic&quot;}\">\n\t\t\t\t\t\t\t<div class=\"elementor-background-overlay\"><\/div>\n\t\t\t\t\t\t\t<div class=\"elementor-container elementor-column-gap-no\">\n\t\t\t\t\t<div class=\"elementor-column elementor-col-100 elementor-top-column elementor-element elementor-element-d45e23a elementor-hidden-mobile\" data-id=\"d45e23a\" data-element_type=\"column\" data-e-type=\"column\" data-settings=\"{&quot;background_background&quot;:&quot;classic&quot;}\">\n\t\t\t<div class=\"elementor-widget-wrap elementor-element-populated\">\n\t\t\t\t\t\t<div class=\"elementor-element elementor-element-c49afd4 elementor-widget elementor-widget-spacer\" data-id=\"c49afd4\" data-element_type=\"widget\" data-e-type=\"widget\" data-widget_type=\"spacer.default\">\n\t\t\t\t<div class=\"elementor-widget-container\">\n\t\t\t\t\t\t\t<div class=\"elementor-spacer\">\n\t\t\t<div class=\"elementor-spacer-inner\"><\/div>\n\t\t<\/div>\n\t\t\t\t\t\t<\/div>\n\t\t\t\t<\/div>\n\t\t\t\t\t<\/div>\n\t\t<\/div>\n\t\t\t\t\t<\/div>\n\t\t<\/section>\n\t\t\t\t<section class=\"elementor-section elementor-top-section elementor-element elementor-element-95555b1 elementor-section-full_width elementor-section-height-default elementor-section-height-default\" data-id=\"95555b1\" data-element_type=\"section\" data-e-type=\"section\">\n\t\t\t\t\t\t<div class=\"elementor-container elementor-column-gap-default\">\n\t\t\t\t\t<div class=\"elementor-column elementor-col-100 elementor-top-column elementor-element elementor-element-6ca4f1ee\" data-id=\"6ca4f1ee\" data-element_type=\"column\" data-e-type=\"column\">\n\t\t\t<div class=\"elementor-widget-wrap elementor-element-populated\">\n\t\t\t\t\t\t<div class=\"elementor-element elementor-element-7408fbe9 elementor-widget elementor-widget-heading\" data-id=\"7408fbe9\" data-element_type=\"widget\" data-e-type=\"widget\" data-widget_type=\"heading.default\">\n\t\t\t\t<div class=\"elementor-widget-container\">\n\t\t\t\t\t<h1 class=\"elementor-heading-title elementor-size-default\">\ud83c\udf31 Oportunidad de negocio con Ozonify: Generador y Ozonizador de Agua Sustentable<\/h1>\t\t\t\t<\/div>\n\t\t\t\t<\/div>\n\t\t\t\t<div class=\"elementor-element elementor-element-f2253ac elementor-widget elementor-widget-text-editor\" data-id=\"f2253ac\" data-element_type=\"widget\" data-e-type=\"widget\" data-widget_type=\"text-editor.default\">\n\t\t\t\t<div class=\"elementor-widget-container\">\n\t\t\t\t\t\t\t\t\t<h3 style=\"text-align: center;\" data-start=\"382\" data-end=\"430\"><span style=\"font-family: Helvetica; font-size: 18pt;\">\u00bfQuer\u00e9s generar ingresos extra de manera flexible y sin jefes? <\/span><br \/><span style=\"font-family: Helvetica; font-size: 18pt;\">Con Ozonify pod\u00e9s hacerlo como distribuidor\/a independiente, sin inversi\u00f3n inicial y con un ozonizador de agua innovador que ya est\u00e1 transformando hogares, negocios y familias.<\/span><\/h3>\t\t\t\t\t\t\t\t<\/div>\n\t\t\t\t<\/div>\n\t\t\t\t<div class=\"elementor-element elementor-element-1546942 elementor-widget elementor-widget-text-editor\" data-id=\"1546942\" data-element_type=\"widget\" data-e-type=\"widget\" data-widget_type=\"text-editor.default\">\n\t\t\t\t<div class=\"elementor-widget-container\">\n\t\t\t\t\t\t\t\t\t<h3 data-start=\"687\" data-end=\"747\"><span style=\"font-family: Helvetica; font-size: 18pt;\">\ud83d\udca1 \u00bfPor qu\u00e9 elegir Ozonify como oportunidad de negocio?<\/span><\/h3><p data-start=\"750\" data-end=\"833\"><span style=\"font-family: Helvetica; font-size: 14pt;\">\ud83d\udd39 <strong data-start=\"753\" data-end=\"775\">Flexibilidad total<\/strong>: eleg\u00eds c\u00f3mo, cu\u00e1ndo y con qui\u00e9n compartir el producto.<\/span><\/p><p data-start=\"836\" data-end=\"924\"><span style=\"font-family: Helvetica; font-size: 14pt;\">\ud83d\udd39 <strong data-start=\"839\" data-end=\"863\">Ingresos a tu medida<\/strong>: vos decid\u00eds cu\u00e1nto ganar, seg\u00fan tu esfuerzo y dedicaci\u00f3n.<\/span><\/p><p data-start=\"927\" data-end=\"994\"><span style=\"font-family: Helvetica; font-size: 14pt;\">\ud83d\udd39 <strong data-start=\"930\" data-end=\"952\">Independencia real<\/strong>: sin horarios, sin oficinas, sin jefes.<\/span><\/p><p data-start=\"997\" data-end=\"1107\"><span style=\"font-family: Helvetica; font-size: 14pt;\">\ud83d\udd39 <strong data-start=\"1000\" data-end=\"1034\">Producto innovador y saludable<\/strong>: cada vez m\u00e1s personas eligen Ozonify y el agua ozonizada para cuidar su hogar, su salud y el medioambiente.<\/span><\/p>\t\t\t\t\t\t\t\t<\/div>\n\t\t\t\t<\/div>\n\t\t\t\t<div class=\"elementor-element elementor-element-13b5b77 elementor-widget elementor-widget-text-editor\" data-id=\"13b5b77\" data-element_type=\"widget\" data-e-type=\"widget\" data-widget_type=\"text-editor.default\">\n\t\t\t\t<div class=\"elementor-widget-container\">\n\t\t\t\t\t\t\t\t\t<h3 data-start=\"877\" data-end=\"903\"><span style=\"font-family: Helvetica; font-size: 18pt;\"><strong data-start=\"877\" data-end=\"903\">\ud83d\ude80 \u00bfC\u00f3mo funciona?<\/strong><\/span><\/h3><p data-start=\"905\" data-end=\"1281\"><span style=\"font-family: Helvetica; font-size: 14pt;\">\ud83d\udd38 Acced\u00e9s a un programa pensado para personas aut\u00f3nomas, con esp\u00edritu emprendedor.<\/span><br data-start=\"988\" data-end=\"991\" \/><span style=\"font-family: Helvetica; font-size: 14pt;\">\ud83d\udd38 Te brindamos informaci\u00f3n, materiales promocionales y orientaci\u00f3n comercial para que los uses como quieras.<\/span><br data-start=\"1100\" data-end=\"1103\" \/><span style=\"font-family: Helvetica; font-size: 14pt;\">\ud83d\udd38 Vos decid\u00eds si quer\u00e9s compartir el ozonizador de agua Ozonify por redes, entre conocidos, o incluso crear tu propia red de ventas.<\/span><br data-start=\"1214\" data-end=\"1217\" \/><span style=\"font-family: Helvetica; font-size: 14pt;\">\ud83d\udd38 Recib\u00eds una comisi\u00f3n por cada venta concretada a trav\u00e9s tuyo.<\/span><\/p><p data-start=\"1283\" data-end=\"1420\"><span style=\"font-family: Helvetica; font-size: 14pt;\">Todo el proceso es 100% flexible. No existen metas impuestas ni exclusividad. Vos sos quien gestiona tu actividad como mejor te convenga.<\/span><\/p>\t\t\t\t\t\t\t\t<\/div>\n\t\t\t\t<\/div>\n\t\t\t\t<div class=\"elementor-element elementor-element-6d9521d elementor-widget elementor-widget-text-editor\" data-id=\"6d9521d\" data-element_type=\"widget\" data-e-type=\"widget\" data-widget_type=\"text-editor.default\">\n\t\t\t\t<div class=\"elementor-widget-container\">\n\t\t\t\t\t\t\t\t\t<h3 data-start=\"1639\" data-end=\"1677\"><span style=\"font-family: Helvetica; font-size: 18pt;\">\ud83c\udf0d \u00bfPara qui\u00e9n es esta propuesta?<\/span><\/h3><p data-start=\"1678\" data-end=\"1958\"><span style=\"font-family: Helvetica; font-size: 14pt;\">\u2714 Personas que buscan <strong data-start=\"1700\" data-end=\"1733\">ganar dinero extra desde casa<\/strong>.<\/span><br data-start=\"1734\" data-end=\"1737\" \/><span style=\"font-family: Helvetica; font-size: 14pt;\">\u2714 Quienes desean un <strong data-start=\"1757\" data-end=\"1797\">emprendimiento sin jefes ni horarios<\/strong>.<\/span><br data-start=\"1798\" data-end=\"1801\" \/><span style=\"font-family: Helvetica; font-size: 14pt;\">\u2714 Personas con <strong data-start=\"1816\" data-end=\"1840\">esp\u00edritu emprendedor<\/strong> y ganas de crecer a su ritmo.<\/span><br data-start=\"1870\" data-end=\"1873\" \/><span style=\"font-family: Helvetica; font-size: 14pt;\">\u2714 Quienes buscan un <strong data-start=\"1893\" data-end=\"1928\">negocio sustentable e innovador<\/strong> en el sector salud y hogar.<\/span><\/p>\t\t\t\t\t\t\t\t<\/div>\n\t\t\t\t<\/div>\n\t\t\t\t<div class=\"elementor-element elementor-element-2ee4449 elementor-widget elementor-widget-text-editor\" data-id=\"2ee4449\" data-element_type=\"widget\" data-e-type=\"widget\" data-widget_type=\"text-editor.default\">\n\t\t\t\t<div class=\"elementor-widget-container\">\n\t\t\t\t\t\t\t\t\t<h3 data-start=\"1427\" data-end=\"1456\"><span style=\"font-family: Helvetica; font-size: 18pt;\"><strong data-start=\"1427\" data-end=\"1456\">\ud83d\udcac \u00bfQuer\u00e9s m\u00e1s informaci\u00f3n?<\/strong><\/span><\/h3><p data-start=\"1458\" data-end=\"1602\"><span style=\"font-family: Helvetica; font-size: 14pt;\">Escribinos y te enviamos la propuesta completa de manera <strong data-start=\"2055\" data-end=\"2084\">informal y sin compromiso<\/strong>. Vamos a responder todas tus dudas y mostrarte c\u00f3mo pod\u00e9s empezar.<\/span><\/p><p data-start=\"1604\" data-end=\"1658\"><span style=\"font-family: Helvetica; font-size: 14pt;\">\ud83d\udcf2 Seguinos en todas nuestras <a href=\"https:\/\/linktr.ee\/ozonify\">REDES<\/a><\/span><\/p>\t\t\t\t\t\t\t\t<\/div>\n\t\t\t\t<\/div>\n\t\t\t\t<div class=\"elementor-element elementor-element-9422a73 elementor-widget elementor-widget-text-editor\" data-id=\"9422a73\" data-element_type=\"widget\" data-e-type=\"widget\" data-widget_type=\"text-editor.default\">\n\t\t\t\t<div class=\"elementor-widget-container\">\n\t\t\t\t\t\t\t\t\t<h2 data-start=\"1665\" data-end=\"1686\"><span style=\"font-family: Helvetica;\"><strong data-start=\"1665\" data-end=\"1686\">\ud83d\udccc Nota legal<\/strong><\/span><\/h2><p data-start=\"1688\" data-end=\"1932\"><span style=\"font-family: Helvetica; font-size: 14pt;\"><em data-start=\"1688\" data-end=\"1932\">Esta no es una propuesta de empleo ni genera v\u00ednculo laboral alguno. Cada persona que participa como distribuidor\/a lo hace de forma libre, independiente y sin subordinaci\u00f3n. Ozonify no impone horarios, tareas, metas ni control de resultados.<\/em><\/span><\/p>\t\t\t\t\t\t\t\t<\/div>\n\t\t\t\t<\/div>\n\t\t\t\t\t<\/div>\n\t\t<\/div>\n\t\t\t\t\t<\/div>\n\t\t<\/section>\n\t\t\t\t<section class=\"elementor-section elementor-top-section elementor-element elementor-element-2b17f49 elementor-section-boxed elementor-section-height-default elementor-section-height-default\" data-id=\"2b17f49\" data-element_type=\"section\" data-e-type=\"section\">\n\t\t\t\t\t\t<div class=\"elementor-container elementor-column-gap-default\">\n\t\t\t\t\t<div class=\"elementor-column elementor-col-100 elementor-top-column elementor-element elementor-element-237dc13\" data-id=\"237dc13\" data-element_type=\"column\" data-e-type=\"column\">\n\t\t\t<div class=\"elementor-widget-wrap elementor-element-populated\">\n\t\t\t\t\t\t<div class=\"elementor-element elementor-element-4568005 elementor-button-info elementor-align-center elementor-widget elementor-widget-button\" data-id=\"4568005\" data-element_type=\"widget\" data-e-type=\"widget\" data-widget_type=\"button.default\">\n\t\t\t\t<div class=\"elementor-widget-container\">\n\t\t\t\t\t\t\t\t\t<div class=\"elementor-button-wrapper\">\n\t\t\t\t\t<a class=\"elementor-button elementor-button-link elementor-size-sm elementor-animation-grow\" href=\"https:\/\/secondskin.uy\/ozonify\/contacto\/\" id=\"CONTACTO\">\n\t\t\t\t\t\t<span class=\"elementor-button-content-wrapper\">\n\t\t\t\t\t\t\t\t\t<span class=\"elementor-button-text\">\u00a1CONTACTANOS AHORA!<\/span>\n\t\t\t\t\t<\/span>\n\t\t\t\t\t<\/a>\n\t\t\t\t<\/div>\n\t\t\t\t\t\t\t\t<\/div>\n\t\t\t\t<\/div>\n\t\t\t\t\t<\/div>\n\t\t<\/div>\n\t\t\t\t\t<\/div>\n\t\t<\/section>\n\t\t\t\t<\/div>\n\t\t","protected":false},"excerpt":{"rendered":"<p>\ud83c\udf31 Oportunidad de negocio con Ozonify: Generador y Ozonizador de Agua Sustentable \u00bfQuer\u00e9s generar ingresos extra de manera flexible y sin jefes? Con Ozonify pod\u00e9s hacerlo como distribuidor\/a independiente, sin inversi\u00f3n inicial y con un ozonizador de agua innovador que ya est\u00e1 transformando hogares, negocios y familias. \ud83d\udca1 \u00bfPor qu\u00e9 elegir Ozonify como oportunidad de&hellip;<\/p>\n","protected":false},"author":2,"featured_media":5867,"parent":0,"menu_order":0,"comment_status":"closed","ping_status":"closed","template":"elementor_header_footer","meta":{"_joinchat":[],"footnotes":""},"class_list":["post-5954","page","type-page","status-publish","has-post-thumbnail","hentry"],"yoast_head":"<!-- This site is optimized with the Yoast SEO plugin v27.6 - https:\/\/yoast.com\/product\/yoast-seo-wordpress\/ -->\n<title>Oportunidad de Negocio Ozonify | Generador de Agua Ozonizada<\/title>\n<meta name=\"description\" content=\"Gener\u00e1 ingresos extra con Ozonify promoviendo el ozonizador de agua, sin jefes ni horarios. Distribuci\u00f3n flexible, sustentable y rentable.\" \/>\n<meta name=\"robots\" content=\"index, follow, max-snippet:-1, max-image-preview:large, max-video-preview:-1\" \/>\n<link rel=\"canonical\" href=\"https:\/\/secondskin.uy\/ozonify\/oportunidad-de-negocio\/\" \/>\n<meta property=\"og:locale\" content=\"es_ES\" \/>\n<meta property=\"og:type\" content=\"article\" \/>\n<meta property=\"og:title\" content=\"Oportunidad de Negocio Ozonify | Generador de Agua Ozonizada\" \/>\n<meta property=\"og:description\" content=\"Gener\u00e1 ingresos extra con Ozonify promoviendo el ozonizador de agua, sin jefes ni horarios. Distribuci\u00f3n flexible, sustentable y rentable.\" \/>\n<meta property=\"og:url\" content=\"https:\/\/secondskin.uy\/ozonify\/oportunidad-de-negocio\/\" \/>\n<meta property=\"og:site_name\" content=\"Ozonify\" \/>\n<meta property=\"article:publisher\" content=\"https:\/\/www.facebook.com\/Ozonifyhome\/\" \/>\n<meta property=\"article:modified_time\" content=\"2025-09-05T21:05:40+00:00\" \/>\n<meta property=\"og:image\" content=\"https:\/\/secondskin.uy\/ozonify\/wp-content\/uploads\/2021\/02\/LO-O-1.png\" \/>\n\t<meta property=\"og:image:width\" content=\"1061\" \/>\n\t<meta property=\"og:image:height\" content=\"628\" \/>\n\t<meta property=\"og:image:type\" content=\"image\/png\" \/>\n<meta name=\"twitter:card\" content=\"summary_large_image\" \/>\n<meta name=\"twitter:label1\" content=\"Tiempo de lectura\" \/>\n\t<meta name=\"twitter:data1\" content=\"2 minutos\" \/>\n<!-- \/ Yoast SEO plugin. -->","yoast_head_json":{"title":"Oportunidad de Negocio Ozonify | Generador de Agua Ozonizada","description":"Gener\u00e1 ingresos extra con Ozonify promoviendo el ozonizador de agua, sin jefes ni horarios. Distribuci\u00f3n flexible, sustentable y rentable.","robots":{"index":"index","follow":"follow","max-snippet":"max-snippet:-1","max-image-preview":"max-image-preview:large","max-video-preview":"max-video-preview:-1"},"canonical":"https:\/\/secondskin.uy\/ozonify\/oportunidad-de-negocio\/","og_locale":"es_ES","og_type":"article","og_title":"Oportunidad de Negocio Ozonify | Generador de Agua Ozonizada","og_description":"Gener\u00e1 ingresos extra con Ozonify promoviendo el ozonizador de agua, sin jefes ni horarios. Distribuci\u00f3n flexible, sustentable y rentable.","og_url":"https:\/\/secondskin.uy\/ozonify\/oportunidad-de-negocio\/","og_site_name":"Ozonify","article_publisher":"https:\/\/www.facebook.com\/Ozonifyhome\/","article_modified_time":"2025-09-05T21:05:40+00:00","og_image":[{"width":1061,"height":628,"url":"https:\/\/secondskin.uy\/ozonify\/wp-content\/uploads\/2021\/02\/LO-O-1.png","type":"image\/png"}],"twitter_card":"summary_large_image","twitter_misc":{"Tiempo de lectura":"2 minutos"},"schema":{"@context":"https:\/\/schema.org","@graph":[{"@type":"WebPage","@id":"https:\/\/secondskin.uy\/ozonify\/oportunidad-de-negocio\/","url":"https:\/\/secondskin.uy\/ozonify\/oportunidad-de-negocio\/","name":"Oportunidad de Negocio Ozonify | Generador de Agua Ozonizada","isPartOf":{"@id":"https:\/\/secondskin.uy\/ozonify\/#website"},"primaryImageOfPage":{"@id":"https:\/\/secondskin.uy\/ozonify\/oportunidad-de-negocio\/#primaryimage"},"image":{"@id":"https:\/\/secondskin.uy\/ozonify\/oportunidad-de-negocio\/#primaryimage"},"thumbnailUrl":"https:\/\/secondskin.uy\/ozonify\/wp-content\/uploads\/2021\/02\/LO-O-1.png","datePublished":"2025-03-28T20:09:33+00:00","dateModified":"2025-09-05T21:05:40+00:00","description":"Gener\u00e1 ingresos extra con Ozonify promoviendo el ozonizador de agua, sin jefes ni horarios. Distribuci\u00f3n flexible, sustentable y rentable.","breadcrumb":{"@id":"https:\/\/secondskin.uy\/ozonify\/oportunidad-de-negocio\/#breadcrumb"},"inLanguage":"es","potentialAction":[{"@type":"ReadAction","target":["https:\/\/secondskin.uy\/ozonify\/oportunidad-de-negocio\/"]}]},{"@type":"ImageObject","inLanguage":"es","@id":"https:\/\/secondskin.uy\/ozonify\/oportunidad-de-negocio\/#primaryimage","url":"https:\/\/secondskin.uy\/ozonify\/wp-content\/uploads\/2021\/02\/LO-O-1.png","contentUrl":"https:\/\/secondskin.uy\/ozonify\/wp-content\/uploads\/2021\/02\/LO-O-1.png","width":1061,"height":628,"caption":"Logo de Ozonify Uruguay, especialistas en agua y aire ozonizados para desinfecci\u00f3n segura."},{"@type":"BreadcrumbList","@id":"https:\/\/secondskin.uy\/ozonify\/oportunidad-de-negocio\/#breadcrumb","itemListElement":[{"@type":"ListItem","position":1,"name":"Inicio","item":"https:\/\/secondskin.uy\/ozonify\/"},{"@type":"ListItem","position":2,"name":"Oportunidad de Negocio"}]},{"@type":"WebSite","@id":"https:\/\/secondskin.uy\/ozonify\/#website","url":"https:\/\/secondskin.uy\/ozonify\/","name":"Ozonify Uruguay","description":"Generador de agua ozonizada Ozonify","publisher":{"@id":"https:\/\/secondskin.uy\/ozonify\/#organization"},"alternateName":"Ozonify","potentialAction":[{"@type":"SearchAction","target":{"@type":"EntryPoint","urlTemplate":"https:\/\/secondskin.uy\/ozonify\/?s={search_term_string}"},"query-input":{"@type":"PropertyValueSpecification","valueRequired":true,"valueName":"search_term_string"}}],"inLanguage":"es"},{"@type":"Organization","@id":"https:\/\/secondskin.uy\/ozonify\/#organization","name":"Ozonify Uruguay","alternateName":"Ozonify","url":"https:\/\/secondskin.uy\/ozonify\/","logo":{"@type":"ImageObject","inLanguage":"es","@id":"https:\/\/secondskin.uy\/ozonify\/#\/schema\/logo\/image\/","url":"https:\/\/secondskin.uy\/ozonify\/wp-content\/uploads\/2021\/02\/LO-O-1.png","contentUrl":"https:\/\/secondskin.uy\/ozonify\/wp-content\/uploads\/2021\/02\/LO-O-1.png","width":1061,"height":628,"caption":"Ozonify Uruguay"},"image":{"@id":"https:\/\/secondskin.uy\/ozonify\/#\/schema\/logo\/image\/"},"sameAs":["https:\/\/www.facebook.com\/Ozonifyhome\/","https:\/\/www.instagram.com\/ozonifyhome\/","https:\/\/www.youtube.com\/@ozonifyhome"]}]}},"_links":{"self":[{"href":"https:\/\/secondskin.uy\/ozonify\/wp-json\/wp\/v2\/pages\/5954","targetHints":{"allow":["GET"]}}],"collection":[{"href":"https:\/\/secondskin.uy\/ozonify\/wp-json\/wp\/v2\/pages"}],"about":[{"href":"https:\/\/secondskin.uy\/ozonify\/wp-json\/wp\/v2\/types\/page"}],"author":[{"embeddable":true,"href":"https:\/\/secondskin.uy\/ozonify\/wp-json\/wp\/v2\/users\/2"}],"replies":[{"embeddable":true,"href":"https:\/\/secondskin.uy\/ozonify\/wp-json\/wp\/v2\/comments?post=5954"}],"version-history":[{"count":0,"href":"https:\/\/secondskin.uy\/ozonify\/wp-json\/wp\/v2\/pages\/5954\/revisions"}],"wp:featuredmedia":[{"embeddable":true,"href":"https:\/\/secondskin.uy\/ozonify\/wp-json\/wp\/v2\/media\/5867"}],"wp:attachment":[{"href":"https:\/\/secondskin.uy\/ozonify\/wp-json\/wp\/v2\/media?parent=5954"}],"curies":[{"name":"wp","href":"https:\/\/api.w.org\/{rel}","templated":true}]}}