{"id":4945,"date":"2022-02-14T11:43:04","date_gmt":"2022-02-14T14:43:04","guid":{"rendered":"https:\/\/secondskin.uy\/ozonify\/?page_id=4945"},"modified":"2022-05-17T15:34:02","modified_gmt":"2022-05-17T18:34:02","slug":"paquete-vehicular-secondskin-diamond","status":"publish","type":"page","link":"https:\/\/secondskin.uy\/ozonify\/paquete-vehicular-secondskin-diamond\/","title":{"rendered":"PAQUETE VEHICULAR SECONDSKIN DIAMOND        &#8211; HASTA 5 A\u00d1OS &#8211;"},"content":{"rendered":"\t\t<div data-elementor-type=\"wp-page\" data-elementor-id=\"4945\" class=\"elementor elementor-4945\" data-elementor-post-type=\"page\">\n\t\t\t\t\t\t<section class=\"elementor-section elementor-top-section elementor-element elementor-element-7c776cfa elementor-section-boxed elementor-section-height-default elementor-section-height-default\" data-id=\"7c776cfa\" data-element_type=\"section\" data-e-type=\"section\">\n\t\t\t\t\t\t<div class=\"elementor-container elementor-column-gap-default\">\n\t\t\t\t\t<div class=\"elementor-column elementor-col-50 elementor-top-column elementor-element elementor-element-1c18e0a0\" data-id=\"1c18e0a0\" data-element_type=\"column\" data-e-type=\"column\" data-settings=\"{&quot;background_background&quot;:&quot;slideshow&quot;,&quot;background_slideshow_slide_duration&quot;:1000,&quot;background_slideshow_gallery&quot;:[],&quot;background_slideshow_loop&quot;:&quot;yes&quot;,&quot;background_slideshow_slide_transition&quot;:&quot;fade&quot;,&quot;background_slideshow_transition_duration&quot;:500}\">\n\t\t\t<div class=\"elementor-widget-wrap elementor-element-populated\">\n\t\t\t\t\t\t<div class=\"elementor-element elementor-element-45fd8a5 elementor-widget elementor-widget-image\" data-id=\"45fd8a5\" data-element_type=\"widget\" data-e-type=\"widget\" data-widget_type=\"image.default\">\n\t\t\t\t<div class=\"elementor-widget-container\">\n\t\t\t\t\t\t\t\t\t\t\t\t\t\t\t<img decoding=\"async\" src=\"https:\/\/secondskin.uy\/ozonify\/wp-content\/uploads\/2022\/02\/2-600x450.jpg\" title=\"\" alt=\"\" loading=\"lazy\" \/>\t\t\t\t\t\t\t\t\t\t\t\t\t\t\t<\/div>\n\t\t\t\t<\/div>\n\t\t\t\t<div class=\"elementor-element elementor-element-e991e80 gallery-spacing-custom elementor-widget elementor-widget-image-gallery\" data-id=\"e991e80\" data-element_type=\"widget\" data-e-type=\"widget\" data-widget_type=\"image-gallery.default\">\n\t\t\t\t<div class=\"elementor-widget-container\">\n\t\t\t\t\t\t\t<div class=\"elementor-image-gallery\">\n\t\t\t\n\t\t\t<style type='text\/css'>\n\t\t\t\t#gallery-1 {\n\t\t\t\t\tmargin: auto;\n\t\t\t\t}\n\t\t\t\t#gallery-1 .gallery-item {\n\t\t\t\t\tfloat: left;\n\t\t\t\t\tmargin-top: 10px;\n\t\t\t\t\ttext-align: center;\n\t\t\t\t\twidth: 25%;\n\t\t\t\t}\n\t\t\t\t#gallery-1 img {\n\t\t\t\t\tborder: 2px solid #cfcfcf;\n\t\t\t\t}\n\t\t\t\t#gallery-1 .gallery-caption {\n\t\t\t\t\tmargin-left: 0;\n\t\t\t\t}\n\t\t\t\t\/* see gallery_shortcode() in wp-includes\/media.php *\/\n\t\t\t<\/style>\n\t\t<div id='gallery-1' class='dt-gallery-container gallery galleryid-4945 gallery-columns-4 gallery-size-thumbnail'><dl class='gallery-item'>\n\t\t\t\t<dt class='gallery-icon portrait'>\n\t\t\t\t\t<a class=\"rollover rollover-zoom\" title=\"\"data-elementor-open-lightbox=\"yes\" data-elementor-lightbox-slideshow=\"e991e80\" data-e-action-hash=\"#elementor-action%3Aaction%3Dlightbox%26settings%3DeyJpZCI6NDkzMSwidXJsIjoiaHR0cHM6XC9cL3NlY29uZHNraW4udXlcL296b25pZnlcL3dwLWNvbnRlbnRcL3VwbG9hZHNcLzIwMjJcLzAyXC80LmpwZyIsInNsaWRlc2hvdyI6ImU5OTFlODAifQ%3D%3D\" href='https:\/\/secondskin.uy\/ozonify\/wp-content\/uploads\/2022\/02\/4.jpg'><img decoding=\"async\" width=\"150\" height=\"150\" src=\"https:\/\/secondskin.uy\/ozonify\/wp-content\/uploads\/2022\/02\/4-150x150.jpg\" class=\"attachment-thumbnail size-thumbnail\" alt=\"\" srcset=\"https:\/\/secondskin.uy\/ozonify\/wp-content\/uploads\/2022\/02\/4-150x150.jpg 150w, https:\/\/secondskin.uy\/ozonify\/wp-content\/uploads\/2022\/02\/4-200x200.jpg 200w\" sizes=\"(max-width: 150px) 100vw, 150px\" \/><\/a>\n\t\t\t\t<\/dt><\/dl><dl class='gallery-item'>\n\t\t\t\t<dt class='gallery-icon portrait'>\n\t\t\t\t\t<a class=\"rollover rollover-zoom\" title=\"\"data-elementor-open-lightbox=\"yes\" data-elementor-lightbox-slideshow=\"e991e80\" data-e-action-hash=\"#elementor-action%3Aaction%3Dlightbox%26settings%3DeyJpZCI6NDkzNCwidXJsIjoiaHR0cHM6XC9cL3NlY29uZHNraW4udXlcL296b25pZnlcL3dwLWNvbnRlbnRcL3VwbG9hZHNcLzIwMjJcLzAyXC83LmpwZyIsInNsaWRlc2hvdyI6ImU5OTFlODAifQ%3D%3D\" href='https:\/\/secondskin.uy\/ozonify\/wp-content\/uploads\/2022\/02\/7.jpg'><img decoding=\"async\" width=\"150\" height=\"150\" src=\"https:\/\/secondskin.uy\/ozonify\/wp-content\/uploads\/2022\/02\/7-150x150.jpg\" class=\"attachment-thumbnail size-thumbnail\" alt=\"\" srcset=\"https:\/\/secondskin.uy\/ozonify\/wp-content\/uploads\/2022\/02\/7-150x150.jpg 150w, https:\/\/secondskin.uy\/ozonify\/wp-content\/uploads\/2022\/02\/7-200x200.jpg 200w\" sizes=\"(max-width: 150px) 100vw, 150px\" \/><\/a>\n\t\t\t\t<\/dt><\/dl><dl class='gallery-item'>\n\t\t\t\t<dt class='gallery-icon landscape'>\n\t\t\t\t\t<a class=\"rollover rollover-zoom\" title=\"\"data-elementor-open-lightbox=\"yes\" data-elementor-lightbox-slideshow=\"e991e80\" data-e-action-hash=\"#elementor-action%3Aaction%3Dlightbox%26settings%3DeyJpZCI6NTE5NSwidXJsIjoiaHR0cHM6XC9cL3NlY29uZHNraW4udXlcL296b25pZnlcL3dwLWNvbnRlbnRcL3VwbG9hZHNcLzIwMjJcLzAyXC9pbWFnZTE2LmpwZWciLCJzbGlkZXNob3ciOiJlOTkxZTgwIn0%3D\" data-elementor-lightbox-title=\"image16\" href='https:\/\/secondskin.uy\/ozonify\/wp-content\/uploads\/2022\/02\/image16.jpeg'><img decoding=\"async\" width=\"150\" height=\"150\" src=\"https:\/\/secondskin.uy\/ozonify\/wp-content\/uploads\/2022\/02\/image16-150x150.jpeg\" class=\"attachment-thumbnail size-thumbnail\" alt=\"\" srcset=\"https:\/\/secondskin.uy\/ozonify\/wp-content\/uploads\/2022\/02\/image16-150x150.jpeg 150w, https:\/\/secondskin.uy\/ozonify\/wp-content\/uploads\/2022\/02\/image16-200x200.jpeg 200w\" sizes=\"(max-width: 150px) 100vw, 150px\" \/><\/a>\n\t\t\t\t<\/dt><\/dl><dl class='gallery-item'>\n\t\t\t\t<dt class='gallery-icon landscape'>\n\t\t\t\t\t<a class=\"rollover rollover-zoom\" title=\"\"data-elementor-open-lightbox=\"yes\" data-elementor-lightbox-slideshow=\"e991e80\" data-e-action-hash=\"#elementor-action%3Aaction%3Dlightbox%26settings%3DeyJpZCI6NTE5MywidXJsIjoiaHR0cHM6XC9cL3NlY29uZHNraW4udXlcL296b25pZnlcL3dwLWNvbnRlbnRcL3VwbG9hZHNcLzIwMjJcLzAyXC9pbWFnZTAtMS5qcGVnIiwic2xpZGVzaG93IjoiZTk5MWU4MCJ9\" data-elementor-lightbox-title=\"image0\" href='https:\/\/secondskin.uy\/ozonify\/wp-content\/uploads\/2022\/02\/image0-1.jpeg'><img loading=\"lazy\" decoding=\"async\" width=\"150\" height=\"150\" src=\"https:\/\/secondskin.uy\/ozonify\/wp-content\/uploads\/2022\/02\/image0-1-150x150.jpeg\" class=\"attachment-thumbnail size-thumbnail\" alt=\"\" srcset=\"https:\/\/secondskin.uy\/ozonify\/wp-content\/uploads\/2022\/02\/image0-1-150x150.jpeg 150w, https:\/\/secondskin.uy\/ozonify\/wp-content\/uploads\/2022\/02\/image0-1-200x200.jpeg 200w\" sizes=\"(max-width: 150px) 100vw, 150px\" \/><\/a>\n\t\t\t\t<\/dt><\/dl><br style=\"clear: both\" \/>\n\t\t\t<\/div>\n\t\t<\/div>\n\t\t\t\t\t\t<\/div>\n\t\t\t\t<\/div>\n\t\t\t\t\t<\/div>\n\t\t<\/div>\n\t\t\t\t<div class=\"elementor-column elementor-col-50 elementor-top-column elementor-element elementor-element-7f8a6ed2\" data-id=\"7f8a6ed2\" data-element_type=\"column\" data-e-type=\"column\" data-settings=\"{&quot;background_background&quot;:&quot;classic&quot;}\">\n\t\t\t<div class=\"elementor-widget-wrap elementor-element-populated\">\n\t\t\t\t\t\t<div class=\"elementor-element elementor-element-a7662fd elementor-widget elementor-widget-heading\" data-id=\"a7662fd\" data-element_type=\"widget\" data-e-type=\"widget\" data-widget_type=\"heading.default\">\n\t\t\t\t<div class=\"elementor-widget-container\">\n\t\t\t\t\t<h2 class=\"elementor-heading-title elementor-size-default\">COMPLETO PAQUETE VEHICULAR SECONDSKIN DIAMOND   -DURA  HASTA 5 A\u00d1OS -<\/h2>\t\t\t\t<\/div>\n\t\t\t\t<\/div>\n\t\t\t\t<div class=\"elementor-element elementor-element-052727d elementor-widget elementor-widget-heading\" data-id=\"052727d\" data-element_type=\"widget\" data-e-type=\"widget\" data-widget_type=\"heading.default\">\n\t\t\t\t<div class=\"elementor-widget-container\">\n\t\t\t\t\t<h2 class=\"elementor-heading-title elementor-size-default\"> <del>    $23.750 <\/del><br>    $1.585 x mes (12 meses)<\/h2>\t\t\t\t<\/div>\n\t\t\t\t<\/div>\n\t\t\t\t<div class=\"elementor-element elementor-element-11dc21c elementor-widget elementor-widget-text-editor\" data-id=\"11dc21c\" data-element_type=\"widget\" data-e-type=\"widget\" data-widget_type=\"text-editor.default\">\n\t\t\t\t<div class=\"elementor-widget-container\">\n\t\t\t\t\t\t\t\t\t<p style=\"text-align: center;\"><span style=\"font-size: 14pt;\">\u00a1El paquete de servicios mas completo y duradero del mercado, para tu veh\u00edculo!<\/span><\/p><ul><li>Pulido profesional con m\u00e1quina y productos de primer nivel<\/li><li>Lavado y descontaminaci\u00f3n de la pintura<\/li><li>Aplicaci\u00f3n de nuestra formula nanotecnol\u00f3gica SecondSkin DIAMOND<\/li><\/ul><p><span style=\"font-size: 14pt;\"><strong>GRATIS<\/strong><\/span><\/p><ul><li>Programa de BioSeguridad de 12 meses<\/li><li>Nanotecnolog\u00eda en las 4 llantas<\/li><li>Nanotecnolog\u00eda en todos los vidrios<\/li><li>Limpiador de auto ecol\u00f3gico SecondSkin, envase gatillo de 500ml<\/li><li>Pa\u00f1o de microfibra<\/li><li>Mantenimiento DIAMOND al 1er a\u00f1o<\/li><\/ul><p><strong><span style=\"font-size: 14pt;\">BENEFICIOS<\/span><\/strong><\/p><ul><li>Aumenta la intensidad del brillo de la pintura<\/li><li>Fuerte protecci\u00f3n contra rayas accidentales<\/li><li>Se ensucia mucho menos y el lavado puede ser solo con agua<\/li><li>Fuerte protecci\u00f3n contra rayos UV. El sol no desvanece el color<\/li><li>Anti graffiti. Pintura extra\u00f1a se retira simplemente con un pa\u00f1o humedecido con agua<\/li><li>Elimina ecol\u00f3gicamente virus y bacterias (99,99%)constantemente durante 12 meses, en todo el habit\u00e1culo interior incluido ductos de ventilaci\u00f3n. Controlamos con tecnolog\u00eda cada 3 meses.<\/li><li>Circulando a mas de 70 &#8211; 80 Km\/h las gotas de lluvia resbalan sobre el parabrisas haciendo innecesario el uso de las escobillas<\/li><li>Tanto los vidrios como las llantas ya no se ensuciaran tanto y la limpieza ser\u00e1 simplemente con un pa\u00f1o humedecido en agua<\/li><\/ul>\t\t\t\t\t\t\t\t<\/div>\n\t\t\t\t<\/div>\n\t\t\t\t<div class=\"elementor-element elementor-element-e153b62 elementor-align-center elementor-widget elementor-widget-button\" data-id=\"e153b62\" data-element_type=\"widget\" data-e-type=\"widget\" data-widget_type=\"button.default\">\n\t\t\t\t<div class=\"elementor-widget-container\">\n\t\t\t\t\t\t\t\t\t<div class=\"elementor-button-wrapper\">\n\t\t\t\t\t<a class=\"elementor-button elementor-button-link elementor-size-sm\" href=\"https:\/\/www.mercadopago.com.uy\/subscriptions\/checkout?preapproval_plan_id=2c9380847e9b1dd5017eb09563270856\">\n\t\t\t\t\t\t<span class=\"elementor-button-content-wrapper\">\n\t\t\t\t\t\t\t\t\t<span class=\"elementor-button-text\">COMPRAR AHORA<\/span>\n\t\t\t\t\t<\/span>\n\t\t\t\t\t<\/a>\n\t\t\t\t<\/div>\n\t\t\t\t\t\t\t\t<\/div>\n\t\t\t\t<\/div>\n\t\t\t\t<div class=\"elementor-element elementor-element-803e825 elementor-widget elementor-widget-text-editor\" data-id=\"803e825\" data-element_type=\"widget\" data-e-type=\"widget\" data-widget_type=\"text-editor.default\">\n\t\t\t\t<div class=\"elementor-widget-container\">\n\t\t\t\t\t\t\t\t\t<p>Haciendo click en el bot\u00f3n \u00abComprar Ahora\u00bb confirmas que leiste y est\u00e1s de acuerdo con las <a href=\"https:\/\/secondskin.uy\/ozonify\/contrato-de-polizas\/\">Condiciones Generales del Contrato de Servicio de P\u00f3lizas<\/a><\/p>\n<p><a href=\"https:\/\/secondskin.uy\/ozonify\/contrato-de-polizas\/\"><br>\n<\/a><\/p>\t\t\t\t\t\t\t\t<\/div>\n\t\t\t\t<\/div>\n\t\t\t\t\t<\/div>\n\t\t<\/div>\n\t\t\t\t\t<\/div>\n\t\t<\/section>\n\t\t\t\t<section class=\"elementor-section elementor-top-section elementor-element elementor-element-4bd528c elementor-section-boxed elementor-section-height-default elementor-section-height-default\" data-id=\"4bd528c\" data-element_type=\"section\" data-e-type=\"section\" data-settings=\"{&quot;background_background&quot;:&quot;classic&quot;}\">\n\t\t\t\t\t\t<div class=\"elementor-container elementor-column-gap-default\">\n\t\t\t\t\t<div class=\"elementor-column elementor-col-100 elementor-top-column elementor-element elementor-element-157cff3\" data-id=\"157cff3\" data-element_type=\"column\" data-e-type=\"column\" data-settings=\"{&quot;background_background&quot;:&quot;classic&quot;}\">\n\t\t\t<div class=\"elementor-widget-wrap elementor-element-populated\">\n\t\t\t\t\t\t<div class=\"elementor-element elementor-element-e0de2a0 elementor-widget elementor-widget-video\" data-id=\"e0de2a0\" data-element_type=\"widget\" data-e-type=\"widget\" data-settings=\"{&quot;youtube_url&quot;:&quot;https:\\\/\\\/www.youtube.com\\\/watch?v=miz0EnFGt-0&quot;,&quot;video_type&quot;:&quot;youtube&quot;,&quot;controls&quot;:&quot;yes&quot;}\" data-widget_type=\"video.default\">\n\t\t\t\t<div class=\"elementor-widget-container\">\n\t\t\t\t\t\t\t<div class=\"elementor-wrapper elementor-open-inline\">\n\t\t\t<div class=\"elementor-video\"><\/div>\t\t<\/div>\n\t\t\t\t\t\t<\/div>\n\t\t\t\t<\/div>\n\t\t\t\t\t<\/div>\n\t\t<\/div>\n\t\t\t\t\t<\/div>\n\t\t<\/section>\n\t\t\t\t<\/div>\n\t\t","protected":false},"excerpt":{"rendered":"<p>COMPLETO PAQUETE VEHICULAR SECONDSKIN DIAMOND -DURA HASTA 5 A\u00d1OS &#8211; $23.750 $1.585 x mes (12 meses) \u00a1El paquete de servicios mas completo y duradero del mercado, para tu veh\u00edculo! Pulido profesional con m\u00e1quina y productos de primer nivel Lavado y descontaminaci\u00f3n de la pintura Aplicaci\u00f3n de nuestra formula nanotecnol\u00f3gica SecondSkin DIAMOND GRATIS Programa de BioSeguridad&hellip;<\/p>\n","protected":false},"author":1,"featured_media":0,"parent":0,"menu_order":0,"comment_status":"closed","ping_status":"closed","template":"","meta":{"_joinchat":[],"footnotes":""},"class_list":["post-4945","page","type-page","status-publish","hentry"],"yoast_head":"<!-- This site is optimized with the Yoast SEO plugin v27.6 - https:\/\/yoast.com\/product\/yoast-seo-wordpress\/ -->\n<title>PAQUETE VEHICULAR SECONDSKIN DIAMOND    - HASTA 5 A\u00d1OS - | Ozonify Uruguay - Ozonify<\/title>\n<meta name=\"description\" content=\"COMPLETO PAQUETE VEHICULAR SECONDSKIN DIAMOND -DURA HASTA 5 A\u00d1OS - $23.750 $1.585 x mes (12 meses) \u00a1El paquete de servicios mas completo y duradero del\" \/>\n<meta name=\"robots\" content=\"index, follow, max-snippet:-1, max-image-preview:large, max-video-preview:-1\" \/>\n<link rel=\"canonical\" href=\"https:\/\/secondskin.uy\/ozonify\/paquete-vehicular-secondskin-diamond\/\" \/>\n<meta property=\"og:locale\" content=\"es_ES\" \/>\n<meta property=\"og:type\" content=\"article\" \/>\n<meta property=\"og:title\" content=\"PAQUETE VEHICULAR SECONDSKIN DIAMOND    - HASTA 5 A\u00d1OS - | Ozonify Uruguay - Ozonify\" \/>\n<meta property=\"og:description\" content=\"COMPLETO PAQUETE VEHICULAR SECONDSKIN DIAMOND -DURA HASTA 5 A\u00d1OS - $23.750 $1.585 x mes (12 meses) \u00a1El paquete de servicios mas completo y duradero del\" \/>\n<meta property=\"og:url\" content=\"https:\/\/secondskin.uy\/ozonify\/paquete-vehicular-secondskin-diamond\/\" \/>\n<meta property=\"og:site_name\" content=\"Ozonify\" \/>\n<meta property=\"article:publisher\" content=\"https:\/\/www.facebook.com\/Ozonifyhome\/\" \/>\n<meta property=\"article:modified_time\" content=\"2022-05-17T18:34:02+00:00\" \/>\n<meta property=\"og:image\" content=\"https:\/\/secondskin.uy\/ozonify\/wp-content\/uploads\/2022\/02\/2-600x450.jpg\" \/>\n<meta name=\"twitter:card\" content=\"summary_large_image\" \/>\n<meta name=\"twitter:label1\" content=\"Tiempo de lectura\" \/>\n\t<meta name=\"twitter:data1\" content=\"3 minutos\" \/>\n<!-- \/ Yoast SEO plugin. -->","yoast_head_json":{"title":"PAQUETE VEHICULAR SECONDSKIN DIAMOND    - HASTA 5 A\u00d1OS - | Ozonify Uruguay - Ozonify","description":"COMPLETO PAQUETE VEHICULAR SECONDSKIN DIAMOND -DURA HASTA 5 A\u00d1OS - $23.750 $1.585 x mes (12 meses) \u00a1El paquete de servicios mas completo y duradero del","robots":{"index":"index","follow":"follow","max-snippet":"max-snippet:-1","max-image-preview":"max-image-preview:large","max-video-preview":"max-video-preview:-1"},"canonical":"https:\/\/secondskin.uy\/ozonify\/paquete-vehicular-secondskin-diamond\/","og_locale":"es_ES","og_type":"article","og_title":"PAQUETE VEHICULAR SECONDSKIN DIAMOND    - HASTA 5 A\u00d1OS - | Ozonify Uruguay - Ozonify","og_description":"COMPLETO PAQUETE VEHICULAR SECONDSKIN DIAMOND -DURA HASTA 5 A\u00d1OS - $23.750 $1.585 x mes (12 meses) \u00a1El paquete de servicios mas completo y duradero del","og_url":"https:\/\/secondskin.uy\/ozonify\/paquete-vehicular-secondskin-diamond\/","og_site_name":"Ozonify","article_publisher":"https:\/\/www.facebook.com\/Ozonifyhome\/","article_modified_time":"2022-05-17T18:34:02+00:00","og_image":[{"url":"https:\/\/secondskin.uy\/ozonify\/wp-content\/uploads\/2022\/02\/2-600x450.jpg","type":"","width":"","height":""}],"twitter_card":"summary_large_image","twitter_misc":{"Tiempo de lectura":"3 minutos"},"schema":{"@context":"https:\/\/schema.org","@graph":[{"@type":"WebPage","@id":"https:\/\/secondskin.uy\/ozonify\/paquete-vehicular-secondskin-diamond\/","url":"https:\/\/secondskin.uy\/ozonify\/paquete-vehicular-secondskin-diamond\/","name":"PAQUETE VEHICULAR SECONDSKIN DIAMOND - HASTA 5 A\u00d1OS - | Ozonify Uruguay - Ozonify","isPartOf":{"@id":"https:\/\/secondskin.uy\/ozonify\/#website"},"primaryImageOfPage":{"@id":"https:\/\/secondskin.uy\/ozonify\/paquete-vehicular-secondskin-diamond\/#primaryimage"},"image":{"@id":"https:\/\/secondskin.uy\/ozonify\/paquete-vehicular-secondskin-diamond\/#primaryimage"},"thumbnailUrl":"https:\/\/secondskin.uy\/ozonify\/wp-content\/uploads\/2022\/02\/2-600x450.jpg","datePublished":"2022-02-14T14:43:04+00:00","dateModified":"2022-05-17T18:34:02+00:00","description":"COMPLETO PAQUETE VEHICULAR SECONDSKIN DIAMOND -DURA HASTA 5 A\u00d1OS - $23.750 $1.585 x mes (12 meses) \u00a1El paquete de servicios mas completo y duradero del","breadcrumb":{"@id":"https:\/\/secondskin.uy\/ozonify\/paquete-vehicular-secondskin-diamond\/#breadcrumb"},"inLanguage":"es","potentialAction":[{"@type":"ReadAction","target":["https:\/\/secondskin.uy\/ozonify\/paquete-vehicular-secondskin-diamond\/"]}]},{"@type":"ImageObject","inLanguage":"es","@id":"https:\/\/secondskin.uy\/ozonify\/paquete-vehicular-secondskin-diamond\/#primaryimage","url":"https:\/\/secondskin.uy\/ozonify\/wp-content\/uploads\/2022\/02\/2.jpg","contentUrl":"https:\/\/secondskin.uy\/ozonify\/wp-content\/uploads\/2022\/02\/2.jpg","width":1152,"height":2048},{"@type":"BreadcrumbList","@id":"https:\/\/secondskin.uy\/ozonify\/paquete-vehicular-secondskin-diamond\/#breadcrumb","itemListElement":[{"@type":"ListItem","position":1,"name":"Inicio","item":"https:\/\/secondskin.uy\/ozonify\/"},{"@type":"ListItem","position":2,"name":"PAQUETE VEHICULAR SECONDSKIN DIAMOND &#8211; HASTA 5 A\u00d1OS &#8211;"}]},{"@type":"WebSite","@id":"https:\/\/secondskin.uy\/ozonify\/#website","url":"https:\/\/secondskin.uy\/ozonify\/","name":"Ozonify Uruguay","description":"Generador de agua ozonizada Ozonify","publisher":{"@id":"https:\/\/secondskin.uy\/ozonify\/#organization"},"alternateName":"Ozonify","potentialAction":[{"@type":"SearchAction","target":{"@type":"EntryPoint","urlTemplate":"https:\/\/secondskin.uy\/ozonify\/?s={search_term_string}"},"query-input":{"@type":"PropertyValueSpecification","valueRequired":true,"valueName":"search_term_string"}}],"inLanguage":"es"},{"@type":"Organization","@id":"https:\/\/secondskin.uy\/ozonify\/#organization","name":"Ozonify Uruguay","alternateName":"Ozonify","url":"https:\/\/secondskin.uy\/ozonify\/","logo":{"@type":"ImageObject","inLanguage":"es","@id":"https:\/\/secondskin.uy\/ozonify\/#\/schema\/logo\/image\/","url":"https:\/\/secondskin.uy\/ozonify\/wp-content\/uploads\/2021\/02\/LO-O-1.png","contentUrl":"https:\/\/secondskin.uy\/ozonify\/wp-content\/uploads\/2021\/02\/LO-O-1.png","width":1061,"height":628,"caption":"Ozonify Uruguay"},"image":{"@id":"https:\/\/secondskin.uy\/ozonify\/#\/schema\/logo\/image\/"},"sameAs":["https:\/\/www.facebook.com\/Ozonifyhome\/","https:\/\/www.instagram.com\/ozonifyhome\/","https:\/\/www.youtube.com\/@ozonifyhome"]}]}},"_links":{"self":[{"href":"https:\/\/secondskin.uy\/ozonify\/wp-json\/wp\/v2\/pages\/4945","targetHints":{"allow":["GET"]}}],"collection":[{"href":"https:\/\/secondskin.uy\/ozonify\/wp-json\/wp\/v2\/pages"}],"about":[{"href":"https:\/\/secondskin.uy\/ozonify\/wp-json\/wp\/v2\/types\/page"}],"author":[{"embeddable":true,"href":"https:\/\/secondskin.uy\/ozonify\/wp-json\/wp\/v2\/users\/1"}],"replies":[{"embeddable":true,"href":"https:\/\/secondskin.uy\/ozonify\/wp-json\/wp\/v2\/comments?post=4945"}],"version-history":[{"count":0,"href":"https:\/\/secondskin.uy\/ozonify\/wp-json\/wp\/v2\/pages\/4945\/revisions"}],"wp:attachment":[{"href":"https:\/\/secondskin.uy\/ozonify\/wp-json\/wp\/v2\/media?parent=4945"}],"curies":[{"name":"wp","href":"https:\/\/api.w.org\/{rel}","templated":true}]}}