{"id":4695,"date":"2021-09-22T13:44:50","date_gmt":"2021-09-22T16:44:50","guid":{"rendered":"https:\/\/secondskin.uy\/ozonify\/?page_id=4695"},"modified":"2021-12-17T19:47:36","modified_gmt":"2021-12-17T22:47:36","slug":"nosotros","status":"publish","type":"page","link":"https:\/\/secondskin.uy\/ozonify\/nosotros\/","title":{"rendered":"Nosotros"},"content":{"rendered":"\t\t<div data-elementor-type=\"wp-page\" data-elementor-id=\"4695\" class=\"elementor elementor-4695\" data-elementor-post-type=\"page\">\n\t\t\t\t\t\t<section class=\"elementor-section elementor-top-section elementor-element elementor-element-ad379e1 elementor-section-full_width elementor-section-height-default elementor-section-height-default\" data-id=\"ad379e1\" data-element_type=\"section\" data-e-type=\"section\" id=\"aca pones\">\n\t\t\t\t\t\t<div class=\"elementor-container elementor-column-gap-default\">\n\t\t\t\t\t<div class=\"elementor-column elementor-col-50 elementor-top-column elementor-element elementor-element-eaef9ad\" data-id=\"eaef9ad\" data-element_type=\"column\" data-e-type=\"column\">\n\t\t\t<div class=\"elementor-widget-wrap elementor-element-populated\">\n\t\t\t\t\t\t<div class=\"elementor-element elementor-element-09b6efb elementor-widget elementor-widget-heading\" data-id=\"09b6efb\" data-element_type=\"widget\" data-e-type=\"widget\" data-widget_type=\"heading.default\">\n\t\t\t\t<div class=\"elementor-widget-container\">\n\t\t\t\t\t<h2 class=\"elementor-heading-title elementor-size-default\">\u00a1L\u00edderes en<br>nanotecnolog\u00eda!<\/h2>\t\t\t\t<\/div>\n\t\t\t\t<\/div>\n\t\t\t\t<div class=\"elementor-element elementor-element-8837ea1 elementor-widget elementor-widget-text-editor\" data-id=\"8837ea1\" data-element_type=\"widget\" data-e-type=\"widget\" data-widget_type=\"text-editor.default\">\n\t\t\t\t<div class=\"elementor-widget-container\">\n\t\t\t\t\t\t\t\t\t<p><span style=\"color: #000000;\"><b>Somos un equipo de profesionales que desde 2011 estamos innovando con nanotecnolog\u00eda<\/b><\/span> en el campo automotriz, n\u00e1utico, de construcci\u00f3n, electr\u00f3nico, de sanidad, entre otros.<\/p>\n<p>Trabajamos de la mano de cient\u00edficos de Estados Unidos y Europa para ofrecer productos y servicios que aprovechan los beneficios de la aplicaci\u00f3n de nano-part\u00edculas en diversas superficies, actuando como selladores hidrof\u00f3bicos, filtros de rayos UV, endurecedores y protectores de color.<\/p>\n<p>Adicionalmente, hemos incursionado recientemente en el \u00e1rea de la bioseguridad para aprovechar las propiedades antimicrobianas de estas tecnolog\u00edas, las \u00fanicas capaces de brindar una protecci\u00f3n\u00a0<span style=\"word-spacing: normal;\"><br \/>que perdura por meses.<\/span><\/p>\t\t\t\t\t\t\t\t<\/div>\n\t\t\t\t<\/div>\n\t\t\t\t<div class=\"elementor-element elementor-element-cfbb28f elementor-mobile-align-center elementor-hidden-mobile elementor-widget__width-auto elementor-invisible elementor-widget elementor-widget-button\" data-id=\"cfbb28f\" data-element_type=\"widget\" data-e-type=\"widget\" data-settings=\"{&quot;_animation&quot;:&quot;fadeIn&quot;}\" data-widget_type=\"button.default\">\n\t\t\t\t<div class=\"elementor-widget-container\">\n\t\t\t\t\t\t\t\t\t<div class=\"elementor-button-wrapper\">\n\t\t\t\t\t<a class=\"elementor-button elementor-button-link elementor-size-sm\" href=\"https:\/\/secondskin.uy\/ozonify\/contacto\">\n\t\t\t\t\t\t<span class=\"elementor-button-content-wrapper\">\n\t\t\t\t\t\t\t\t\t<span class=\"elementor-button-text\">Cont\u00e1ctanos<\/span>\n\t\t\t\t\t<\/span>\n\t\t\t\t\t<\/a>\n\t\t\t\t<\/div>\n\t\t\t\t\t\t\t\t<\/div>\n\t\t\t\t<\/div>\n\t\t\t\t<div class=\"elementor-element elementor-element-1fbd465 elementor-mobile-align-center elementor-hidden-mobile elementor-widget__width-auto elementor-invisible elementor-widget elementor-widget-button\" data-id=\"1fbd465\" data-element_type=\"widget\" data-e-type=\"widget\" data-settings=\"{&quot;_animation&quot;:&quot;fadeIn&quot;}\" data-widget_type=\"button.default\">\n\t\t\t\t<div class=\"elementor-widget-container\">\n\t\t\t\t\t\t\t\t\t<div class=\"elementor-button-wrapper\">\n\t\t\t\t\t<a class=\"elementor-button elementor-button-link elementor-size-sm\" href=\"https:\/\/secondskin.uy\/ozonify\/sucursales\">\n\t\t\t\t\t\t<span class=\"elementor-button-content-wrapper\">\n\t\t\t\t\t\t\t\t\t<span class=\"elementor-button-text\">Ver todas nuestras sucursales<\/span>\n\t\t\t\t\t<\/span>\n\t\t\t\t\t<\/a>\n\t\t\t\t<\/div>\n\t\t\t\t\t\t\t\t<\/div>\n\t\t\t\t<\/div>\n\t\t\t\t\t<\/div>\n\t\t<\/div>\n\t\t\t\t<div class=\"elementor-column elementor-col-50 elementor-top-column elementor-element elementor-element-259b808\" data-id=\"259b808\" data-element_type=\"column\" data-e-type=\"column\">\n\t\t\t<div class=\"elementor-widget-wrap elementor-element-populated\">\n\t\t\t\t\t\t<section class=\"elementor-section elementor-inner-section elementor-element elementor-element-13fb215 elementor-section-boxed elementor-section-height-default elementor-section-height-default\" data-id=\"13fb215\" data-element_type=\"section\" data-e-type=\"section\">\n\t\t\t\t\t\t<div class=\"elementor-container elementor-column-gap-default\">\n\t\t\t\t\t<div class=\"elementor-column elementor-col-50 elementor-inner-column elementor-element elementor-element-ccf9e52\" data-id=\"ccf9e52\" data-element_type=\"column\" data-e-type=\"column\">\n\t\t\t<div class=\"elementor-widget-wrap elementor-element-populated\">\n\t\t\t\t\t\t<div class=\"elementor-element elementor-element-adbcdbd elementor-widget elementor-widget-image\" data-id=\"adbcdbd\" data-element_type=\"widget\" data-e-type=\"widget\" data-widget_type=\"image.default\">\n\t\t\t\t<div class=\"elementor-widget-container\">\n\t\t\t\t\t\t\t\t\t\t\t\t\t\t\t<img fetchpriority=\"high\" decoding=\"async\" width=\"600\" height=\"600\" src=\"https:\/\/secondskin.uy\/ozonify\/wp-content\/uploads\/2021\/09\/gerardo-rozenblum.png\" class=\"attachment-large size-large wp-image-4698\" alt=\"\" srcset=\"https:\/\/secondskin.uy\/ozonify\/wp-content\/uploads\/2021\/09\/gerardo-rozenblum.png 600w, https:\/\/secondskin.uy\/ozonify\/wp-content\/uploads\/2021\/09\/gerardo-rozenblum-300x300.png 300w, https:\/\/secondskin.uy\/ozonify\/wp-content\/uploads\/2021\/09\/gerardo-rozenblum-150x150.png 150w, https:\/\/secondskin.uy\/ozonify\/wp-content\/uploads\/2021\/09\/gerardo-rozenblum-200x200.png 200w\" sizes=\"(max-width: 600px) 100vw, 600px\" \/>\t\t\t\t\t\t\t\t\t\t\t\t\t\t\t<\/div>\n\t\t\t\t<\/div>\n\t\t\t\t<div class=\"elementor-element elementor-element-583eff4 e-grid-align-left elementor-shape-rounded elementor-grid-0 elementor-widget elementor-widget-social-icons\" data-id=\"583eff4\" data-element_type=\"widget\" data-e-type=\"widget\" data-widget_type=\"social-icons.default\">\n\t\t\t\t<div class=\"elementor-widget-container\">\n\t\t\t\t\t\t\t<div class=\"elementor-social-icons-wrapper elementor-grid\">\n\t\t\t\t\t\t\t<span class=\"elementor-grid-item\">\n\t\t\t\t\t<a class=\"elementor-icon elementor-social-icon elementor-social-icon-linkedin elementor-animation-grow elementor-repeater-item-edb19d7\" href=\"https:\/\/www.linkedin.com\/in\/gerardo-rozenblum-1baa701a\/\" target=\"_blank\">\n\t\t\t\t\t\t<span class=\"elementor-screen-only\">Linkedin<\/span>\n\t\t\t\t\t\t<i aria-hidden=\"true\" class=\"fab fa-linkedin\"><\/i>\t\t\t\t\t<\/a>\n\t\t\t\t<\/span>\n\t\t\t\t\t<\/div>\n\t\t\t\t\t\t<\/div>\n\t\t\t\t<\/div>\n\t\t\t\t<div class=\"elementor-element elementor-element-bdbaad3 elementor-widget elementor-widget-heading\" data-id=\"bdbaad3\" data-element_type=\"widget\" data-e-type=\"widget\" data-widget_type=\"heading.default\">\n\t\t\t\t<div class=\"elementor-widget-container\">\n\t\t\t\t\t<h2 class=\"elementor-heading-title elementor-size-default\">GERARDO ROZENBLUM<\/h2>\t\t\t\t<\/div>\n\t\t\t\t<\/div>\n\t\t\t\t<div class=\"elementor-element elementor-element-264e442 elementor-widget elementor-widget-heading\" data-id=\"264e442\" data-element_type=\"widget\" data-e-type=\"widget\" data-widget_type=\"heading.default\">\n\t\t\t\t<div class=\"elementor-widget-container\">\n\t\t\t\t\t<h2 class=\"elementor-heading-title elementor-size-default\">CEO SecondSkin Internacional<\/h2>\t\t\t\t<\/div>\n\t\t\t\t<\/div>\n\t\t\t\t\t<\/div>\n\t\t<\/div>\n\t\t\t\t<div class=\"elementor-column elementor-col-50 elementor-inner-column elementor-element elementor-element-d173c97\" data-id=\"d173c97\" data-element_type=\"column\" data-e-type=\"column\">\n\t\t\t<div class=\"elementor-widget-wrap elementor-element-populated\">\n\t\t\t\t\t\t<div class=\"elementor-element elementor-element-3be781b elementor-widget elementor-widget-image\" data-id=\"3be781b\" data-element_type=\"widget\" data-e-type=\"widget\" data-widget_type=\"image.default\">\n\t\t\t\t<div class=\"elementor-widget-container\">\n\t\t\t\t\t\t\t\t\t\t\t\t\t\t\t<img decoding=\"async\" width=\"600\" height=\"600\" src=\"https:\/\/secondskin.uy\/ozonify\/wp-content\/uploads\/2021\/09\/leo-cordeiro.png\" class=\"attachment-large size-large wp-image-4699\" alt=\"\" srcset=\"https:\/\/secondskin.uy\/ozonify\/wp-content\/uploads\/2021\/09\/leo-cordeiro.png 600w, https:\/\/secondskin.uy\/ozonify\/wp-content\/uploads\/2021\/09\/leo-cordeiro-300x300.png 300w, https:\/\/secondskin.uy\/ozonify\/wp-content\/uploads\/2021\/09\/leo-cordeiro-150x150.png 150w, https:\/\/secondskin.uy\/ozonify\/wp-content\/uploads\/2021\/09\/leo-cordeiro-200x200.png 200w\" sizes=\"(max-width: 600px) 100vw, 600px\" \/>\t\t\t\t\t\t\t\t\t\t\t\t\t\t\t<\/div>\n\t\t\t\t<\/div>\n\t\t\t\t<div class=\"elementor-element elementor-element-a69ab4a e-grid-align-left elementor-shape-rounded elementor-grid-0 elementor-widget elementor-widget-social-icons\" data-id=\"a69ab4a\" data-element_type=\"widget\" data-e-type=\"widget\" data-widget_type=\"social-icons.default\">\n\t\t\t\t<div class=\"elementor-widget-container\">\n\t\t\t\t\t\t\t<div class=\"elementor-social-icons-wrapper elementor-grid\">\n\t\t\t\t\t\t\t<span class=\"elementor-grid-item\">\n\t\t\t\t\t<a class=\"elementor-icon elementor-social-icon elementor-social-icon-linkedin elementor-animation-grow elementor-repeater-item-edb19d7\" href=\"https:\/\/www.linkedin.com\/in\/leo-cordeiro-59b732125\/\" target=\"_blank\">\n\t\t\t\t\t\t<span class=\"elementor-screen-only\">Linkedin<\/span>\n\t\t\t\t\t\t<i aria-hidden=\"true\" class=\"fab fa-linkedin\"><\/i>\t\t\t\t\t<\/a>\n\t\t\t\t<\/span>\n\t\t\t\t\t<\/div>\n\t\t\t\t\t\t<\/div>\n\t\t\t\t<\/div>\n\t\t\t\t<div class=\"elementor-element elementor-element-9981eda elementor-widget elementor-widget-heading\" data-id=\"9981eda\" data-element_type=\"widget\" data-e-type=\"widget\" data-widget_type=\"heading.default\">\n\t\t\t\t<div class=\"elementor-widget-container\">\n\t\t\t\t\t<h2 class=\"elementor-heading-title elementor-size-default\">LEO CORDEIRO<\/h2>\t\t\t\t<\/div>\n\t\t\t\t<\/div>\n\t\t\t\t<div class=\"elementor-element elementor-element-052a883 elementor-widget elementor-widget-heading\" data-id=\"052a883\" data-element_type=\"widget\" data-e-type=\"widget\" data-widget_type=\"heading.default\">\n\t\t\t\t<div class=\"elementor-widget-container\">\n\t\t\t\t\t<h2 class=\"elementor-heading-title elementor-size-default\">CEO SecondSkin Uruguay<\/h2>\t\t\t\t<\/div>\n\t\t\t\t<\/div>\n\t\t\t\t\t<\/div>\n\t\t<\/div>\n\t\t\t\t\t<\/div>\n\t\t<\/section>\n\t\t\t\t<section class=\"elementor-section elementor-inner-section elementor-element elementor-element-3136454 elementor-section-boxed elementor-section-height-default elementor-section-height-default\" data-id=\"3136454\" data-element_type=\"section\" data-e-type=\"section\">\n\t\t\t\t\t\t<div class=\"elementor-container elementor-column-gap-default\">\n\t\t\t\t\t<div class=\"elementor-column elementor-col-50 elementor-inner-column elementor-element elementor-element-79cd662\" data-id=\"79cd662\" data-element_type=\"column\" data-e-type=\"column\">\n\t\t\t<div class=\"elementor-widget-wrap elementor-element-populated\">\n\t\t\t\t\t\t<div class=\"elementor-element elementor-element-8d394d2 elementor-widget elementor-widget-image\" data-id=\"8d394d2\" data-element_type=\"widget\" data-e-type=\"widget\" data-widget_type=\"image.default\">\n\t\t\t\t<div class=\"elementor-widget-container\">\n\t\t\t\t\t\t\t\t\t\t\t\t\t\t\t<img decoding=\"async\" width=\"600\" height=\"600\" src=\"https:\/\/secondskin.uy\/ozonify\/wp-content\/uploads\/2021\/09\/virginia-troya.png\" class=\"attachment-large size-large wp-image-4700\" alt=\"\" srcset=\"https:\/\/secondskin.uy\/ozonify\/wp-content\/uploads\/2021\/09\/virginia-troya.png 600w, https:\/\/secondskin.uy\/ozonify\/wp-content\/uploads\/2021\/09\/virginia-troya-300x300.png 300w, https:\/\/secondskin.uy\/ozonify\/wp-content\/uploads\/2021\/09\/virginia-troya-150x150.png 150w, https:\/\/secondskin.uy\/ozonify\/wp-content\/uploads\/2021\/09\/virginia-troya-200x200.png 200w\" sizes=\"(max-width: 600px) 100vw, 600px\" \/>\t\t\t\t\t\t\t\t\t\t\t\t\t\t\t<\/div>\n\t\t\t\t<\/div>\n\t\t\t\t<div class=\"elementor-element elementor-element-f38572a e-grid-align-left elementor-shape-rounded elementor-grid-0 elementor-widget elementor-widget-social-icons\" data-id=\"f38572a\" data-element_type=\"widget\" data-e-type=\"widget\" data-widget_type=\"social-icons.default\">\n\t\t\t\t<div class=\"elementor-widget-container\">\n\t\t\t\t\t\t\t<div class=\"elementor-social-icons-wrapper elementor-grid\">\n\t\t\t\t\t\t\t<span class=\"elementor-grid-item\">\n\t\t\t\t\t<a class=\"elementor-icon elementor-social-icon elementor-social-icon-linkedin elementor-animation-grow elementor-repeater-item-edb19d7\" href=\"https:\/\/www.linkedin.com\/in\/virginia-troya-de-cordeiro-42357a66\" target=\"_blank\">\n\t\t\t\t\t\t<span class=\"elementor-screen-only\">Linkedin<\/span>\n\t\t\t\t\t\t<i aria-hidden=\"true\" class=\"fab fa-linkedin\"><\/i>\t\t\t\t\t<\/a>\n\t\t\t\t<\/span>\n\t\t\t\t\t<\/div>\n\t\t\t\t\t\t<\/div>\n\t\t\t\t<\/div>\n\t\t\t\t<div class=\"elementor-element elementor-element-b851bd8 elementor-widget elementor-widget-heading\" data-id=\"b851bd8\" data-element_type=\"widget\" data-e-type=\"widget\" data-widget_type=\"heading.default\">\n\t\t\t\t<div class=\"elementor-widget-container\">\n\t\t\t\t\t<h2 class=\"elementor-heading-title elementor-size-default\">VIRGINIA TROYA<\/h2>\t\t\t\t<\/div>\n\t\t\t\t<\/div>\n\t\t\t\t<div class=\"elementor-element elementor-element-b6f309e elementor-widget elementor-widget-heading\" data-id=\"b6f309e\" data-element_type=\"widget\" data-e-type=\"widget\" data-widget_type=\"heading.default\">\n\t\t\t\t<div class=\"elementor-widget-container\">\n\t\t\t\t\t<h2 class=\"elementor-heading-title elementor-size-default\">CFO SecondSkin Uruguay<\/h2>\t\t\t\t<\/div>\n\t\t\t\t<\/div>\n\t\t\t\t\t<\/div>\n\t\t<\/div>\n\t\t\t\t<div class=\"elementor-column elementor-col-50 elementor-inner-column elementor-element elementor-element-2f084d8\" data-id=\"2f084d8\" data-element_type=\"column\" data-e-type=\"column\">\n\t\t\t<div class=\"elementor-widget-wrap elementor-element-populated\">\n\t\t\t\t\t\t<div class=\"elementor-element elementor-element-f76eb97 elementor-widget elementor-widget-image\" data-id=\"f76eb97\" data-element_type=\"widget\" data-e-type=\"widget\" data-widget_type=\"image.default\">\n\t\t\t\t<div class=\"elementor-widget-container\">\n\t\t\t\t\t\t\t\t\t\t\t\t\t\t\t<img loading=\"lazy\" decoding=\"async\" width=\"600\" height=\"600\" src=\"https:\/\/secondskin.uy\/ozonify\/wp-content\/uploads\/2021\/09\/cristian-freitas.png\" class=\"attachment-large size-large wp-image-4701\" alt=\"\" srcset=\"https:\/\/secondskin.uy\/ozonify\/wp-content\/uploads\/2021\/09\/cristian-freitas.png 600w, https:\/\/secondskin.uy\/ozonify\/wp-content\/uploads\/2021\/09\/cristian-freitas-300x300.png 300w, https:\/\/secondskin.uy\/ozonify\/wp-content\/uploads\/2021\/09\/cristian-freitas-150x150.png 150w, https:\/\/secondskin.uy\/ozonify\/wp-content\/uploads\/2021\/09\/cristian-freitas-200x200.png 200w\" sizes=\"(max-width: 600px) 100vw, 600px\" \/>\t\t\t\t\t\t\t\t\t\t\t\t\t\t\t<\/div>\n\t\t\t\t<\/div>\n\t\t\t\t<div class=\"elementor-element elementor-element-79597cb e-grid-align-left elementor-shape-rounded elementor-grid-0 elementor-widget elementor-widget-social-icons\" data-id=\"79597cb\" data-element_type=\"widget\" data-e-type=\"widget\" data-widget_type=\"social-icons.default\">\n\t\t\t\t<div class=\"elementor-widget-container\">\n\t\t\t\t\t\t\t<div class=\"elementor-social-icons-wrapper elementor-grid\">\n\t\t\t\t\t\t\t<span class=\"elementor-grid-item\">\n\t\t\t\t\t<a class=\"elementor-icon elementor-social-icon elementor-social-icon-linkedin elementor-animation-grow elementor-repeater-item-edb19d7\" href=\"https:\/\/www.linkedin.com\/in\/cristian-freitas-285232208\/\" target=\"_blank\">\n\t\t\t\t\t\t<span class=\"elementor-screen-only\">Linkedin<\/span>\n\t\t\t\t\t\t<i aria-hidden=\"true\" class=\"fab fa-linkedin\"><\/i>\t\t\t\t\t<\/a>\n\t\t\t\t<\/span>\n\t\t\t\t\t<\/div>\n\t\t\t\t\t\t<\/div>\n\t\t\t\t<\/div>\n\t\t\t\t<div class=\"elementor-element elementor-element-0b3d6ef elementor-widget elementor-widget-heading\" data-id=\"0b3d6ef\" data-element_type=\"widget\" data-e-type=\"widget\" data-widget_type=\"heading.default\">\n\t\t\t\t<div class=\"elementor-widget-container\">\n\t\t\t\t\t<h2 class=\"elementor-heading-title elementor-size-default\">CRISTIAN FREITAS<\/h2>\t\t\t\t<\/div>\n\t\t\t\t<\/div>\n\t\t\t\t<div class=\"elementor-element elementor-element-1ed513e elementor-widget elementor-widget-heading\" data-id=\"1ed513e\" data-element_type=\"widget\" data-e-type=\"widget\" data-widget_type=\"heading.default\">\n\t\t\t\t<div class=\"elementor-widget-container\">\n\t\t\t\t\t<h2 class=\"elementor-heading-title elementor-size-default\">Director Programa de Franquicias<\/h2>\t\t\t\t<\/div>\n\t\t\t\t<\/div>\n\t\t\t\t\t<\/div>\n\t\t<\/div>\n\t\t\t\t\t<\/div>\n\t\t<\/section>\n\t\t\t\t\t<\/div>\n\t\t<\/div>\n\t\t\t\t\t<\/div>\n\t\t<\/section>\n\t\t\t\t<section class=\"elementor-section elementor-top-section elementor-element elementor-element-23411a6 elementor-section-height-min-height elementor-hidden-desktop elementor-hidden-tablet elementor-section-boxed elementor-section-height-default elementor-section-items-middle\" data-id=\"23411a6\" data-element_type=\"section\" data-e-type=\"section\" data-settings=\"{&quot;background_background&quot;:&quot;classic&quot;}\">\n\t\t\t\t\t\t<div class=\"elementor-container elementor-column-gap-default\">\n\t\t\t\t\t<div class=\"elementor-column elementor-col-100 elementor-top-column elementor-element elementor-element-fa89fd3\" data-id=\"fa89fd3\" data-element_type=\"column\" data-e-type=\"column\">\n\t\t\t<div class=\"elementor-widget-wrap elementor-element-populated\">\n\t\t\t\t\t\t<div class=\"elementor-element elementor-element-d36d97f elementor-mobile-align-center elementor-invisible elementor-widget elementor-widget-button\" data-id=\"d36d97f\" data-element_type=\"widget\" data-e-type=\"widget\" data-settings=\"{&quot;_animation&quot;:&quot;fadeIn&quot;}\" data-widget_type=\"button.default\">\n\t\t\t\t<div class=\"elementor-widget-container\">\n\t\t\t\t\t\t\t\t\t<div class=\"elementor-button-wrapper\">\n\t\t\t\t\t<a class=\"elementor-button elementor-button-link elementor-size-sm\" href=\"https:\/\/secondskin.uy\/ozonify\/contacto\">\n\t\t\t\t\t\t<span class=\"elementor-button-content-wrapper\">\n\t\t\t\t\t\t\t\t\t<span class=\"elementor-button-text\">Cont\u00e1ctanos<\/span>\n\t\t\t\t\t<\/span>\n\t\t\t\t\t<\/a>\n\t\t\t\t<\/div>\n\t\t\t\t\t\t\t\t<\/div>\n\t\t\t\t<\/div>\n\t\t\t\t\t<\/div>\n\t\t<\/div>\n\t\t\t\t\t<\/div>\n\t\t<\/section>\n\t\t\t\t<\/div>\n\t\t","protected":false},"excerpt":{"rendered":"<p>\u00a1L\u00edderes ennanotecnolog\u00eda! Somos un equipo de profesionales que desde 2011 estamos innovando con nanotecnolog\u00eda en el campo automotriz, n\u00e1utico, de construcci\u00f3n, electr\u00f3nico, de sanidad, entre otros. Trabajamos de la mano de cient\u00edficos de Estados Unidos y Europa para ofrecer productos y servicios que aprovechan los beneficios de la aplicaci\u00f3n de nano-part\u00edculas en diversas superficies, actuando&hellip;<\/p>\n","protected":false},"author":1,"featured_media":0,"parent":0,"menu_order":0,"comment_status":"closed","ping_status":"closed","template":"","meta":{"_joinchat":[],"footnotes":""},"class_list":["post-4695","page","type-page","status-publish","hentry"],"yoast_head":"<!-- This site is optimized with the Yoast SEO plugin v27.6 - https:\/\/yoast.com\/product\/yoast-seo-wordpress\/ -->\n<title>Nosotros | Ozonify Uruguay - Ozonify<\/title>\n<meta name=\"description\" content=\"En SecondSkin investigamos, desarrollamos e innovamos dentro del campo de la nanotecnolog\u00eda desde 2011 buscando la excelencia constantemente\" \/>\n<meta name=\"robots\" content=\"index, follow, max-snippet:-1, max-image-preview:large, max-video-preview:-1\" \/>\n<link rel=\"canonical\" href=\"https:\/\/secondskin.uy\/ozonify\/nosotros\/\" \/>\n<meta property=\"og:locale\" content=\"es_ES\" \/>\n<meta property=\"og:type\" content=\"article\" \/>\n<meta property=\"og:title\" content=\"Nosotros | Ozonify Uruguay - Ozonify\" \/>\n<meta property=\"og:description\" content=\"En SecondSkin investigamos, desarrollamos e innovamos dentro del campo de la nanotecnolog\u00eda desde 2011 buscando la excelencia constantemente\" \/>\n<meta property=\"og:url\" content=\"https:\/\/secondskin.uy\/ozonify\/nosotros\/\" \/>\n<meta property=\"og:site_name\" content=\"Ozonify\" \/>\n<meta property=\"article:publisher\" content=\"https:\/\/www.facebook.com\/Ozonifyhome\/\" \/>\n<meta property=\"article:modified_time\" content=\"2021-12-17T22:47:36+00:00\" \/>\n<meta property=\"og:image\" content=\"https:\/\/secondskin.uy\/ozonify\/wp-content\/uploads\/2021\/09\/gerardo-rozenblum.png\" \/>\n<meta name=\"twitter:card\" content=\"summary_large_image\" \/>\n<meta name=\"twitter:label1\" content=\"Tiempo de lectura\" \/>\n\t<meta name=\"twitter:data1\" content=\"2 minutos\" \/>\n<!-- \/ Yoast SEO plugin. -->","yoast_head_json":{"title":"Nosotros | Ozonify Uruguay - Ozonify","description":"En SecondSkin investigamos, desarrollamos e innovamos dentro del campo de la nanotecnolog\u00eda desde 2011 buscando la excelencia constantemente","robots":{"index":"index","follow":"follow","max-snippet":"max-snippet:-1","max-image-preview":"max-image-preview:large","max-video-preview":"max-video-preview:-1"},"canonical":"https:\/\/secondskin.uy\/ozonify\/nosotros\/","og_locale":"es_ES","og_type":"article","og_title":"Nosotros | Ozonify Uruguay - Ozonify","og_description":"En SecondSkin investigamos, desarrollamos e innovamos dentro del campo de la nanotecnolog\u00eda desde 2011 buscando la excelencia constantemente","og_url":"https:\/\/secondskin.uy\/ozonify\/nosotros\/","og_site_name":"Ozonify","article_publisher":"https:\/\/www.facebook.com\/Ozonifyhome\/","article_modified_time":"2021-12-17T22:47:36+00:00","og_image":[{"url":"https:\/\/secondskin.uy\/ozonify\/wp-content\/uploads\/2021\/09\/gerardo-rozenblum.png","type":"","width":"","height":""}],"twitter_card":"summary_large_image","twitter_misc":{"Tiempo de lectura":"2 minutos"},"schema":{"@context":"https:\/\/schema.org","@graph":[{"@type":"WebPage","@id":"https:\/\/secondskin.uy\/ozonify\/nosotros\/","url":"https:\/\/secondskin.uy\/ozonify\/nosotros\/","name":"Nosotros | Ozonify Uruguay - Ozonify","isPartOf":{"@id":"https:\/\/secondskin.uy\/ozonify\/#website"},"primaryImageOfPage":{"@id":"https:\/\/secondskin.uy\/ozonify\/nosotros\/#primaryimage"},"image":{"@id":"https:\/\/secondskin.uy\/ozonify\/nosotros\/#primaryimage"},"thumbnailUrl":"https:\/\/secondskin.uy\/ozonify\/wp-content\/uploads\/2021\/09\/gerardo-rozenblum.png","datePublished":"2021-09-22T16:44:50+00:00","dateModified":"2021-12-17T22:47:36+00:00","description":"En SecondSkin investigamos, desarrollamos e innovamos dentro del campo de la nanotecnolog\u00eda desde 2011 buscando la excelencia constantemente","breadcrumb":{"@id":"https:\/\/secondskin.uy\/ozonify\/nosotros\/#breadcrumb"},"inLanguage":"es","potentialAction":[{"@type":"ReadAction","target":["https:\/\/secondskin.uy\/ozonify\/nosotros\/"]}]},{"@type":"ImageObject","inLanguage":"es","@id":"https:\/\/secondskin.uy\/ozonify\/nosotros\/#primaryimage","url":"https:\/\/secondskin.uy\/ozonify\/wp-content\/uploads\/2021\/09\/gerardo-rozenblum.png","contentUrl":"https:\/\/secondskin.uy\/ozonify\/wp-content\/uploads\/2021\/09\/gerardo-rozenblum.png","width":600,"height":600},{"@type":"BreadcrumbList","@id":"https:\/\/secondskin.uy\/ozonify\/nosotros\/#breadcrumb","itemListElement":[{"@type":"ListItem","position":1,"name":"Inicio","item":"https:\/\/secondskin.uy\/ozonify\/"},{"@type":"ListItem","position":2,"name":"Nosotros"}]},{"@type":"WebSite","@id":"https:\/\/secondskin.uy\/ozonify\/#website","url":"https:\/\/secondskin.uy\/ozonify\/","name":"Ozonify Uruguay","description":"Generador de agua ozonizada Ozonify","publisher":{"@id":"https:\/\/secondskin.uy\/ozonify\/#organization"},"alternateName":"Ozonify","potentialAction":[{"@type":"SearchAction","target":{"@type":"EntryPoint","urlTemplate":"https:\/\/secondskin.uy\/ozonify\/?s={search_term_string}"},"query-input":{"@type":"PropertyValueSpecification","valueRequired":true,"valueName":"search_term_string"}}],"inLanguage":"es"},{"@type":"Organization","@id":"https:\/\/secondskin.uy\/ozonify\/#organization","name":"Ozonify Uruguay","alternateName":"Ozonify","url":"https:\/\/secondskin.uy\/ozonify\/","logo":{"@type":"ImageObject","inLanguage":"es","@id":"https:\/\/secondskin.uy\/ozonify\/#\/schema\/logo\/image\/","url":"https:\/\/secondskin.uy\/ozonify\/wp-content\/uploads\/2021\/02\/LO-O-1.png","contentUrl":"https:\/\/secondskin.uy\/ozonify\/wp-content\/uploads\/2021\/02\/LO-O-1.png","width":1061,"height":628,"caption":"Ozonify Uruguay"},"image":{"@id":"https:\/\/secondskin.uy\/ozonify\/#\/schema\/logo\/image\/"},"sameAs":["https:\/\/www.facebook.com\/Ozonifyhome\/","https:\/\/www.instagram.com\/ozonifyhome\/","https:\/\/www.youtube.com\/@ozonifyhome"]}]}},"_links":{"self":[{"href":"https:\/\/secondskin.uy\/ozonify\/wp-json\/wp\/v2\/pages\/4695","targetHints":{"allow":["GET"]}}],"collection":[{"href":"https:\/\/secondskin.uy\/ozonify\/wp-json\/wp\/v2\/pages"}],"about":[{"href":"https:\/\/secondskin.uy\/ozonify\/wp-json\/wp\/v2\/types\/page"}],"author":[{"embeddable":true,"href":"https:\/\/secondskin.uy\/ozonify\/wp-json\/wp\/v2\/users\/1"}],"replies":[{"embeddable":true,"href":"https:\/\/secondskin.uy\/ozonify\/wp-json\/wp\/v2\/comments?post=4695"}],"version-history":[{"count":0,"href":"https:\/\/secondskin.uy\/ozonify\/wp-json\/wp\/v2\/pages\/4695\/revisions"}],"wp:attachment":[{"href":"https:\/\/secondskin.uy\/ozonify\/wp-json\/wp\/v2\/media?parent=4695"}],"curies":[{"name":"wp","href":"https:\/\/api.w.org\/{rel}","templated":true}]}}