{"id":3013,"date":"2021-02-26T18:42:56","date_gmt":"2021-02-26T21:42:56","guid":{"rendered":"https:\/\/secondskin.uy\/ozonify\/?page_id=3013"},"modified":"2021-08-30T16:08:15","modified_gmt":"2021-08-30T19:08:15","slug":"poliza-parabrisas-12-meses","status":"publish","type":"page","link":"https:\/\/secondskin.uy\/ozonify\/poliza-parabrisas-12-meses\/","title":{"rendered":"P\u00f3liza Parabrisas 12 meses"},"content":{"rendered":"\t\t<div data-elementor-type=\"wp-page\" data-elementor-id=\"3013\" class=\"elementor elementor-3013\" data-elementor-post-type=\"page\">\n\t\t\t\t\t\t<section class=\"elementor-section elementor-top-section elementor-element elementor-element-7c776cfa elementor-section-boxed elementor-section-height-default elementor-section-height-default\" data-id=\"7c776cfa\" data-element_type=\"section\" data-e-type=\"section\">\n\t\t\t\t\t\t<div class=\"elementor-container elementor-column-gap-default\">\n\t\t\t\t\t<div class=\"elementor-column elementor-col-50 elementor-top-column elementor-element elementor-element-1c18e0a0\" data-id=\"1c18e0a0\" data-element_type=\"column\" data-e-type=\"column\" data-settings=\"{&quot;background_background&quot;:&quot;classic&quot;}\">\n\t\t\t<div class=\"elementor-widget-wrap elementor-element-populated\">\n\t\t\t\t\t\t<div class=\"elementor-element elementor-element-4b6247f elementor-widget elementor-widget-spacer\" data-id=\"4b6247f\" data-element_type=\"widget\" data-e-type=\"widget\" data-widget_type=\"spacer.default\">\n\t\t\t\t<div class=\"elementor-widget-container\">\n\t\t\t\t\t\t\t<div class=\"elementor-spacer\">\n\t\t\t<div class=\"elementor-spacer-inner\"><\/div>\n\t\t<\/div>\n\t\t\t\t\t\t<\/div>\n\t\t\t\t<\/div>\n\t\t\t\t\t<\/div>\n\t\t<\/div>\n\t\t\t\t<div class=\"elementor-column elementor-col-50 elementor-top-column elementor-element elementor-element-7f8a6ed2\" data-id=\"7f8a6ed2\" data-element_type=\"column\" data-e-type=\"column\" data-settings=\"{&quot;background_background&quot;:&quot;classic&quot;}\">\n\t\t\t<div class=\"elementor-widget-wrap elementor-element-populated\">\n\t\t\t\t\t\t<div class=\"elementor-element elementor-element-a7662fd elementor-widget elementor-widget-heading\" data-id=\"a7662fd\" data-element_type=\"widget\" data-e-type=\"widget\" data-widget_type=\"heading.default\">\n\t\t\t\t<div class=\"elementor-widget-container\">\n\t\t\t\t\t<h2 class=\"elementor-heading-title elementor-size-default\">P\u00f3liza Parabrisas<\/h2>\t\t\t\t<\/div>\n\t\t\t\t<\/div>\n\t\t\t\t<div class=\"elementor-element elementor-element-052727d elementor-widget elementor-widget-heading\" data-id=\"052727d\" data-element_type=\"widget\" data-e-type=\"widget\" data-widget_type=\"heading.default\">\n\t\t\t\t<div class=\"elementor-widget-container\">\n\t\t\t\t\t<h2 class=\"elementor-heading-title elementor-size-default\">USD 2,50 x mes (12 meses)<\/h2>\t\t\t\t<\/div>\n\t\t\t\t<\/div>\n\t\t\t\t<div class=\"elementor-element elementor-element-11dc21c elementor-widget elementor-widget-text-editor\" data-id=\"11dc21c\" data-element_type=\"widget\" data-e-type=\"widget\" data-widget_type=\"text-editor.default\">\n\t\t\t\t<div class=\"elementor-widget-container\">\n\t\t\t\t\t\t\t\t\t<p>Mantenemos tu parabrisas nanoprotegido durante 12 meses para que puedas manejar con mayor seguridad. La lluvia solo se formara como gotas sobre el vidrio permiti\u00e9ndote mantener una visibilidad perfecta d\u00eda y noche. Bajo fuerte tormenta se comporta mejor, disminuye la necesidad de usar limpia parabrisas circulando a velocidades de 80 Km\/h o m\u00e1s. Si en cualquier momento de los 12 meses sent\u00eds disminuci\u00f3n del efecto prometido, nos visitas y re aplicamos la nanotecnolog\u00eda sin ning\u00fan costo extra.<\/p>\t\t\t\t\t\t\t\t<\/div>\n\t\t\t\t<\/div>\n\t\t\t\t<div class=\"elementor-element elementor-element-7f3c180 elementor-widget elementor-widget-html\" data-id=\"7f3c180\" data-element_type=\"widget\" data-e-type=\"widget\" data-widget_type=\"html.default\">\n\t\t\t\t<div class=\"elementor-widget-container\">\n\t\t\t\t\t<center><form action=\"https:\/\/www.paypal.com\/cgi-bin\/webscr\" method=\"post\" target=\"_top\">\n<input type=\"hidden\" name=\"cmd\" value=\"_s-xclick\">\n<input type=\"hidden\" name=\"hosted_button_id\" value=\"6F7UBY355LY62\">\n<input type=\"image\" src=\"https:\/\/www.paypalobjects.com\/en_US\/i\/btn\/btn_subscribeCC_LG.gif\" border=\"0\" name=\"submit\" alt=\"PayPal - The safer, easier way to pay online!\">\n<img decoding=\"async\" alt=\"\" border=\"0\" src=\"https:\/\/www.paypalobjects.com\/en_US\/i\/scr\/pixel.gif\" width=\"1\" height=\"1\">\n<\/form><\/center>\t\t\t\t<\/div>\n\t\t\t\t<\/div>\n\t\t\t\t<div class=\"elementor-element elementor-element-4312eed elementor-widget elementor-widget-text-editor\" data-id=\"4312eed\" data-element_type=\"widget\" data-e-type=\"widget\" data-widget_type=\"text-editor.default\">\n\t\t\t\t<div class=\"elementor-widget-container\">\n\t\t\t\t\t\t\t\t\t<p>Haciendo click en el bot\u00f3n \u00abSubscribe\u00bb confirmas que leiste y est\u00e1s de acuerdo con las <a href=\"https:\/\/secondskin.uy\/ozonify\/contrato-de-polizas\/\">Condiciones Generales del Contrato de Servicio de P\u00f3lizas<\/a><\/p><a href=\"https:\/\/secondskin.uy\/ozonify\/contrato-de-polizas\/\">\n<\/a>\t\t\t\t\t\t\t\t<\/div>\n\t\t\t\t<\/div>\n\t\t\t\t\t<\/div>\n\t\t<\/div>\n\t\t\t\t\t<\/div>\n\t\t<\/section>\n\t\t\t\t<section class=\"elementor-section elementor-top-section elementor-element elementor-element-4bd528c elementor-section-boxed elementor-section-height-default elementor-section-height-default\" data-id=\"4bd528c\" data-element_type=\"section\" data-e-type=\"section\" data-settings=\"{&quot;background_background&quot;:&quot;classic&quot;}\">\n\t\t\t\t\t\t<div class=\"elementor-container elementor-column-gap-default\">\n\t\t\t\t\t<div class=\"elementor-column elementor-col-100 elementor-top-column elementor-element elementor-element-157cff3\" data-id=\"157cff3\" data-element_type=\"column\" data-e-type=\"column\" data-settings=\"{&quot;background_background&quot;:&quot;classic&quot;}\">\n\t\t\t<div class=\"elementor-widget-wrap elementor-element-populated\">\n\t\t\t\t\t\t<section class=\"elementor-section elementor-inner-section elementor-element elementor-element-e9ddcd1 elementor-section-boxed elementor-section-height-default elementor-section-height-default\" data-id=\"e9ddcd1\" data-element_type=\"section\" data-e-type=\"section\">\n\t\t\t\t\t\t<div class=\"elementor-container elementor-column-gap-wide\">\n\t\t\t\t\t<div class=\"elementor-column elementor-col-100 elementor-inner-column elementor-element elementor-element-18cc2740\" data-id=\"18cc2740\" data-element_type=\"column\" data-e-type=\"column\">\n\t\t\t<div class=\"elementor-widget-wrap elementor-element-populated\">\n\t\t\t\t\t\t<div class=\"elementor-element elementor-element-e4519b7 elementor-widget elementor-widget-video\" data-id=\"e4519b7\" data-element_type=\"widget\" data-e-type=\"widget\" data-settings=\"{&quot;youtube_url&quot;:&quot;https:\\\/\\\/youtu.be\\\/G5xf61Z8d_k&quot;,&quot;video_type&quot;:&quot;youtube&quot;,&quot;controls&quot;:&quot;yes&quot;}\" data-widget_type=\"video.default\">\n\t\t\t\t<div class=\"elementor-widget-container\">\n\t\t\t\t\t\t\t<div class=\"elementor-wrapper elementor-open-inline\">\n\t\t\t<div class=\"elementor-video\"><\/div>\t\t<\/div>\n\t\t\t\t\t\t<\/div>\n\t\t\t\t<\/div>\n\t\t\t\t\t<\/div>\n\t\t<\/div>\n\t\t\t\t\t<\/div>\n\t\t<\/section>\n\t\t\t\t\t<\/div>\n\t\t<\/div>\n\t\t\t\t\t<\/div>\n\t\t<\/section>\n\t\t\t\t<\/div>\n\t\t","protected":false},"excerpt":{"rendered":"<p>P\u00f3liza Parabrisas USD 2,50 x mes (12 meses) Mantenemos tu parabrisas nanoprotegido durante 12 meses para que puedas manejar con mayor seguridad. La lluvia solo se formara como gotas sobre el vidrio permiti\u00e9ndote mantener una visibilidad perfecta d\u00eda y noche. Bajo fuerte tormenta se comporta mejor, disminuye la necesidad de usar limpia parabrisas circulando a&hellip;<\/p>\n","protected":false},"author":1,"featured_media":0,"parent":0,"menu_order":0,"comment_status":"closed","ping_status":"closed","template":"","meta":{"_joinchat":[],"footnotes":""},"class_list":["post-3013","page","type-page","status-publish","hentry"],"yoast_head":"<!-- This site is optimized with the Yoast SEO plugin v27.6 - https:\/\/yoast.com\/product\/yoast-seo-wordpress\/ -->\n<title>P\u00f3liza Parabrisas 12 meses | Ozonify Uruguay - Ozonify<\/title>\n<meta name=\"description\" content=\"P\u00f3liza Parabrisas USD 2,50 x mes (12 meses) Mantenemos tu parabrisas nanoprotegido durante 12 meses para que puedas manejar con mayor seguridad. La lluvia\" \/>\n<meta name=\"robots\" content=\"index, follow, max-snippet:-1, max-image-preview:large, max-video-preview:-1\" \/>\n<link rel=\"canonical\" href=\"https:\/\/secondskin.uy\/ozonify\/poliza-parabrisas-12-meses\/\" \/>\n<meta property=\"og:locale\" content=\"es_ES\" \/>\n<meta property=\"og:type\" content=\"article\" \/>\n<meta property=\"og:title\" content=\"P\u00f3liza Parabrisas 12 meses | Ozonify Uruguay - Ozonify\" \/>\n<meta property=\"og:description\" content=\"P\u00f3liza Parabrisas USD 2,50 x mes (12 meses) Mantenemos tu parabrisas nanoprotegido durante 12 meses para que puedas manejar con mayor seguridad. La lluvia\" \/>\n<meta property=\"og:url\" content=\"https:\/\/secondskin.uy\/ozonify\/poliza-parabrisas-12-meses\/\" \/>\n<meta property=\"og:site_name\" content=\"Ozonify\" \/>\n<meta property=\"article:publisher\" content=\"https:\/\/www.facebook.com\/Ozonifyhome\/\" \/>\n<meta property=\"article:modified_time\" content=\"2021-08-30T19:08:15+00:00\" \/>\n<meta property=\"og:image\" content=\"https:\/\/www.paypalobjects.com\/en_US\/i\/scr\/pixel.gif\" \/>\n<meta name=\"twitter:card\" content=\"summary_large_image\" \/>\n<meta name=\"twitter:label1\" content=\"Tiempo de lectura\" \/>\n\t<meta name=\"twitter:data1\" content=\"1 minuto\" \/>\n<!-- \/ Yoast SEO plugin. -->","yoast_head_json":{"title":"P\u00f3liza Parabrisas 12 meses | Ozonify Uruguay - Ozonify","description":"P\u00f3liza Parabrisas USD 2,50 x mes (12 meses) Mantenemos tu parabrisas nanoprotegido durante 12 meses para que puedas manejar con mayor seguridad. La lluvia","robots":{"index":"index","follow":"follow","max-snippet":"max-snippet:-1","max-image-preview":"max-image-preview:large","max-video-preview":"max-video-preview:-1"},"canonical":"https:\/\/secondskin.uy\/ozonify\/poliza-parabrisas-12-meses\/","og_locale":"es_ES","og_type":"article","og_title":"P\u00f3liza Parabrisas 12 meses | Ozonify Uruguay - Ozonify","og_description":"P\u00f3liza Parabrisas USD 2,50 x mes (12 meses) Mantenemos tu parabrisas nanoprotegido durante 12 meses para que puedas manejar con mayor seguridad. La lluvia","og_url":"https:\/\/secondskin.uy\/ozonify\/poliza-parabrisas-12-meses\/","og_site_name":"Ozonify","article_publisher":"https:\/\/www.facebook.com\/Ozonifyhome\/","article_modified_time":"2021-08-30T19:08:15+00:00","og_image":[{"url":"https:\/\/www.paypalobjects.com\/en_US\/i\/scr\/pixel.gif","type":"","width":"","height":""}],"twitter_card":"summary_large_image","twitter_misc":{"Tiempo de lectura":"1 minuto"},"schema":{"@context":"https:\/\/schema.org","@graph":[{"@type":"WebPage","@id":"https:\/\/secondskin.uy\/ozonify\/poliza-parabrisas-12-meses\/","url":"https:\/\/secondskin.uy\/ozonify\/poliza-parabrisas-12-meses\/","name":"P\u00f3liza Parabrisas 12 meses | Ozonify Uruguay - Ozonify","isPartOf":{"@id":"https:\/\/secondskin.uy\/ozonify\/#website"},"primaryImageOfPage":{"@id":"https:\/\/secondskin.uy\/ozonify\/poliza-parabrisas-12-meses\/#primaryimage"},"image":{"@id":"https:\/\/secondskin.uy\/ozonify\/poliza-parabrisas-12-meses\/#primaryimage"},"thumbnailUrl":"https:\/\/www.paypalobjects.com\/en_US\/i\/scr\/pixel.gif","datePublished":"2021-02-26T21:42:56+00:00","dateModified":"2021-08-30T19:08:15+00:00","description":"P\u00f3liza Parabrisas USD 2,50 x mes (12 meses) Mantenemos tu parabrisas nanoprotegido durante 12 meses para que puedas manejar con mayor seguridad. La lluvia","breadcrumb":{"@id":"https:\/\/secondskin.uy\/ozonify\/poliza-parabrisas-12-meses\/#breadcrumb"},"inLanguage":"es","potentialAction":[{"@type":"ReadAction","target":["https:\/\/secondskin.uy\/ozonify\/poliza-parabrisas-12-meses\/"]}]},{"@type":"ImageObject","inLanguage":"es","@id":"https:\/\/secondskin.uy\/ozonify\/poliza-parabrisas-12-meses\/#primaryimage","url":"https:\/\/www.paypalobjects.com\/en_US\/i\/scr\/pixel.gif","contentUrl":"https:\/\/www.paypalobjects.com\/en_US\/i\/scr\/pixel.gif"},{"@type":"BreadcrumbList","@id":"https:\/\/secondskin.uy\/ozonify\/poliza-parabrisas-12-meses\/#breadcrumb","itemListElement":[{"@type":"ListItem","position":1,"name":"Inicio","item":"https:\/\/secondskin.uy\/ozonify\/"},{"@type":"ListItem","position":2,"name":"P\u00f3liza Parabrisas 12 meses"}]},{"@type":"WebSite","@id":"https:\/\/secondskin.uy\/ozonify\/#website","url":"https:\/\/secondskin.uy\/ozonify\/","name":"Ozonify Uruguay","description":"Generador de agua ozonizada Ozonify","publisher":{"@id":"https:\/\/secondskin.uy\/ozonify\/#organization"},"alternateName":"Ozonify","potentialAction":[{"@type":"SearchAction","target":{"@type":"EntryPoint","urlTemplate":"https:\/\/secondskin.uy\/ozonify\/?s={search_term_string}"},"query-input":{"@type":"PropertyValueSpecification","valueRequired":true,"valueName":"search_term_string"}}],"inLanguage":"es"},{"@type":"Organization","@id":"https:\/\/secondskin.uy\/ozonify\/#organization","name":"Ozonify Uruguay","alternateName":"Ozonify","url":"https:\/\/secondskin.uy\/ozonify\/","logo":{"@type":"ImageObject","inLanguage":"es","@id":"https:\/\/secondskin.uy\/ozonify\/#\/schema\/logo\/image\/","url":"https:\/\/secondskin.uy\/ozonify\/wp-content\/uploads\/2021\/02\/LO-O-1.png","contentUrl":"https:\/\/secondskin.uy\/ozonify\/wp-content\/uploads\/2021\/02\/LO-O-1.png","width":1061,"height":628,"caption":"Ozonify Uruguay"},"image":{"@id":"https:\/\/secondskin.uy\/ozonify\/#\/schema\/logo\/image\/"},"sameAs":["https:\/\/www.facebook.com\/Ozonifyhome\/","https:\/\/www.instagram.com\/ozonifyhome\/","https:\/\/www.youtube.com\/@ozonifyhome"]}]}},"_links":{"self":[{"href":"https:\/\/secondskin.uy\/ozonify\/wp-json\/wp\/v2\/pages\/3013","targetHints":{"allow":["GET"]}}],"collection":[{"href":"https:\/\/secondskin.uy\/ozonify\/wp-json\/wp\/v2\/pages"}],"about":[{"href":"https:\/\/secondskin.uy\/ozonify\/wp-json\/wp\/v2\/types\/page"}],"author":[{"embeddable":true,"href":"https:\/\/secondskin.uy\/ozonify\/wp-json\/wp\/v2\/users\/1"}],"replies":[{"embeddable":true,"href":"https:\/\/secondskin.uy\/ozonify\/wp-json\/wp\/v2\/comments?post=3013"}],"version-history":[{"count":0,"href":"https:\/\/secondskin.uy\/ozonify\/wp-json\/wp\/v2\/pages\/3013\/revisions"}],"wp:attachment":[{"href":"https:\/\/secondskin.uy\/ozonify\/wp-json\/wp\/v2\/media?parent=3013"}],"curies":[{"name":"wp","href":"https:\/\/api.w.org\/{rel}","templated":true}]}}